{"id":15737,"date":"2019-05-13T11:04:36","date_gmt":"2019-05-13T09:04:36","guid":{"rendered":"http:\/\/naturalezayarte.thefanworld.com\/?page_id=15737"},"modified":"2019-11-12T12:49:15","modified_gmt":"2019-11-12T11:49:15","slug":"garden-architecture","status":"publish","type":"page","link":"http:\/\/naturalezayarte.thefanworld.com\/de\/garden-architecture\/","title":{"rendered":"Gartenarchitektur"},"content":{"rendered":"<p>Unter Landschaftsarchitektur versteht man das Entwerfen, die Planung und Umgestaltung von nicht bebautem Raum. Dazu geh\u00f6ren s\u00e4mtliche Au\u00dfenr\u00e4ume, im Wesentlichen Parks, Sportpl\u00e4tze und Freizeitanlagen, \u00f6ffentliche Pl\u00e4tze und G\u00e4rten, aber auch andere Freifl\u00e4chen im l\u00e4ndlichen und urbanen Raum. Die aktuelle Landschaftsarchitektur definiert sich selbst als \u00e4sthetisch-k\u00fcnstlerische Disziplin auf naturwissenschaftlich-technischer Grundlage, deren zentrales Ziel es ist, \u00f6kologisch und sozial intakte Lebensumwelten zu schaffenIm urbanen Zusammenhang wird mitunter der Begriff der \u201eFreiraumplanung\u201d als synonym zu \u201eLandschaftsarchitektur in der Stadt\u201c verwendet. Freiraumplanung bem\u00fcht sich auf allen f\u00fcr den\u00a0Siedlungsbereich\u00a0wichtigen Ebenen der r\u00e4umlichen Planung auch um ein ausgewogenes Verh\u00e4ltnis von\u00a0Siedlungsfl\u00e4chen\u00a0und\u00a0Freir\u00e4umen. Ihre gesetzliche Aufgabe wird durch die Ziele der Raumordnung und der Bauleitplanung unter Ber\u00fccksichtigung des Natur- und Umweltschutzes begr\u00fcndet.<\/p>\n<p>Historisch beruht die Landschaftsarchitektur auf der st\u00e4dtischen Gr\u00fcnplanung (k\u00fcnstlerischer St\u00e4dtebau und rationalistische Stadtplanung) und der regionalen Landschaftsentwicklung (Landesversch\u00f6nerung und Landschaftsplanung).<br \/>\nIm Unterschied zur\u00a0Architektur\u00a0sind die raumbildenden Elemente der Landschaftsarchitektur Pflanzen, Bel\u00e4ge, Oberfl\u00e4chen, Hecken, Mauern, etc. Landschaftsarchitektonische R\u00e4ume ver\u00e4ndern sich durch den Einsatz von dynamischer Vegetation st\u00e4ndig und sind im Gegensatz zu architektonischen R\u00e4umen nie \u201efertig\u201c oder in ihrer Entwicklung abgeschlossen.<\/p>\n<p>Der deutsche Landschaftsarchitekt Stefan Meier hat G\u00e4rten und Parkanlagen in verschiedenen europ\u00e4ischen L\u00e4ndern entworfen. Seit 2007 arbeitet er haupts\u00e4chlich zwischen Ibiza , Spanien und Genua, Italien .<\/p>\n<p>In Ibiza betreibt er sein Unternehmen NATURALEZAYARTE , entwirft und baut Gartenanlagen.<\/p>\n<p>In Genua ist er Partner von PLAIN GREEN , einer Gruppe von Architekten und Spezialisten f\u00fcr \u00f6kologisches Bauen, angef\u00fchrt vom Architekten Paolo Lanfranconi , Bezirksleiter f\u00fcr Ligurien CASA CLIMA. In PLAIN GREEN Stefan Meier ist verantwortlich f\u00fcr die Garten- und Landschaftsplanung, gr\u00fcnen Fassaden, Dachg\u00e4rten und biologische Wasseraufbereitung.<\/p>\n<p>Er ist Spezialist f\u00fcr<\/p>\n<p>Naturpools \/ Schwimmteiche , Vorstandsmitglied des Iberischen Schwimmteich Hauptverbandes ( Grupo Iberico de Aguas de Ba\u00f1o Naturalizadas GIABN )<\/p>\n<p>Vertikale G\u00e4rten\/ Gr\u00fcne W\u00e4nde<\/p>\n<p>mediterranen Dachg\u00e4rten und<\/p>\n<p>biologische Abwasser-Recycling<\/p>","protected":false},"excerpt":{"rendered":"<p>Unter Landschaftsarchitektur versteht man das Entwerfen, die Planung und Umgestaltung von nicht bebautem Raum. Dazu geh\u00f6ren s\u00e4mtliche Au\u00dfenr\u00e4ume, im Wesentlichen Parks, Sportpl\u00e4tze und Freizeitanlagen, \u00f6ffentliche Pl\u00e4tze und G\u00e4rten, aber auch andere Freifl\u00e4chen im l\u00e4ndlichen und urbanen Raum. Die aktuelle Landschaftsarchitektur definiert sich selbst als \u00e4sthetisch-k\u00fcnstlerische Disziplin auf naturwissenschaftlich-technischer Grundlage, deren zentrales Ziel es ist, \u00f6kologisch [&hellip;]<\/p>\n","protected":false},"author":1,"featured_media":0,"parent":0,"menu_order":0,"comment_status":"closed","ping_status":"closed","template":"","meta":[],"_links":{"self":[{"href":"http:\/\/naturalezayarte.thefanworld.com\/de\/wp-json\/wp\/v2\/pages\/15737"}],"collection":[{"href":"http:\/\/naturalezayarte.thefanworld.com\/de\/wp-json\/wp\/v2\/pages"}],"about":[{"href":"http:\/\/naturalezayarte.thefanworld.com\/de\/wp-json\/wp\/v2\/types\/page"}],"author":[{"embeddable":true,"href":"http:\/\/naturalezayarte.thefanworld.com\/de\/wp-json\/wp\/v2\/users\/1"}],"replies":[{"embeddable":true,"href":"http:\/\/naturalezayarte.thefanworld.com\/de\/wp-json\/wp\/v2\/comments?post=15737"}],"version-history":[{"count":4,"href":"http:\/\/naturalezayarte.thefanworld.com\/de\/wp-json\/wp\/v2\/pages\/15737\/revisions"}],"predecessor-version":[{"id":15914,"href":"http:\/\/naturalezayarte.thefanworld.com\/de\/wp-json\/wp\/v2\/pages\/15737\/revisions\/15914"}],"wp:attachment":[{"href":"http:\/\/naturalezayarte.thefanworld.com\/de\/wp-json\/wp\/v2\/media?parent=15737"}],"curies":[{"name":"wp","href":"https:\/\/api.w.org\/{rel}","templated":true}]}}