{"id":15788,"date":"2019-05-14T01:29:11","date_gmt":"2019-05-13T23:29:11","guid":{"rendered":"http:\/\/naturalezayarte.thefanworld.com\/?page_id=15788"},"modified":"2019-05-14T01:36:23","modified_gmt":"2019-05-13T23:36:23","slug":"roberto-cavalli-restaurant-lounge-ibiza","status":"publish","type":"page","link":"http:\/\/naturalezayarte.thefanworld.com\/de\/roberto-cavalli-restaurant-lounge-ibiza\/","title":{"rendered":"Roberto Cavalli Restaurant &#038; Lounge, Ibiza"},"content":{"rendered":"<p>Tropischer vertikaler Garten realisiert f\u00fcr Roberto Cavalli Lounge &amp; Restaurant, Marina Botafoch, Eivissa<\/p>\n<p>Entwurf: Landschaftsarchitekt Stefan Meier von\u00a0<strong>naturalezayarte<\/strong>, \u00a0in Zusammenarbeit mit der Landschaftsarchitektin Sandra Migliavacca von\u00a0<strong>il giardino ritrovato<\/strong>, die f\u00fcr die Gesamtplanung des Gartens zust\u00e4ndig war.<\/p>\n<p>Ausf\u00fchrung: <strong>naturalezayarte<\/strong> und <strong>ecogarden ibiza<\/strong><\/p>\n<p>Technische Daten:<\/p>\n<p>Gr\u00f6sse: 26 m2<\/p>\n<p>Bauweise: hydroponisches System mit geschlossenem Bew\u00e4sserungskreislauf, Module:<\/p>\n<p><strong>NATURALEZAYARTE VERTICAL<\/strong><\/p>\n<p>Fertigstellung 6\/2013<\/p>\n<p>\u00dcber 2000 tropische und subtropische Pflanzen mit 56 Arten<\/p>\n<p><div id=\"envira-gallery-wrap-15790\" class=\"envira-gallery-wrap envira-gallery-theme-base envira-lightbox-theme-base\" itemscope itemtype=\"https:\/\/schema.org\/ImageGallery\"><div data-row-height=\"\" data-gallery-theme=\"\" id=\"envira-gallery-15790\" class=\"envira-gallery-public  envira-gallery-3-columns envira-clear enviratope envira-gallery-css-animations\" data-envira-columns=\"3\"><div id=\"envira-gallery-item-15791\" class=\"envira-gallery-item enviratope-item envira-gallery-item-1 envira-lazy-load\" style=\"padding-left: 5px; padding-bottom: 10px; padding-right: 5px;\"  itemscope itemtype=\"https:\/\/schema.org\/ImageObject\"><div class=\"envira-gallery-item-inner\"><div class=\"envira-gallery-position-overlay  envira-gallery-top-left\"><\/div><div class=\"envira-gallery-position-overlay  envira-gallery-top-right\"><\/div><div class=\"envira-gallery-position-overlay  envira-gallery-bottom-left\"><\/div><div class=\"envira-gallery-position-overlay  envira-gallery-bottom-right\"><\/div><a href=\"http:\/\/naturalezayarte.thefanworld.com\/wp-content\/uploads\/IMG_0800_2.jpg\" class=\"envira-gallery-15790 envira-gallery-link\" rel=\"enviragallery15790\" title=\"IMG_0800_2\" data-envira-caption=\"IMG_0800_2\" data-envira-retina=\"\" data-thumbnail=\"\"  itemprop=\"contentUrl\"><div class=\"envira-lazy\" data-test-width=\"640\" data-test-height=\"480\" style=\"padding-bottom:75%;\"><img id=\"envira-gallery-image-15791\" class=\"envira-gallery-image envira-gallery-image-1\" data-envira-index=\"1\" src=\"http:\/\/naturalezayarte.thefanworld.com\/wp-content\/uploads\/IMG_0800_2.jpg\" data-envira-src=\"http:\/\/naturalezayarte.thefanworld.com\/wp-content\/uploads\/IMG_0800_2.jpg\" data-envira-gallery-id=\"15790\" data-envira-item-id=\"15791\" data-envira-caption=\"IMG_0800_2\" alt=\"\" title=\"IMG_0800_2\"  itemprop=\"thumbnailUrl\" data-envira-srcset=\"http:\/\/naturalezayarte.thefanworld.com\/wp-content\/uploads\/IMG_0800_2.jpg 400w,http:\/\/naturalezayarte.thefanworld.com\/wp-content\/uploads\/IMG_0800_2.jpg 2x\" srcset=\"data:image\/gif;base64,R0lGODlhAQABAIAAAP\/\/\/\/\/\/\/yH5BAEKAAEALAAAAAABAAEAAAICTAEAOw==\" \/><\/div><\/a><\/div><\/div><div id=\"envira-gallery-item-15792\" class=\"envira-gallery-item enviratope-item envira-gallery-item-2 envira-lazy-load\" style=\"padding-left: 5px; padding-bottom: 10px; padding-right: 5px;\"  itemscope itemtype=\"https:\/\/schema.org\/ImageObject\"><div class=\"envira-gallery-item-inner\"><div class=\"envira-gallery-position-overlay  envira-gallery-top-left\"><\/div><div class=\"envira-gallery-position-overlay  envira-gallery-top-right\"><\/div><div class=\"envira-gallery-position-overlay  envira-gallery-bottom-left\"><\/div><div class=\"envira-gallery-position-overlay  envira-gallery-bottom-right\"><\/div><a href=\"http:\/\/naturalezayarte.thefanworld.com\/wp-content\/uploads\/Roberto-cavalli-ibiza-jard\u00edn-vertical-giardino-verticale-gr\u00fcne-Wand-garten-vertical-garten-naturalezayarte-genova.jpg\" class=\"envira-gallery-15790 envira-gallery-link\" rel=\"enviragallery15790\" title=\"Roberto-cavalli-ibiza-jard\u00edn-vertical-giardino-verticale-gr\u00fcne-Wand-garten-vertical-garten-naturalezayarte-genova\" data-envira-caption=\"Roberto-cavalli-ibiza-jard\u00edn-vertical-giardino-verticale-gr\u00fcne-Wand-garten-vertical-garten-naturalezayarte-genova\" data-envira-retina=\"\" data-thumbnail=\"\"  itemprop=\"contentUrl\"><div class=\"envira-lazy\" data-test-width=\"640\" data-test-height=\"480\" style=\"padding-bottom:75%;\"><img id=\"envira-gallery-image-15792\" class=\"envira-gallery-image envira-gallery-image-2\" data-envira-index=\"2\" src=\"http:\/\/naturalezayarte.thefanworld.com\/wp-content\/uploads\/Roberto-cavalli-ibiza-jard\u00edn-vertical-giardino-verticale-gr\u00fcne-Wand-garten-vertical-garten-naturalezayarte-genova.jpg\" data-envira-src=\"http:\/\/naturalezayarte.thefanworld.com\/wp-content\/uploads\/Roberto-cavalli-ibiza-jard\u00edn-vertical-giardino-verticale-gr\u00fcne-Wand-garten-vertical-garten-naturalezayarte-genova.jpg\" data-envira-gallery-id=\"15790\" data-envira-item-id=\"15792\" data-envira-caption=\"Roberto-cavalli-ibiza-jard\u00edn-vertical-giardino-verticale-gr\u00fcne-Wand-garten-vertical-garten-naturalezayarte-genova\" alt=\"\" title=\"Roberto-cavalli-ibiza-jard\u00edn-vertical-giardino-verticale-gr\u00fcne-Wand-garten-vertical-garten-naturalezayarte-genova\"  itemprop=\"thumbnailUrl\" data-envira-srcset=\"http:\/\/naturalezayarte.thefanworld.com\/wp-content\/uploads\/Roberto-cavalli-ibiza-jard\u00edn-vertical-giardino-verticale-gr\u00fcne-Wand-garten-vertical-garten-naturalezayarte-genova.jpg 400w,http:\/\/naturalezayarte.thefanworld.com\/wp-content\/uploads\/Roberto-cavalli-ibiza-jard\u00edn-vertical-giardino-verticale-gr\u00fcne-Wand-garten-vertical-garten-naturalezayarte-genova.jpg 2x\" srcset=\"data:image\/gif;base64,R0lGODlhAQABAIAAAP\/\/\/\/\/\/\/yH5BAEKAAEALAAAAAABAAEAAAICTAEAOw==\" \/><\/div><\/a><\/div><\/div><div id=\"envira-gallery-item-15793\" class=\"envira-gallery-item enviratope-item envira-gallery-item-3 envira-lazy-load\" style=\"padding-left: 5px; padding-bottom: 10px; padding-right: 5px;\"  itemscope itemtype=\"https:\/\/schema.org\/ImageObject\"><div class=\"envira-gallery-item-inner\"><div class=\"envira-gallery-position-overlay  envira-gallery-top-left\"><\/div><div class=\"envira-gallery-position-overlay  envira-gallery-top-right\"><\/div><div class=\"envira-gallery-position-overlay  envira-gallery-bottom-left\"><\/div><div class=\"envira-gallery-position-overlay  envira-gallery-bottom-right\"><\/div><a href=\"http:\/\/naturalezayarte.thefanworld.com\/wp-content\/uploads\/Roberto-cavalli-ibiza-jard\u00edn-vertical-giardino-verticale-vertikaler-garten-green-wall-naturalezayarte-genova.jpg\" class=\"envira-gallery-15790 envira-gallery-link\" rel=\"enviragallery15790\" title=\"Roberto-cavalli-ibiza-jard\u00edn-vertical-giardino-verticale-vertikaler-garten-green-wall-naturalezayarte-genova\" data-envira-caption=\"Roberto-cavalli-ibiza-jard\u00edn-vertical-giardino-verticale-vertikaler-garten-green-wall-naturalezayarte-genova\" data-envira-retina=\"\" data-thumbnail=\"\"  itemprop=\"contentUrl\"><div class=\"envira-lazy\" data-test-width=\"640\" data-test-height=\"480\" style=\"padding-bottom:75%;\"><img id=\"envira-gallery-image-15793\" class=\"envira-gallery-image envira-gallery-image-3\" data-envira-index=\"3\" src=\"http:\/\/naturalezayarte.thefanworld.com\/wp-content\/uploads\/Roberto-cavalli-ibiza-jard\u00edn-vertical-giardino-verticale-vertikaler-garten-green-wall-naturalezayarte-genova.jpg\" data-envira-src=\"http:\/\/naturalezayarte.thefanworld.com\/wp-content\/uploads\/Roberto-cavalli-ibiza-jard\u00edn-vertical-giardino-verticale-vertikaler-garten-green-wall-naturalezayarte-genova.jpg\" data-envira-gallery-id=\"15790\" data-envira-item-id=\"15793\" data-envira-caption=\"Roberto-cavalli-ibiza-jard\u00edn-vertical-giardino-verticale-vertikaler-garten-green-wall-naturalezayarte-genova\" alt=\"\" title=\"Roberto-cavalli-ibiza-jard\u00edn-vertical-giardino-verticale-vertikaler-garten-green-wall-naturalezayarte-genova\"  itemprop=\"thumbnailUrl\" data-envira-srcset=\"http:\/\/naturalezayarte.thefanworld.com\/wp-content\/uploads\/Roberto-cavalli-ibiza-jard\u00edn-vertical-giardino-verticale-vertikaler-garten-green-wall-naturalezayarte-genova.jpg 400w,http:\/\/naturalezayarte.thefanworld.com\/wp-content\/uploads\/Roberto-cavalli-ibiza-jard\u00edn-vertical-giardino-verticale-vertikaler-garten-green-wall-naturalezayarte-genova.jpg 2x\" srcset=\"data:image\/gif;base64,R0lGODlhAQABAIAAAP\/\/\/\/\/\/\/yH5BAEKAAEALAAAAAABAAEAAAICTAEAOw==\" \/><\/div><\/a><\/div><\/div><div id=\"envira-gallery-item-15794\" class=\"envira-gallery-item enviratope-item envira-gallery-item-4 envira-lazy-load\" style=\"padding-left: 5px; padding-bottom: 10px; padding-right: 5px;\"  itemscope itemtype=\"https:\/\/schema.org\/ImageObject\"><div class=\"envira-gallery-item-inner\"><div class=\"envira-gallery-position-overlay  envira-gallery-top-left\"><\/div><div class=\"envira-gallery-position-overlay  envira-gallery-top-right\"><\/div><div class=\"envira-gallery-position-overlay  envira-gallery-bottom-left\"><\/div><div class=\"envira-gallery-position-overlay  envira-gallery-bottom-right\"><\/div><a href=\"http:\/\/naturalezayarte.thefanworld.com\/wp-content\/uploads\/Roberto-cavalli-ibiza-jard\u00edn-vertical-giardino-verticale-vertikaler-garten-vertical-garten-naturalezayarte-genova.jpg\" class=\"envira-gallery-15790 envira-gallery-link\" rel=\"enviragallery15790\" title=\"Roberto-cavalli-ibiza-jard\u00edn-vertical-giardino-verticale-vertikaler-garten-vertical-garten-naturalezayarte-genova\" data-envira-caption=\"Roberto-cavalli-ibiza-jard\u00edn-vertical-giardino-verticale-vertikaler-garten-vertical-garten-naturalezayarte-genova\" data-envira-retina=\"\" data-thumbnail=\"\"  itemprop=\"contentUrl\"><div class=\"envira-lazy\" data-test-width=\"640\" data-test-height=\"480\" style=\"padding-bottom:75%;\"><img id=\"envira-gallery-image-15794\" class=\"envira-gallery-image envira-gallery-image-4\" data-envira-index=\"4\" src=\"http:\/\/naturalezayarte.thefanworld.com\/wp-content\/uploads\/Roberto-cavalli-ibiza-jard\u00edn-vertical-giardino-verticale-vertikaler-garten-vertical-garten-naturalezayarte-genova.jpg\" data-envira-src=\"http:\/\/naturalezayarte.thefanworld.com\/wp-content\/uploads\/Roberto-cavalli-ibiza-jard\u00edn-vertical-giardino-verticale-vertikaler-garten-vertical-garten-naturalezayarte-genova.jpg\" data-envira-gallery-id=\"15790\" data-envira-item-id=\"15794\" data-envira-caption=\"Roberto-cavalli-ibiza-jard\u00edn-vertical-giardino-verticale-vertikaler-garten-vertical-garten-naturalezayarte-genova\" alt=\"\" title=\"Roberto-cavalli-ibiza-jard\u00edn-vertical-giardino-verticale-vertikaler-garten-vertical-garten-naturalezayarte-genova\"  itemprop=\"thumbnailUrl\" data-envira-srcset=\"http:\/\/naturalezayarte.thefanworld.com\/wp-content\/uploads\/Roberto-cavalli-ibiza-jard\u00edn-vertical-giardino-verticale-vertikaler-garten-vertical-garten-naturalezayarte-genova.jpg 400w,http:\/\/naturalezayarte.thefanworld.com\/wp-content\/uploads\/Roberto-cavalli-ibiza-jard\u00edn-vertical-giardino-verticale-vertikaler-garten-vertical-garten-naturalezayarte-genova.jpg 2x\" srcset=\"data:image\/gif;base64,R0lGODlhAQABAIAAAP\/\/\/\/\/\/\/yH5BAEKAAEALAAAAAABAAEAAAICTAEAOw==\" \/><\/div><\/a><\/div><\/div><div id=\"envira-gallery-item-15795\" class=\"envira-gallery-item enviratope-item envira-gallery-item-5 envira-lazy-load\" style=\"padding-left: 5px; padding-bottom: 10px; padding-right: 5px;\"  itemscope itemtype=\"https:\/\/schema.org\/ImageObject\"><div class=\"envira-gallery-item-inner\"><div class=\"envira-gallery-position-overlay  envira-gallery-top-left\"><\/div><div class=\"envira-gallery-position-overlay  envira-gallery-top-right\"><\/div><div class=\"envira-gallery-position-overlay  envira-gallery-bottom-left\"><\/div><div class=\"envira-gallery-position-overlay  envira-gallery-bottom-right\"><\/div><a href=\"http:\/\/naturalezayarte.thefanworld.com\/wp-content\/uploads\/Roberto-cavalli-ibiza-jard\u00edn-vertical-muro-verde-vertikaler-garten-vertical-garten-naturalezayarte-genova.jpg\" class=\"envira-gallery-15790 envira-gallery-link\" rel=\"enviragallery15790\" title=\"Roberto-cavalli-ibiza-jard\u00edn-vertical-muro-verde-vertikaler-garten-vertical-garten-naturalezayarte-genova\" data-envira-caption=\"Roberto-cavalli-ibiza-jard\u00edn-vertical-muro-verde-vertikaler-garten-vertical-garten-naturalezayarte-genova\" data-envira-retina=\"\" data-thumbnail=\"\"  itemprop=\"contentUrl\"><div class=\"envira-lazy\" data-test-width=\"640\" data-test-height=\"480\" style=\"padding-bottom:75%;\"><img id=\"envira-gallery-image-15795\" class=\"envira-gallery-image envira-gallery-image-5\" data-envira-index=\"5\" src=\"http:\/\/naturalezayarte.thefanworld.com\/wp-content\/uploads\/Roberto-cavalli-ibiza-jard\u00edn-vertical-muro-verde-vertikaler-garten-vertical-garten-naturalezayarte-genova.jpg\" data-envira-src=\"http:\/\/naturalezayarte.thefanworld.com\/wp-content\/uploads\/Roberto-cavalli-ibiza-jard\u00edn-vertical-muro-verde-vertikaler-garten-vertical-garten-naturalezayarte-genova.jpg\" data-envira-gallery-id=\"15790\" data-envira-item-id=\"15795\" data-envira-caption=\"Roberto-cavalli-ibiza-jard\u00edn-vertical-muro-verde-vertikaler-garten-vertical-garten-naturalezayarte-genova\" alt=\"\" title=\"Roberto-cavalli-ibiza-jard\u00edn-vertical-muro-verde-vertikaler-garten-vertical-garten-naturalezayarte-genova\"  itemprop=\"thumbnailUrl\" data-envira-srcset=\"http:\/\/naturalezayarte.thefanworld.com\/wp-content\/uploads\/Roberto-cavalli-ibiza-jard\u00edn-vertical-muro-verde-vertikaler-garten-vertical-garten-naturalezayarte-genova.jpg 400w,http:\/\/naturalezayarte.thefanworld.com\/wp-content\/uploads\/Roberto-cavalli-ibiza-jard\u00edn-vertical-muro-verde-vertikaler-garten-vertical-garten-naturalezayarte-genova.jpg 2x\" srcset=\"data:image\/gif;base64,R0lGODlhAQABAIAAAP\/\/\/\/\/\/\/yH5BAEKAAEALAAAAAABAAEAAAICTAEAOw==\" \/><\/div><\/a><\/div><\/div><div id=\"envira-gallery-item-15796\" class=\"envira-gallery-item enviratope-item envira-gallery-item-6 envira-lazy-load\" style=\"padding-left: 5px; padding-bottom: 10px; padding-right: 5px;\"  itemscope itemtype=\"https:\/\/schema.org\/ImageObject\"><div class=\"envira-gallery-item-inner\"><div class=\"envira-gallery-position-overlay  envira-gallery-top-left\"><\/div><div class=\"envira-gallery-position-overlay  envira-gallery-top-right\"><\/div><div class=\"envira-gallery-position-overlay  envira-gallery-bottom-left\"><\/div><div class=\"envira-gallery-position-overlay  envira-gallery-bottom-right\"><\/div><a href=\"http:\/\/naturalezayarte.thefanworld.com\/wp-content\/uploads\/Roberto-cavalli-ibiza-muro-verde-giardino-verticale-vertikaler-garten-vertical-garten-naturalezayarte-genova.jpg\" class=\"envira-gallery-15790 envira-gallery-link\" rel=\"enviragallery15790\" title=\"Roberto-cavalli-ibiza-muro-verde-giardino-verticale-vertikaler-garten-vertical-garten-naturalezayarte-genova\" data-envira-caption=\"Roberto-cavalli-ibiza-muro-verde-giardino-verticale-vertikaler-garten-vertical-garten-naturalezayarte-genova\" data-envira-retina=\"\" data-thumbnail=\"\"  itemprop=\"contentUrl\"><div class=\"envira-lazy\" data-test-width=\"640\" data-test-height=\"480\" style=\"padding-bottom:75%;\"><img id=\"envira-gallery-image-15796\" class=\"envira-gallery-image envira-gallery-image-6\" data-envira-index=\"6\" src=\"http:\/\/naturalezayarte.thefanworld.com\/wp-content\/uploads\/Roberto-cavalli-ibiza-muro-verde-giardino-verticale-vertikaler-garten-vertical-garten-naturalezayarte-genova.jpg\" data-envira-src=\"http:\/\/naturalezayarte.thefanworld.com\/wp-content\/uploads\/Roberto-cavalli-ibiza-muro-verde-giardino-verticale-vertikaler-garten-vertical-garten-naturalezayarte-genova.jpg\" data-envira-gallery-id=\"15790\" data-envira-item-id=\"15796\" data-envira-caption=\"Roberto-cavalli-ibiza-muro-verde-giardino-verticale-vertikaler-garten-vertical-garten-naturalezayarte-genova\" alt=\"\" title=\"Roberto-cavalli-ibiza-muro-verde-giardino-verticale-vertikaler-garten-vertical-garten-naturalezayarte-genova\"  itemprop=\"thumbnailUrl\" data-envira-srcset=\"http:\/\/naturalezayarte.thefanworld.com\/wp-content\/uploads\/Roberto-cavalli-ibiza-muro-verde-giardino-verticale-vertikaler-garten-vertical-garten-naturalezayarte-genova.jpg 400w,http:\/\/naturalezayarte.thefanworld.com\/wp-content\/uploads\/Roberto-cavalli-ibiza-muro-verde-giardino-verticale-vertikaler-garten-vertical-garten-naturalezayarte-genova.jpg 2x\" srcset=\"data:image\/gif;base64,R0lGODlhAQABAIAAAP\/\/\/\/\/\/\/yH5BAEKAAEALAAAAAABAAEAAAICTAEAOw==\" \/><\/div><\/a><\/div><\/div><\/div><\/div><noscript><img src=\"http:\/\/naturalezayarte.thefanworld.com\/wp-content\/uploads\/IMG_0800_2.jpg\" alt=\"\" \/><img src=\"http:\/\/naturalezayarte.thefanworld.com\/wp-content\/uploads\/Roberto-cavalli-ibiza-jard\u00edn-vertical-giardino-verticale-gr\u00fcne-Wand-garten-vertical-garten-naturalezayarte-genova.jpg\" alt=\"\" \/><img src=\"http:\/\/naturalezayarte.thefanworld.com\/wp-content\/uploads\/Roberto-cavalli-ibiza-jard\u00edn-vertical-giardino-verticale-vertikaler-garten-green-wall-naturalezayarte-genova.jpg\" alt=\"\" \/><img src=\"http:\/\/naturalezayarte.thefanworld.com\/wp-content\/uploads\/Roberto-cavalli-ibiza-jard\u00edn-vertical-giardino-verticale-vertikaler-garten-vertical-garten-naturalezayarte-genova.jpg\" alt=\"\" \/><img src=\"http:\/\/naturalezayarte.thefanworld.com\/wp-content\/uploads\/Roberto-cavalli-ibiza-jard\u00edn-vertical-muro-verde-vertikaler-garten-vertical-garten-naturalezayarte-genova.jpg\" alt=\"\" \/><img src=\"http:\/\/naturalezayarte.thefanworld.com\/wp-content\/uploads\/Roberto-cavalli-ibiza-muro-verde-giardino-verticale-vertikaler-garten-vertical-garten-naturalezayarte-genova.jpg\" alt=\"\" \/><\/noscript><\/p>","protected":false},"excerpt":{"rendered":"<p>Tropischer vertikaler Garten realisiert f\u00fcr Roberto Cavalli Lounge &amp; Restaurant, Marina Botafoch, Eivissa Entwurf: Landschaftsarchitekt Stefan Meier von\u00a0naturalezayarte, \u00a0in Zusammenarbeit mit der Landschaftsarchitektin Sandra Migliavacca von\u00a0il giardino ritrovato, die f\u00fcr die Gesamtplanung des Gartens zust\u00e4ndig war. Ausf\u00fchrung: naturalezayarte und ecogarden ibiza Technische Daten: Gr\u00f6sse: 26 m2 Bauweise: hydroponisches System mit geschlossenem Bew\u00e4sserungskreislauf, Module: NATURALEZAYARTE VERTICAL [&hellip;]<\/p>\n","protected":false},"author":1,"featured_media":0,"parent":0,"menu_order":0,"comment_status":"closed","ping_status":"closed","template":"","meta":[],"_links":{"self":[{"href":"http:\/\/naturalezayarte.thefanworld.com\/de\/wp-json\/wp\/v2\/pages\/15788"}],"collection":[{"href":"http:\/\/naturalezayarte.thefanworld.com\/de\/wp-json\/wp\/v2\/pages"}],"about":[{"href":"http:\/\/naturalezayarte.thefanworld.com\/de\/wp-json\/wp\/v2\/types\/page"}],"author":[{"embeddable":true,"href":"http:\/\/naturalezayarte.thefanworld.com\/de\/wp-json\/wp\/v2\/users\/1"}],"replies":[{"embeddable":true,"href":"http:\/\/naturalezayarte.thefanworld.com\/de\/wp-json\/wp\/v2\/comments?post=15788"}],"version-history":[{"count":2,"href":"http:\/\/naturalezayarte.thefanworld.com\/de\/wp-json\/wp\/v2\/pages\/15788\/revisions"}],"predecessor-version":[{"id":15797,"href":"http:\/\/naturalezayarte.thefanworld.com\/de\/wp-json\/wp\/v2\/pages\/15788\/revisions\/15797"}],"wp:attachment":[{"href":"http:\/\/naturalezayarte.thefanworld.com\/de\/wp-json\/wp\/v2\/media?parent=15788"}],"curies":[{"name":"wp","href":"https:\/\/api.w.org\/{rel}","templated":true}]}}