{"id":15781,"date":"2019-05-14T01:19:10","date_gmt":"2019-05-13T23:19:10","guid":{"rendered":"http:\/\/naturalezayarte.thefanworld.com\/?page_id=15781"},"modified":"2019-05-14T01:23:36","modified_gmt":"2019-05-13T23:23:36","slug":"restaurant-temakinho-marina-botafoch-ibiza","status":"publish","type":"page","link":"http:\/\/naturalezayarte.thefanworld.com\/es\/restaurant-temakinho-marina-botafoch-ibiza\/","title":{"rendered":"Restaurante Temakinho, Marina Botafoch, Ibiza"},"content":{"rendered":"<p>Jard\u00edn interior tropical vertical .<\/p>\n<p>Dise\u00f1o : Paisajista Stefan Meier<\/p>\n<p>Formato: naturalezayarte<\/p>\n<p>Especificaciones: sistema hidrop\u00f3nico cerrado NATURALEZAYARTE VERTICALES<\/p>\n<p>8 m2<\/p>\n<p>Fecha de finalizaci\u00f3n: 5\/2014<\/p>\n<p><div id=\"envira-gallery-wrap-15783\" class=\"envira-gallery-wrap envira-gallery-theme-base envira-lightbox-theme-base\" itemscope itemtype=\"https:\/\/schema.org\/ImageGallery\"><div data-row-height=\"\" data-gallery-theme=\"\" id=\"envira-gallery-15783\" class=\"envira-gallery-public  envira-gallery-2-columns envira-clear enviratope envira-gallery-css-animations\" data-envira-columns=\"2\"><div id=\"envira-gallery-item-15784\" class=\"envira-gallery-item enviratope-item envira-gallery-item-1\" style=\"padding-left: 5px; padding-bottom: 10px; padding-right: 5px;\"  itemscope itemtype=\"https:\/\/schema.org\/ImageObject\"><div class=\"envira-gallery-item-inner\"><div class=\"envira-gallery-position-overlay  envira-gallery-top-left\"><\/div><div class=\"envira-gallery-position-overlay  envira-gallery-top-right\"><\/div><div class=\"envira-gallery-position-overlay  envira-gallery-bottom-left\"><\/div><div class=\"envira-gallery-position-overlay  envira-gallery-bottom-right\"><\/div><a href=\"http:\/\/naturalezayarte.thefanworld.com\/wp-content\/uploads\/IMG_0768.jpg\" class=\"envira-gallery-15783 envira-gallery-link\" rel=\"enviragallery15783\" title=\"IMG_0768\" data-envira-caption=\"IMG_0768\" data-envira-retina=\"\" data-thumbnail=\"\"  itemprop=\"contentUrl\"><img id=\"envira-gallery-image-15784\" class=\"envira-gallery-image envira-gallery-image-1\" data-envira-index=\"1\" src=\"http:\/\/naturalezayarte.thefanworld.com\/wp-content\/uploads\/IMG_0768-1024x683.jpg\" data-envira-src=\"http:\/\/naturalezayarte.thefanworld.com\/wp-content\/uploads\/IMG_0768-1024x683.jpg\" data-envira-gallery-id=\"15783\" data-envira-item-id=\"15784\" data-envira-caption=\"IMG_0768\" alt=\"\" title=\"IMG_0768\"  itemprop=\"thumbnailUrl\" data-envira-srcset=\"http:\/\/naturalezayarte.thefanworld.com\/wp-content\/uploads\/IMG_0768-1024x683.jpg 400w,http:\/\/naturalezayarte.thefanworld.com\/wp-content\/uploads\/IMG_0768-1024x683.jpg 2x\" srcset=\"http:\/\/naturalezayarte.thefanworld.com\/wp-content\/uploads\/IMG_0768.jpg 2x\" \/><\/a><\/div><\/div><div id=\"envira-gallery-item-15785\" class=\"envira-gallery-item enviratope-item envira-gallery-item-2\" style=\"padding-left: 5px; padding-bottom: 10px; padding-right: 5px;\"  itemscope itemtype=\"https:\/\/schema.org\/ImageObject\"><div class=\"envira-gallery-item-inner\"><div class=\"envira-gallery-position-overlay  envira-gallery-top-left\"><\/div><div class=\"envira-gallery-position-overlay  envira-gallery-top-right\"><\/div><div class=\"envira-gallery-position-overlay  envira-gallery-bottom-left\"><\/div><div class=\"envira-gallery-position-overlay  envira-gallery-bottom-right\"><\/div><a href=\"http:\/\/naturalezayarte.thefanworld.com\/wp-content\/uploads\/IMG_4184.jpg\" class=\"envira-gallery-15783 envira-gallery-link\" rel=\"enviragallery15783\" title=\"IMG_4184\" data-envira-caption=\"IMG_4184\" data-envira-retina=\"\" data-thumbnail=\"\"  itemprop=\"contentUrl\"><img id=\"envira-gallery-image-15785\" class=\"envira-gallery-image envira-gallery-image-2\" data-envira-index=\"2\" src=\"http:\/\/naturalezayarte.thefanworld.com\/wp-content\/uploads\/IMG_4184-1024x768.jpg\" data-envira-src=\"http:\/\/naturalezayarte.thefanworld.com\/wp-content\/uploads\/IMG_4184-1024x768.jpg\" data-envira-gallery-id=\"15783\" data-envira-item-id=\"15785\" data-envira-caption=\"IMG_4184\" alt=\"\" title=\"IMG_4184\"  itemprop=\"thumbnailUrl\" data-envira-srcset=\"http:\/\/naturalezayarte.thefanworld.com\/wp-content\/uploads\/IMG_4184-1024x768.jpg 400w,http:\/\/naturalezayarte.thefanworld.com\/wp-content\/uploads\/IMG_4184-1024x768.jpg 2x\" srcset=\"http:\/\/naturalezayarte.thefanworld.com\/wp-content\/uploads\/IMG_4184.jpg 2x\" \/><\/a><\/div><\/div><div id=\"envira-gallery-item-15786\" class=\"envira-gallery-item enviratope-item envira-gallery-item-3\" style=\"padding-left: 5px; padding-bottom: 10px; padding-right: 5px;\"  itemscope itemtype=\"https:\/\/schema.org\/ImageObject\"><div class=\"envira-gallery-item-inner\"><div class=\"envira-gallery-position-overlay  envira-gallery-top-left\"><\/div><div class=\"envira-gallery-position-overlay  envira-gallery-top-right\"><\/div><div class=\"envira-gallery-position-overlay  envira-gallery-bottom-left\"><\/div><div class=\"envira-gallery-position-overlay  envira-gallery-bottom-right\"><\/div><a href=\"http:\/\/naturalezayarte.thefanworld.com\/wp-content\/uploads\/IMG_4252.jpg\" class=\"envira-gallery-15783 envira-gallery-link\" rel=\"enviragallery15783\" title=\"IMG_4252\" data-envira-caption=\"IMG_4252\" data-envira-retina=\"\" data-thumbnail=\"\"  itemprop=\"contentUrl\"><img id=\"envira-gallery-image-15786\" class=\"envira-gallery-image envira-gallery-image-3\" data-envira-index=\"3\" src=\"http:\/\/naturalezayarte.thefanworld.com\/wp-content\/uploads\/IMG_4252-1024x768.jpg\" data-envira-src=\"http:\/\/naturalezayarte.thefanworld.com\/wp-content\/uploads\/IMG_4252-1024x768.jpg\" data-envira-gallery-id=\"15783\" data-envira-item-id=\"15786\" data-envira-caption=\"IMG_4252\" alt=\"\" title=\"IMG_4252\"  itemprop=\"thumbnailUrl\" data-envira-srcset=\"http:\/\/naturalezayarte.thefanworld.com\/wp-content\/uploads\/IMG_4252-1024x768.jpg 400w,http:\/\/naturalezayarte.thefanworld.com\/wp-content\/uploads\/IMG_4252-1024x768.jpg 2x\" srcset=\"http:\/\/naturalezayarte.thefanworld.com\/wp-content\/uploads\/IMG_4252.jpg 2x\" \/><\/a><\/div><\/div><\/div><\/div><noscript><img src=\"http:\/\/naturalezayarte.thefanworld.com\/wp-content\/uploads\/IMG_0768.jpg\" alt=\"\" \/><img src=\"http:\/\/naturalezayarte.thefanworld.com\/wp-content\/uploads\/IMG_4184.jpg\" alt=\"\" \/><img src=\"http:\/\/naturalezayarte.thefanworld.com\/wp-content\/uploads\/IMG_4252.jpg\" alt=\"\" \/><\/noscript><\/p>","protected":false},"excerpt":{"rendered":"<p>Jard\u00edn interior tropical vertical . Dise\u00f1o : Paisajista Stefan Meier Formato: naturalezayarte Especificaciones: sistema hidrop\u00f3nico cerrado NATURALEZAYARTE VERTICALES 8 m2 Fecha de finalizaci\u00f3n: 5\/2014<\/p>\n","protected":false},"author":1,"featured_media":0,"parent":0,"menu_order":0,"comment_status":"closed","ping_status":"closed","template":"","meta":[],"_links":{"self":[{"href":"http:\/\/naturalezayarte.thefanworld.com\/es\/wp-json\/wp\/v2\/pages\/15781"}],"collection":[{"href":"http:\/\/naturalezayarte.thefanworld.com\/es\/wp-json\/wp\/v2\/pages"}],"about":[{"href":"http:\/\/naturalezayarte.thefanworld.com\/es\/wp-json\/wp\/v2\/types\/page"}],"author":[{"embeddable":true,"href":"http:\/\/naturalezayarte.thefanworld.com\/es\/wp-json\/wp\/v2\/users\/1"}],"replies":[{"embeddable":true,"href":"http:\/\/naturalezayarte.thefanworld.com\/es\/wp-json\/wp\/v2\/comments?post=15781"}],"version-history":[{"count":2,"href":"http:\/\/naturalezayarte.thefanworld.com\/es\/wp-json\/wp\/v2\/pages\/15781\/revisions"}],"predecessor-version":[{"id":15787,"href":"http:\/\/naturalezayarte.thefanworld.com\/es\/wp-json\/wp\/v2\/pages\/15781\/revisions\/15787"}],"wp:attachment":[{"href":"http:\/\/naturalezayarte.thefanworld.com\/es\/wp-json\/wp\/v2\/media?parent=15781"}],"curies":[{"name":"wp","href":"https:\/\/api.w.org\/{rel}","templated":true}]}}