{"id":1302,"date":"2016-12-04T01:58:42","date_gmt":"2016-12-04T00:58:42","guid":{"rendered":"http:\/\/naturalezayarte.thefanworld.com\/?page_id=1302"},"modified":"2020-12-09T15:06:07","modified_gmt":"2020-12-09T14:06:07","slug":"home","status":"publish","type":"page","link":"https:\/\/naturalezayarte.thefanworld.com\/de\/","title":{"rendered":"NATURALEZA Y ARTE Ibiza \/ Genova"},"content":{"rendered":"<!-- wp:paragraph -->\r\n<div class=\"content \">\r\n<article id=\"post-2\" class=\"post\">\r\n<p>Natur und Kunst<\/p>\r\n<p><em>\u201cNatur und Kunst, sie scheinen sich zu fliehen<\/em><br \/><em>und haben sich, eh man es denkt, gefunden;\u201d<\/em><br \/>Johann Wolfgang von Goethe<\/p>\r\n<p>Gartengestaltung f\u00fcr die individuellen Bed\u00fcrfnisse unserer Kunden. Planung durch den Landschaftsarchitekten Stefan Meier, professionelle Ausf\u00fchrung und Wartung durch sein Team.<\/p>\r\n<p>Schwimmteiche und Naturpools. Tauchen sie ein in gesundes, lebendes Wasser ohne Chemie. Ihr Spezialist f\u00fcr Ibiza, Mallorca und Ligurien.<\/p>\r\n<p>Vertikale G\u00e4rten, Teiche, Dachbegr\u00fcnungen und Wasserrecycling mit Pflanzenkl\u00e4ranlagen.<\/p>\r\n<\/article>\r\n<\/div>\r\n\n\t\t<style type=\"text\/css\">\n\t\t\t#gallery-2 {\n\t\t\t\tmargin: auto;\n\t\t\t}\n\t\t\t#gallery-2 .gallery-item {\n\t\t\t\tfloat: left;\n\t\t\t\tmargin-top: 10px;\n\t\t\t\ttext-align: center;\n\t\t\t\twidth: 25%;\n\t\t\t}\n\t\t\t#gallery-2 img {\n\t\t\t\tborder: 2px solid #cfcfcf;\n\t\t\t}\n\t\t\t#gallery-2 .gallery-caption {\n\t\t\t\tmargin-left: 0;\n\t\t\t}\n\t\t\t\/* see gallery_shortcode() in wp-includes\/media.php *\/\n\t\t<\/style>\n\t\t<div id='gallery-2' class='gallery galleryid-1302 gallery-columns-4 gallery-size-thumbnail'><dl class='gallery-item'>\n\t\t\t<dt class='gallery-icon landscape'>\n\t\t\t\t<a href='https:\/\/naturalezayarte.thefanworld.com\/wp-content\/uploads\/vertikeler-garten-ibiza-baleares-roberto-cavalli-giardino-verticale-jardin-vertical-green-wall-e1557584163598.jpg'><img width=\"150\" height=\"150\" src=\"https:\/\/naturalezayarte.thefanworld.com\/wp-content\/uploads\/vertikeler-garten-ibiza-baleares-roberto-cavalli-giardino-verticale-jardin-vertical-green-wall-e1557584163598-150x150.jpg\" class=\"attachment-thumbnail size-thumbnail\" alt=\"\" loading=\"lazy\" srcset=\"https:\/\/naturalezayarte.thefanworld.com\/wp-content\/uploads\/vertikeler-garten-ibiza-baleares-roberto-cavalli-giardino-verticale-jardin-vertical-green-wall-e1557584163598-150x150.jpg 150w, https:\/\/naturalezayarte.thefanworld.com\/wp-content\/uploads\/vertikeler-garten-ibiza-baleares-roberto-cavalli-giardino-verticale-jardin-vertical-green-wall-e1557584163598-300x300.jpg 300w, https:\/\/naturalezayarte.thefanworld.com\/wp-content\/uploads\/vertikeler-garten-ibiza-baleares-roberto-cavalli-giardino-verticale-jardin-vertical-green-wall-e1557584163598-768x768.jpg 768w, https:\/\/naturalezayarte.thefanworld.com\/wp-content\/uploads\/vertikeler-garten-ibiza-baleares-roberto-cavalli-giardino-verticale-jardin-vertical-green-wall-e1557584163598-1024x1024.jpg 1024w, https:\/\/naturalezayarte.thefanworld.com\/wp-content\/uploads\/vertikeler-garten-ibiza-baleares-roberto-cavalli-giardino-verticale-jardin-vertical-green-wall-e1557584163598-600x600.jpg 600w, https:\/\/naturalezayarte.thefanworld.com\/wp-content\/uploads\/vertikeler-garten-ibiza-baleares-roberto-cavalli-giardino-verticale-jardin-vertical-green-wall-e1557584163598-100x100.jpg 100w, https:\/\/naturalezayarte.thefanworld.com\/wp-content\/uploads\/vertikeler-garten-ibiza-baleares-roberto-cavalli-giardino-verticale-jardin-vertical-green-wall-e1557584163598.jpg 1616w\" sizes=\"(max-width: 150px) 100vw, 150px\" \/><\/a>\n\t\t\t<\/dt><\/dl><dl class='gallery-item'>\n\t\t\t<dt class='gallery-icon landscape'>\n\t\t\t\t<a href='https:\/\/naturalezayarte.thefanworld.com\/wp-content\/uploads\/Sundar-Italia-Giardino-Verticale-esterno-Lorenzon--e1557584099521.jpg'><img width=\"150\" height=\"150\" src=\"https:\/\/naturalezayarte.thefanworld.com\/wp-content\/uploads\/Sundar-Italia-Giardino-Verticale-esterno-Lorenzon--e1557584099521-150x150.jpg\" class=\"attachment-thumbnail size-thumbnail\" alt=\"\" loading=\"lazy\" srcset=\"https:\/\/naturalezayarte.thefanworld.com\/wp-content\/uploads\/Sundar-Italia-Giardino-Verticale-esterno-Lorenzon--e1557584099521-150x150.jpg 150w, https:\/\/naturalezayarte.thefanworld.com\/wp-content\/uploads\/Sundar-Italia-Giardino-Verticale-esterno-Lorenzon--e1557584099521-300x300.jpg 300w, https:\/\/naturalezayarte.thefanworld.com\/wp-content\/uploads\/Sundar-Italia-Giardino-Verticale-esterno-Lorenzon--e1557584099521-600x600.jpg 600w, https:\/\/naturalezayarte.thefanworld.com\/wp-content\/uploads\/Sundar-Italia-Giardino-Verticale-esterno-Lorenzon--e1557584099521-100x100.jpg 100w, https:\/\/naturalezayarte.thefanworld.com\/wp-content\/uploads\/Sundar-Italia-Giardino-Verticale-esterno-Lorenzon--e1557584099521.jpg 680w\" sizes=\"(max-width: 150px) 100vw, 150px\" \/><\/a>\n\t\t\t<\/dt><\/dl><dl class='gallery-item'>\n\t\t\t<dt class='gallery-icon landscape'>\n\t\t\t\t<a href='https:\/\/naturalezayarte.thefanworld.com\/wp-content\/uploads\/Jardin-vertical-giardino-verticale-vertikaler-garten-ibiza-balearen-treviso-380x380.jpg'><img width=\"150\" height=\"150\" src=\"https:\/\/naturalezayarte.thefanworld.com\/wp-content\/uploads\/Jardin-vertical-giardino-verticale-vertikaler-garten-ibiza-balearen-treviso-380x380-150x150.jpg\" class=\"attachment-thumbnail size-thumbnail\" alt=\"\" loading=\"lazy\" srcset=\"https:\/\/naturalezayarte.thefanworld.com\/wp-content\/uploads\/Jardin-vertical-giardino-verticale-vertikaler-garten-ibiza-balearen-treviso-380x380-150x150.jpg 150w, https:\/\/naturalezayarte.thefanworld.com\/wp-content\/uploads\/Jardin-vertical-giardino-verticale-vertikaler-garten-ibiza-balearen-treviso-380x380-300x300.jpg 300w, https:\/\/naturalezayarte.thefanworld.com\/wp-content\/uploads\/Jardin-vertical-giardino-verticale-vertikaler-garten-ibiza-balearen-treviso-380x380.jpg 380w, https:\/\/naturalezayarte.thefanworld.com\/wp-content\/uploads\/Jardin-vertical-giardino-verticale-vertikaler-garten-ibiza-balearen-treviso-380x380-100x100.jpg 100w\" sizes=\"(max-width: 150px) 100vw, 150px\" \/><\/a>\n\t\t\t<\/dt><\/dl><dl class='gallery-item'>\n\t\t\t<dt class='gallery-icon landscape'>\n\t\t\t\t<a href='https:\/\/naturalezayarte.thefanworld.com\/wp-content\/uploads\/Jardin-vertical-giardino-verticale-vertikaler-garten-ibiza-balearen-jardin-vertical.jpg'><img width=\"150\" height=\"150\" src=\"https:\/\/naturalezayarte.thefanworld.com\/wp-content\/uploads\/Jardin-vertical-giardino-verticale-vertikaler-garten-ibiza-balearen-jardin-vertical-150x150.jpg\" class=\"attachment-thumbnail size-thumbnail\" alt=\"\" loading=\"lazy\" srcset=\"https:\/\/naturalezayarte.thefanworld.com\/wp-content\/uploads\/Jardin-vertical-giardino-verticale-vertikaler-garten-ibiza-balearen-jardin-vertical-150x150.jpg 150w, https:\/\/naturalezayarte.thefanworld.com\/wp-content\/uploads\/Jardin-vertical-giardino-verticale-vertikaler-garten-ibiza-balearen-jardin-vertical-300x300.jpg 300w, https:\/\/naturalezayarte.thefanworld.com\/wp-content\/uploads\/Jardin-vertical-giardino-verticale-vertikaler-garten-ibiza-balearen-jardin-vertical-100x100.jpg 100w, https:\/\/naturalezayarte.thefanworld.com\/wp-content\/uploads\/Jardin-vertical-giardino-verticale-vertikaler-garten-ibiza-balearen-jardin-vertical-600x600.jpg 600w\" sizes=\"(max-width: 150px) 100vw, 150px\" \/><\/a>\n\t\t\t<\/dt><\/dl><br style=\"clear: both\" \/>\n\t\t<\/div>","protected":false},"excerpt":{"rendered":"<p>Natur und Kunst \u201cNatur und Kunst, sie scheinen sich zu fliehenund haben sich, eh man es denkt, gefunden;\u201dJohann Wolfgang von Goethe Gartengestaltung f\u00fcr die individuellen Bed\u00fcrfnisse unserer Kunden. Planung durch den Landschaftsarchitekten Stefan Meier, professionelle Ausf\u00fchrung und Wartung durch sein Team. Schwimmteiche und Naturpools. Tauchen sie ein in gesundes, lebendes Wasser ohne Chemie. Ihr Spezialist [&hellip;]<\/p>\n","protected":false},"author":1,"featured_media":0,"parent":0,"menu_order":0,"comment_status":"closed","ping_status":"closed","template":"","meta":[],"_links":{"self":[{"href":"https:\/\/naturalezayarte.thefanworld.com\/de\/wp-json\/wp\/v2\/pages\/1302"}],"collection":[{"href":"https:\/\/naturalezayarte.thefanworld.com\/de\/wp-json\/wp\/v2\/pages"}],"about":[{"href":"https:\/\/naturalezayarte.thefanworld.com\/de\/wp-json\/wp\/v2\/types\/page"}],"author":[{"embeddable":true,"href":"https:\/\/naturalezayarte.thefanworld.com\/de\/wp-json\/wp\/v2\/users\/1"}],"replies":[{"embeddable":true,"href":"https:\/\/naturalezayarte.thefanworld.com\/de\/wp-json\/wp\/v2\/comments?post=1302"}],"version-history":[{"count":35,"href":"https:\/\/naturalezayarte.thefanworld.com\/de\/wp-json\/wp\/v2\/pages\/1302\/revisions"}],"predecessor-version":[{"id":15987,"href":"https:\/\/naturalezayarte.thefanworld.com\/de\/wp-json\/wp\/v2\/pages\/1302\/revisions\/15987"}],"wp:attachment":[{"href":"https:\/\/naturalezayarte.thefanworld.com\/de\/wp-json\/wp\/v2\/media?parent=1302"}],"curies":[{"name":"wp","href":"https:\/\/api.w.org\/{rel}","templated":true}]}}