{"id":15657,"date":"2019-05-08T15:43:59","date_gmt":"2019-05-08T13:43:59","guid":{"rendered":"http:\/\/naturalezayarte.thefanworld.com\/?page_id=15657"},"modified":"2019-11-12T11:44:43","modified_gmt":"2019-11-12T10:44:43","slug":"uber-uns","status":"publish","type":"page","link":"https:\/\/naturalezayarte.thefanworld.com\/de\/uber-uns\/","title":{"rendered":"\u00dcber Naturaleza y Arte"},"content":{"rendered":"<p>Natur und Kunst<\/p>\r\n\r\n<p>&nbsp;<\/p>\r\n\r\n<blockquote class=\"wp-block-quote\">\r\n<p>\u201cNatur und Kunst, sie scheinen sich zu fliehen<\/p>\r\n<p>und haben sich, eh man es denkt, gefunden;\u201d<\/p>\r\n<\/blockquote>\r\n\r\n<p>&nbsp;<\/p>\r\n\r\n<p>Johann Wolfgang von Goethe<\/p>\r\n\r\n<p>&nbsp;<\/p>\r\n\r\n<p>Unser Leitspruch, denn unser Schaffen ist darauf ausgelegt das vom Menschen Geschaffene mit der Sch\u00f6pfung harmonisch in Einklang zu bringen.<\/p>\r\n\r\n<p>&nbsp;<\/p>\r\n\r\n<p>Einerseits geht es darum, das Wohnhaus oder B\u00fcrogeb\u00e4ude gestalterisch ansprechend in sein Umfeld zu integrieren und eine Br\u00fccke zur umgebenden Landschaft zu schlagen. Hier muss auf den pers\u00f6nlichen Geschmack des Kunden eingegangen werden \u2013 der Kunde ist K\u00f6nig, er muss sich in seinem Garten wiederspiegeln und dieser muss seinen Anspr\u00fcchen an die Nutzung gerecht werden. Aber auch die nat\u00fcrlichen Bedingungen wie Klima, Lage, Boden und vorhandene Blicke wollen ber\u00fccksichtigt werden!<\/p>\r\n\r\n<p>&nbsp;<\/p>\r\n\r\n<p>Andererseits geben wir k\u00fcnstliche, tote, vom Menschen verbaute Oberfl\u00e4chen und R\u00e4ume der Natur zur\u00fcck. Naturaleza y Arte ist auf Fassadenbegr\u00fcnung mit vertikalen G\u00e4rten, Dachbegr\u00fcnungen und Naturpools bzw. Schwimmteiche mit biologischer Wasserkl\u00e4rung spezialisiert.<\/p>\r\n\r\n<p>&nbsp;<\/p>\r\n\r\n<p>Der Landschaftsarchitekt Stefan Meier (Dipl.Ing.FH Weihenstephan,) hat Projekte in Deutschland, \u00d6sterreich, Italien, den Kanaren und Balearen realisiert. Er ist Mitglied in der Spanischen Landschaftsarchitektenkammer ( AEP\u00a0 www.aepaisajistas.org ), der Architektenkammer von Genua, Italien ( www.ge.archiworld.it ) und engagiert sich im Vorstand des Iberischen Fachverband f\u00fcr Schwimmteiche und Naturpools ( Grupo Iberico de Aguas de Ba\u00f1o Naturalizadas www.giabn.org ).<\/p>\r\n\r\n<p>&nbsp;<\/p>\r\n\r\n<p>Schon als kleines Kind war er ein\u00a0 begeisterter Naturg\u00e4nger und interessierte sich besonders f\u00fcr Aquatische Biotope. Seine Facharbeit in Chemie schrieb er \u00fcber die \u201cGew\u00e4sserbelastung Bayerischer Seen\u201d, die Diplomarbeit behandelte \u201cDie nat\u00fcrliche Vegetation des Mittelmeerraumes und deren Verwendbarkeit zur Gestaltung von Ferienanlagen\u201d.<\/p>\r\n\r\n<p>&nbsp;<\/p>\r\n\r\n<p>Heutiger Schwerpunkt seines Interesses ist neben der Gartenarchitektur das umweltfreundliche Bauen mit Schonung der nat\u00fcrlichen Resoursen ( z.B. Wasser: sparen durch sinnvolle Bew\u00e4sserung, Auffangen von Regenwasser und Nutzung zur nat\u00fcrlichen Geb\u00e4udeklimatisierung, Wasserrecycling mit Pflanzenkl\u00e4ranlagen, biologische Kl\u00e4rung des Schwimmbades )<\/p>","protected":false},"excerpt":{"rendered":"<p>Natur und Kunst &nbsp; \u201cNatur und Kunst, sie scheinen sich zu fliehen und haben sich, eh man es denkt, gefunden;\u201d &nbsp; Johann Wolfgang von Goethe &nbsp; Unser Leitspruch, denn unser Schaffen ist darauf ausgelegt das vom Menschen Geschaffene mit der Sch\u00f6pfung harmonisch in Einklang zu bringen. &nbsp; Einerseits geht es darum, das Wohnhaus oder B\u00fcrogeb\u00e4ude [&hellip;]<\/p>\n","protected":false},"author":1,"featured_media":0,"parent":0,"menu_order":0,"comment_status":"closed","ping_status":"closed","template":"","meta":[],"_links":{"self":[{"href":"https:\/\/naturalezayarte.thefanworld.com\/de\/wp-json\/wp\/v2\/pages\/15657"}],"collection":[{"href":"https:\/\/naturalezayarte.thefanworld.com\/de\/wp-json\/wp\/v2\/pages"}],"about":[{"href":"https:\/\/naturalezayarte.thefanworld.com\/de\/wp-json\/wp\/v2\/types\/page"}],"author":[{"embeddable":true,"href":"https:\/\/naturalezayarte.thefanworld.com\/de\/wp-json\/wp\/v2\/users\/1"}],"replies":[{"embeddable":true,"href":"https:\/\/naturalezayarte.thefanworld.com\/de\/wp-json\/wp\/v2\/comments?post=15657"}],"version-history":[{"count":4,"href":"https:\/\/naturalezayarte.thefanworld.com\/de\/wp-json\/wp\/v2\/pages\/15657\/revisions"}],"predecessor-version":[{"id":15894,"href":"https:\/\/naturalezayarte.thefanworld.com\/de\/wp-json\/wp\/v2\/pages\/15657\/revisions\/15894"}],"wp:attachment":[{"href":"https:\/\/naturalezayarte.thefanworld.com\/de\/wp-json\/wp\/v2\/media?parent=15657"}],"curies":[{"name":"wp","href":"https:\/\/api.w.org\/{rel}","templated":true}]}}