{"id":15714,"date":"2019-05-11T11:50:42","date_gmt":"2019-05-11T09:50:42","guid":{"rendered":"http:\/\/naturalezayarte.thefanworld.com\/?page_id=15714"},"modified":"2019-11-12T12:35:31","modified_gmt":"2019-11-12T11:35:31","slug":"swimming-ponds","status":"publish","type":"page","link":"https:\/\/naturalezayarte.thefanworld.com\/de\/swimming-ponds\/","title":{"rendered":"Schwimmteich"},"content":{"rendered":"<p>&nbsp;<\/p>\n<p>SCHWIMMTEICH \/ NATUR-POOL<\/p>\n<p>Wir sind Spezialisten f\u00fcr Konzeption und Bau von Badegew\u00e4ssern mit rein biologischer Wasseraufbereitung nach den Richtlinien der\u00a0International Organization for natural Bathing waters (IOB).<\/p>\n<p>Die Begriffe Schwimmteich, Badeteich und Naturpool bezeichnen prinzipiell das selbe: eine k\u00fcnstlich angelegte Badem\u00f6glichkeit mit rein-biologischer Wasseraufbereitung. Wie in einem gesunden See oder Fluss wird das Schwimmteich-Wasser von einer Vielzahl von Bakterien, Mikro-Organismen und Pflanzen gereinigt. Lebensfeindliche Zus\u00e4tze und Ger\u00e4tschaften sind gem\u00e4\u00df den Statuten der Fachverb\u00e4nde ausdr\u00fccklich untersagt. Badebereich und Regenerationszone sind von einander getrennt.<\/p>\n<p>Die gestalterischen M\u00f6glichkeiten sind sehr umfangreich und reichen vom naturnahen Schwimm-Teich mit angeschlossenem Wassergarten bis hin zum architektonischen Natur-Pool, bei dem der biologische Filter auch unsichtbar unter dem Sonnendeck versteckt sein kann.<\/p>\n<p><strong>Klassischer Pool oder Schwimmteich, Desinfektion oder Kl\u00e4rung<\/strong><\/p>\n<p>Das gemeinsame Ziel von Chemie-Pool und Schwimmteich ist die Schaffung klaren, gesundheitlich unbedenklichen Badewassers. Der Weg dorthin ist h\u00f6chst unterschiedlich!<br \/>\nDer Klassische Pool setzt dabei auf DESINFEKTION, also der ABT\u00d6TUNG JEGLICHEN LEBENS. Mit aggressiven, chemischen Substanzen sollen Krankheitskeime abget\u00f6tet werden. Die Chemie unterscheidet dabei nicht zwischen Bakterien und Badegast und nur das unterschiedliche Verh\u00e4ltnis von angegriffener Oberfl\u00e4che und Volumen entscheidet, dass das Bakterium stirbt, und nicht der Mensch! Trockene Haut und rote Augen sind nur die harmloseren der bekannten Nebenwirkungen. Das Wasser verliert seine lebenssch\u00f6pfende Qualit\u00e4t, ist lebensfeindlich und eignet sich nicht einmal mehr zur Bew\u00e4sserung des Gartens. Verunreinigungen reagieren mit dem Desinfektionsmittel zu oft noch sch\u00e4dlicheren Verbindungen, die sich im Badewasser anreichern und durch regelm\u00e4ssige Wasserwechsel verd\u00fcnnt werden m\u00fcssen.<\/p>\n<p>Das Prinzip des Schwimmteiches ist die NAT\u00dcRLICHE KL\u00c4RUNG. Die typischen Krankheitskeime k\u00f6nnen sich im sauerstoffreichen Wasser des Naturpools nicht vermehren und werden von einer Vielzahl von Micro-Organismen schlicht weg gefressen! Verunreinigungen werden biologisch zersetzt, umgewandelt und letztlich im Biofilm, dem Sediment oder den Pflanzen festgelegt und dem Wasser entzogen. Die Pflanzen k\u00f6nnen geerntet, das Sediment abgesaugt werden und dienen dem Garten als wertvoller D\u00fcnger. Das Wasser steigert seine Qualit\u00e4t, ist sanft zur Haut und muss nicht gewechselt werden.<\/p>\n<p><strong>Schwimmteich F\u00fcr und Wieder<\/strong><br \/>\nDie Vorz\u00fcge der Schwimmteiche und Naturpools sind<\/p>\n<p>die sanfte, umweltfreundliche Wasserkl\u00e4rung,<\/p>\n<p>die Schaffung eines weiteren St\u00fccks Natur, die sich harmonisch in den Garten einf\u00f9gt,<\/p>\n<p>der respektvolle Umgang mit dem Lebenselexier Wasser<\/p>\n<p>und i.d.R. ein deutlich reduzierter Stromverbrauch.<\/p>\n<p>Erfahrungsgem\u00e4ss wird ein Schwimmteich w\u00e4hrend des Jahres auch viel l\u00e4nger genutzt und ist selbst in kalten Klimazonen im Winter sch\u00f6n anzusehen oder sogar als Schlittschuhfl\u00e4che zu verwenden.<br \/>\nDer prinzipielle Vorteil des lebensfreundlichen Wassers hat auch einen potenziellen Nachteil f\u00fcr Nutzer, denen der Kontakt zu Leben unangenehm ist: Im freien Wasser schwimmen Bakterien, einzellige Algen und winzig kleine Krebstierchen, die sich von diesen ern\u00e4hren und zur nat\u00fcrlichen Wasserkl\u00e4rung zwingend dazu geh\u00f6ren. Im sehr n\u00e4hrstoffarmen Wasser eines stark durchstr\u00f6mten Naturpools sind diese kaum zu erkennen, am ehesten noch an einer leichten Gr\u00fcnf\u00e4rbung des Wassers, etwa so wie in einem klaren Bergsee oder besonders sauberen Fluss. Am Boden setzt sich Sediment ab und auf den Oberfl\u00e4chen bildet sich der sogenannte Biofilm.<\/p>\n<p><div id=\"envira-gallery-wrap-15800\" class=\"envira-gallery-wrap envira-gallery-theme-base envira-lightbox-theme-base\" itemscope itemtype=\"https:\/\/schema.org\/ImageGallery\"><div data-row-height=\"\" data-gallery-theme=\"\" id=\"envira-gallery-15800\" class=\"envira-gallery-public  envira-gallery-3-columns envira-clear enviratope envira-gallery-css-animations\" data-envira-columns=\"3\"><div id=\"envira-gallery-item-15801\" class=\"envira-gallery-item enviratope-item envira-gallery-item-1 envira-lazy-load\" style=\"padding-left: 5px; padding-bottom: 10px; padding-right: 5px;\"  itemscope itemtype=\"https:\/\/schema.org\/ImageObject\"><div class=\"envira-gallery-item-inner\"><div class=\"envira-gallery-position-overlay  envira-gallery-top-left\"><\/div><div class=\"envira-gallery-position-overlay  envira-gallery-top-right\"><\/div><div class=\"envira-gallery-position-overlay  envira-gallery-bottom-left\"><\/div><div class=\"envira-gallery-position-overlay  envira-gallery-bottom-right\"><\/div><a href=\"http:\/\/naturalezayarte.thefanworld.com\/wp-content\/uploads\/biopool.jpg\" class=\"envira-gallery-15800 envira-gallery-link\" rel=\"enviragallery15800\" title=\"Piscina naturalizada Ibiza, zona de regeneracion, naturalezayart\" data-envira-caption=\"Piscina naturalizada Ibiza, zona de regeneracion, naturalezayart\" data-envira-retina=\"\" data-thumbnail=\"\"  itemprop=\"contentUrl\"><div class=\"envira-lazy\" data-test-width=\"640\" data-test-height=\"480\" style=\"padding-bottom:75%;\"><img id=\"envira-gallery-image-15801\" class=\"envira-gallery-image envira-gallery-image-1\" data-envira-index=\"1\" src=\"https:\/\/naturalezayarte.thefanworld.com\/wp-content\/uploads\/biopool.jpg\" data-envira-src=\"https:\/\/naturalezayarte.thefanworld.com\/wp-content\/uploads\/biopool.jpg\" data-envira-gallery-id=\"15800\" data-envira-item-id=\"15801\" data-envira-caption=\"Piscina naturalizada Ibiza, zona de regeneracion, naturalezayart\" alt=\"\" title=\"Piscina naturalizada Ibiza, zona de regeneracion, naturalezayart\"  itemprop=\"thumbnailUrl\" data-envira-srcset=\"https:\/\/naturalezayarte.thefanworld.com\/wp-content\/uploads\/biopool.jpg 400w,https:\/\/naturalezayarte.thefanworld.com\/wp-content\/uploads\/biopool.jpg 2x\" srcset=\"data:image\/gif;base64,R0lGODlhAQABAIAAAP\/\/\/\/\/\/\/yH5BAEKAAEALAAAAAABAAEAAAICTAEAOw==\" \/><\/div><\/a><\/div><\/div><div id=\"envira-gallery-item-15802\" class=\"envira-gallery-item enviratope-item envira-gallery-item-2 envira-lazy-load\" style=\"padding-left: 5px; padding-bottom: 10px; padding-right: 5px;\"  itemscope itemtype=\"https:\/\/schema.org\/ImageObject\"><div class=\"envira-gallery-item-inner\"><div class=\"envira-gallery-position-overlay  envira-gallery-top-left\"><\/div><div class=\"envira-gallery-position-overlay  envira-gallery-top-right\"><\/div><div class=\"envira-gallery-position-overlay  envira-gallery-bottom-left\"><\/div><div class=\"envira-gallery-position-overlay  envira-gallery-bottom-right\"><\/div><a href=\"http:\/\/naturalezayarte.thefanworld.com\/wp-content\/uploads\/biopool-ibiza-bio-piscina-ibiza-767x1024.jpg\" class=\"envira-gallery-15800 envira-gallery-link\" rel=\"enviragallery15800\" title=\"biopool-ibiza-bio-piscina-ibiza-767&amp;#215;1024\" data-envira-caption=\"biopool-ibiza-bio-piscina-ibiza-767&amp;#215;1024\" data-envira-retina=\"\" data-thumbnail=\"\"  itemprop=\"contentUrl\"><div class=\"envira-lazy\" data-test-width=\"640\" data-test-height=\"480\" style=\"padding-bottom:75%;\"><img id=\"envira-gallery-image-15802\" class=\"envira-gallery-image envira-gallery-image-2\" data-envira-index=\"2\" src=\"https:\/\/naturalezayarte.thefanworld.com\/wp-content\/uploads\/biopool-ibiza-bio-piscina-ibiza-767x1024-767x1024.jpg\" data-envira-src=\"https:\/\/naturalezayarte.thefanworld.com\/wp-content\/uploads\/biopool-ibiza-bio-piscina-ibiza-767x1024-767x1024.jpg\" data-envira-gallery-id=\"15800\" data-envira-item-id=\"15802\" data-envira-caption=\"biopool-ibiza-bio-piscina-ibiza-767&amp;#215;1024\" alt=\"\" title=\"biopool-ibiza-bio-piscina-ibiza-767&amp;amp;#215;1024\"  itemprop=\"thumbnailUrl\" data-envira-srcset=\"https:\/\/naturalezayarte.thefanworld.com\/wp-content\/uploads\/biopool-ibiza-bio-piscina-ibiza-767x1024-767x1024.jpg 400w,https:\/\/naturalezayarte.thefanworld.com\/wp-content\/uploads\/biopool-ibiza-bio-piscina-ibiza-767x1024-767x1024.jpg 2x\" srcset=\"data:image\/gif;base64,R0lGODlhAQABAIAAAP\/\/\/\/\/\/\/yH5BAEKAAEALAAAAAABAAEAAAICTAEAOw==\" \/><\/div><\/a><\/div><\/div><div id=\"envira-gallery-item-15803\" class=\"envira-gallery-item enviratope-item envira-gallery-item-3 envira-lazy-load\" style=\"padding-left: 5px; padding-bottom: 10px; padding-right: 5px;\"  itemscope itemtype=\"https:\/\/schema.org\/ImageObject\"><div class=\"envira-gallery-item-inner\"><div class=\"envira-gallery-position-overlay  envira-gallery-top-left\"><\/div><div class=\"envira-gallery-position-overlay  envira-gallery-top-right\"><\/div><div class=\"envira-gallery-position-overlay  envira-gallery-bottom-left\"><\/div><div class=\"envira-gallery-position-overlay  envira-gallery-bottom-right\"><\/div><a href=\"http:\/\/naturalezayarte.thefanworld.com\/wp-content\/uploads\/IMG_4004-1024x768.jpg\" class=\"envira-gallery-15800 envira-gallery-link\" rel=\"enviragallery15800\" title=\"IMG_4004-1024&amp;#215;768\" data-envira-caption=\"IMG_4004-1024&amp;#215;768\" data-envira-retina=\"\" data-thumbnail=\"\"  itemprop=\"contentUrl\"><div class=\"envira-lazy\" data-test-width=\"640\" data-test-height=\"480\" style=\"padding-bottom:75%;\"><img id=\"envira-gallery-image-15803\" class=\"envira-gallery-image envira-gallery-image-3\" data-envira-index=\"3\" src=\"https:\/\/naturalezayarte.thefanworld.com\/wp-content\/uploads\/IMG_4004-1024x768-1024x768.jpg\" data-envira-src=\"https:\/\/naturalezayarte.thefanworld.com\/wp-content\/uploads\/IMG_4004-1024x768-1024x768.jpg\" data-envira-gallery-id=\"15800\" data-envira-item-id=\"15803\" data-envira-caption=\"IMG_4004-1024&amp;#215;768\" alt=\"\" title=\"IMG_4004-1024&amp;amp;#215;768\"  itemprop=\"thumbnailUrl\" data-envira-srcset=\"https:\/\/naturalezayarte.thefanworld.com\/wp-content\/uploads\/IMG_4004-1024x768-1024x768.jpg 400w,https:\/\/naturalezayarte.thefanworld.com\/wp-content\/uploads\/IMG_4004-1024x768-1024x768.jpg 2x\" srcset=\"data:image\/gif;base64,R0lGODlhAQABAIAAAP\/\/\/\/\/\/\/yH5BAEKAAEALAAAAAABAAEAAAICTAEAOw==\" \/><\/div><\/a><\/div><\/div><div id=\"envira-gallery-item-15804\" class=\"envira-gallery-item enviratope-item envira-gallery-item-4 envira-lazy-load\" style=\"padding-left: 5px; padding-bottom: 10px; padding-right: 5px;\"  itemscope itemtype=\"https:\/\/schema.org\/ImageObject\"><div class=\"envira-gallery-item-inner\"><div class=\"envira-gallery-position-overlay  envira-gallery-top-left\"><\/div><div class=\"envira-gallery-position-overlay  envira-gallery-top-right\"><\/div><div class=\"envira-gallery-position-overlay  envira-gallery-bottom-left\"><\/div><div class=\"envira-gallery-position-overlay  envira-gallery-bottom-right\"><\/div><a href=\"http:\/\/naturalezayarte.thefanworld.com\/wp-content\/uploads\/P1020529.jpg\" class=\"envira-gallery-15800 envira-gallery-link\" rel=\"enviragallery15800\" title=\"P1020529\" data-envira-caption=\"P1020529\" data-envira-retina=\"\" data-thumbnail=\"\"  itemprop=\"contentUrl\"><div class=\"envira-lazy\" data-test-width=\"640\" data-test-height=\"480\" style=\"padding-bottom:75%;\"><img id=\"envira-gallery-image-15804\" class=\"envira-gallery-image envira-gallery-image-4\" data-envira-index=\"4\" src=\"https:\/\/naturalezayarte.thefanworld.com\/wp-content\/uploads\/P1020529.jpg\" data-envira-src=\"https:\/\/naturalezayarte.thefanworld.com\/wp-content\/uploads\/P1020529.jpg\" data-envira-gallery-id=\"15800\" data-envira-item-id=\"15804\" data-envira-caption=\"P1020529\" alt=\"\" title=\"P1020529\"  itemprop=\"thumbnailUrl\" data-envira-srcset=\"https:\/\/naturalezayarte.thefanworld.com\/wp-content\/uploads\/P1020529.jpg 400w,https:\/\/naturalezayarte.thefanworld.com\/wp-content\/uploads\/P1020529.jpg 2x\" srcset=\"data:image\/gif;base64,R0lGODlhAQABAIAAAP\/\/\/\/\/\/\/yH5BAEKAAEALAAAAAABAAEAAAICTAEAOw==\" \/><\/div><\/a><\/div><\/div><div id=\"envira-gallery-item-15805\" class=\"envira-gallery-item enviratope-item envira-gallery-item-5 envira-lazy-load\" style=\"padding-left: 5px; padding-bottom: 10px; padding-right: 5px;\"  itemscope itemtype=\"https:\/\/schema.org\/ImageObject\"><div class=\"envira-gallery-item-inner\"><div class=\"envira-gallery-position-overlay  envira-gallery-top-left\"><\/div><div class=\"envira-gallery-position-overlay  envira-gallery-top-right\"><\/div><div class=\"envira-gallery-position-overlay  envira-gallery-bottom-left\"><\/div><div class=\"envira-gallery-position-overlay  envira-gallery-bottom-right\"><\/div><a href=\"http:\/\/naturalezayarte.thefanworld.com\/wp-content\/uploads\/piscina-biologica-naturalezayarte-paisajismo-ibiza-genova-plaingreen-naturpool-biopiscine-piscina-natural-biopiscina.jpg\" class=\"envira-gallery-15800 envira-gallery-link\" rel=\"enviragallery15800\" title=\"OLYMPUS DIGITAL CAMERA\" data-envira-caption=\"OLYMPUS DIGITAL CAMERA\" data-envira-retina=\"\" data-thumbnail=\"\"  itemprop=\"contentUrl\"><div class=\"envira-lazy\" data-test-width=\"640\" data-test-height=\"480\" style=\"padding-bottom:75%;\"><img id=\"envira-gallery-image-15805\" class=\"envira-gallery-image envira-gallery-image-5\" data-envira-index=\"5\" src=\"https:\/\/naturalezayarte.thefanworld.com\/wp-content\/uploads\/piscina-biologica-naturalezayarte-paisajismo-ibiza-genova-plaingreen-naturpool-biopiscine-piscina-natural-biopiscina.jpg\" data-envira-src=\"https:\/\/naturalezayarte.thefanworld.com\/wp-content\/uploads\/piscina-biologica-naturalezayarte-paisajismo-ibiza-genova-plaingreen-naturpool-biopiscine-piscina-natural-biopiscina.jpg\" data-envira-gallery-id=\"15800\" data-envira-item-id=\"15805\" data-envira-caption=\"OLYMPUS DIGITAL CAMERA\" alt=\"\" title=\"OLYMPUS DIGITAL CAMERA\"  itemprop=\"thumbnailUrl\" data-envira-srcset=\"https:\/\/naturalezayarte.thefanworld.com\/wp-content\/uploads\/piscina-biologica-naturalezayarte-paisajismo-ibiza-genova-plaingreen-naturpool-biopiscine-piscina-natural-biopiscina.jpg 400w,https:\/\/naturalezayarte.thefanworld.com\/wp-content\/uploads\/piscina-biologica-naturalezayarte-paisajismo-ibiza-genova-plaingreen-naturpool-biopiscine-piscina-natural-biopiscina.jpg 2x\" srcset=\"data:image\/gif;base64,R0lGODlhAQABAIAAAP\/\/\/\/\/\/\/yH5BAEKAAEALAAAAAABAAEAAAICTAEAOw==\" \/><\/div><\/a><\/div><\/div><div id=\"envira-gallery-item-15806\" class=\"envira-gallery-item enviratope-item envira-gallery-item-6 envira-lazy-load\" style=\"padding-left: 5px; padding-bottom: 10px; padding-right: 5px;\"  itemscope itemtype=\"https:\/\/schema.org\/ImageObject\"><div class=\"envira-gallery-item-inner\"><div class=\"envira-gallery-position-overlay  envira-gallery-top-left\"><\/div><div class=\"envira-gallery-position-overlay  envira-gallery-top-right\"><\/div><div class=\"envira-gallery-position-overlay  envira-gallery-bottom-left\"><\/div><div class=\"envira-gallery-position-overlay  envira-gallery-bottom-right\"><\/div><a href=\"http:\/\/naturalezayarte.thefanworld.com\/wp-content\/uploads\/piscina-biologica-zona-regeneracion-naturalezayarte-ibiza-genova-plaingreen-naturpool-biopiscine-768x1024.jpg\" class=\"envira-gallery-15800 envira-gallery-link\" rel=\"enviragallery15800\" title=\"piscina-biologica-zona-regeneracion-naturalezayarte-ibiza-genova-plaingreen-naturpool-biopiscine-768&amp;#215;1024\" data-envira-caption=\"piscina-biologica-zona-regeneracion-naturalezayarte-ibiza-genova-plaingreen-naturpool-biopiscine-768&amp;#215;1024\" data-envira-retina=\"\" data-thumbnail=\"\"  itemprop=\"contentUrl\"><div class=\"envira-lazy\" data-test-width=\"640\" data-test-height=\"480\" style=\"padding-bottom:75%;\"><img id=\"envira-gallery-image-15806\" class=\"envira-gallery-image envira-gallery-image-6\" data-envira-index=\"6\" src=\"https:\/\/naturalezayarte.thefanworld.com\/wp-content\/uploads\/piscina-biologica-zona-regeneracion-naturalezayarte-ibiza-genova-plaingreen-naturpool-biopiscine-768x1024.jpg\" data-envira-src=\"https:\/\/naturalezayarte.thefanworld.com\/wp-content\/uploads\/piscina-biologica-zona-regeneracion-naturalezayarte-ibiza-genova-plaingreen-naturpool-biopiscine-768x1024.jpg\" data-envira-gallery-id=\"15800\" data-envira-item-id=\"15806\" data-envira-caption=\"piscina-biologica-zona-regeneracion-naturalezayarte-ibiza-genova-plaingreen-naturpool-biopiscine-768&amp;#215;1024\" alt=\"\" title=\"piscina-biologica-zona-regeneracion-naturalezayarte-ibiza-genova-plaingreen-naturpool-biopiscine-768&amp;amp;#215;1024\"  itemprop=\"thumbnailUrl\" data-envira-srcset=\"https:\/\/naturalezayarte.thefanworld.com\/wp-content\/uploads\/piscina-biologica-zona-regeneracion-naturalezayarte-ibiza-genova-plaingreen-naturpool-biopiscine-768x1024.jpg 400w,https:\/\/naturalezayarte.thefanworld.com\/wp-content\/uploads\/piscina-biologica-zona-regeneracion-naturalezayarte-ibiza-genova-plaingreen-naturpool-biopiscine-768x1024.jpg 2x\" srcset=\"data:image\/gif;base64,R0lGODlhAQABAIAAAP\/\/\/\/\/\/\/yH5BAEKAAEALAAAAAABAAEAAAICTAEAOw==\" \/><\/div><\/a><\/div><\/div><div id=\"envira-gallery-item-15807\" class=\"envira-gallery-item enviratope-item envira-gallery-item-7 envira-lazy-load\" style=\"padding-left: 5px; padding-bottom: 10px; padding-right: 5px;\"  itemscope itemtype=\"https:\/\/schema.org\/ImageObject\"><div class=\"envira-gallery-item-inner\"><div class=\"envira-gallery-position-overlay  envira-gallery-top-left\"><\/div><div class=\"envira-gallery-position-overlay  envira-gallery-top-right\"><\/div><div class=\"envira-gallery-position-overlay  envira-gallery-bottom-left\"><\/div><div class=\"envira-gallery-position-overlay  envira-gallery-bottom-right\"><\/div><a href=\"http:\/\/naturalezayarte.thefanworld.com\/wp-content\/uploads\/Piscina-naturalizada-iluminada-Santa-Gertrudis-Ibiza.jpg\" class=\"envira-gallery-15800 envira-gallery-link\" rel=\"enviragallery15800\" title=\"piscina-biologica-naturpool-biopiscina-ibiza-naturalezayarte-gen\" data-envira-caption=\"piscina-biologica-naturpool-biopiscina-ibiza-naturalezayarte-gen\" data-envira-retina=\"\" data-thumbnail=\"\"  itemprop=\"contentUrl\"><div class=\"envira-lazy\" data-test-width=\"640\" data-test-height=\"480\" style=\"padding-bottom:75%;\"><img id=\"envira-gallery-image-15807\" class=\"envira-gallery-image envira-gallery-image-7\" data-envira-index=\"7\" src=\"https:\/\/naturalezayarte.thefanworld.com\/wp-content\/uploads\/Piscina-naturalizada-iluminada-Santa-Gertrudis-Ibiza.jpg\" data-envira-src=\"https:\/\/naturalezayarte.thefanworld.com\/wp-content\/uploads\/Piscina-naturalizada-iluminada-Santa-Gertrudis-Ibiza.jpg\" data-envira-gallery-id=\"15800\" data-envira-item-id=\"15807\" data-envira-caption=\"piscina-biologica-naturpool-biopiscina-ibiza-naturalezayarte-gen\" alt=\"\" title=\"piscina-biologica-naturpool-biopiscina-ibiza-naturalezayarte-gen\"  itemprop=\"thumbnailUrl\" data-envira-srcset=\"https:\/\/naturalezayarte.thefanworld.com\/wp-content\/uploads\/Piscina-naturalizada-iluminada-Santa-Gertrudis-Ibiza.jpg 400w,https:\/\/naturalezayarte.thefanworld.com\/wp-content\/uploads\/Piscina-naturalizada-iluminada-Santa-Gertrudis-Ibiza.jpg 2x\" srcset=\"data:image\/gif;base64,R0lGODlhAQABAIAAAP\/\/\/\/\/\/\/yH5BAEKAAEALAAAAAABAAEAAAICTAEAOw==\" \/><\/div><\/a><\/div><\/div><div id=\"envira-gallery-item-15808\" class=\"envira-gallery-item enviratope-item envira-gallery-item-8 envira-lazy-load\" style=\"padding-left: 5px; padding-bottom: 10px; padding-right: 5px;\"  itemscope itemtype=\"https:\/\/schema.org\/ImageObject\"><div class=\"envira-gallery-item-inner\"><div class=\"envira-gallery-position-overlay  envira-gallery-top-left\"><\/div><div class=\"envira-gallery-position-overlay  envira-gallery-top-right\"><\/div><div class=\"envira-gallery-position-overlay  envira-gallery-bottom-left\"><\/div><div class=\"envira-gallery-position-overlay  envira-gallery-bottom-right\"><\/div><a href=\"http:\/\/naturalezayarte.thefanworld.com\/wp-content\/uploads\/swiming-pond.jpg\" class=\"envira-gallery-15800 envira-gallery-link\" rel=\"enviragallery15800\" title=\"swiming-pond\" data-envira-caption=\"swiming-pond\" data-envira-retina=\"\" data-thumbnail=\"\"  itemprop=\"contentUrl\"><div class=\"envira-lazy\" data-test-width=\"640\" data-test-height=\"480\" style=\"padding-bottom:75%;\"><img id=\"envira-gallery-image-15808\" class=\"envira-gallery-image envira-gallery-image-8\" data-envira-index=\"8\" src=\"https:\/\/naturalezayarte.thefanworld.com\/wp-content\/uploads\/swiming-pond.jpg\" data-envira-src=\"https:\/\/naturalezayarte.thefanworld.com\/wp-content\/uploads\/swiming-pond.jpg\" data-envira-gallery-id=\"15800\" data-envira-item-id=\"15808\" data-envira-caption=\"swiming-pond\" alt=\"\" title=\"swiming-pond\"  itemprop=\"thumbnailUrl\" data-envira-srcset=\"https:\/\/naturalezayarte.thefanworld.com\/wp-content\/uploads\/swiming-pond.jpg 400w,https:\/\/naturalezayarte.thefanworld.com\/wp-content\/uploads\/swiming-pond.jpg 2x\" srcset=\"data:image\/gif;base64,R0lGODlhAQABAIAAAP\/\/\/\/\/\/\/yH5BAEKAAEALAAAAAABAAEAAAICTAEAOw==\" \/><\/div><\/a><\/div><\/div><\/div><\/div><noscript><img src=\"https:\/\/naturalezayarte.thefanworld.com\/wp-content\/uploads\/biopool.jpg\" alt=\"\" \/><img src=\"https:\/\/naturalezayarte.thefanworld.com\/wp-content\/uploads\/biopool-ibiza-bio-piscina-ibiza-767x1024.jpg\" alt=\"\" \/><img src=\"https:\/\/naturalezayarte.thefanworld.com\/wp-content\/uploads\/IMG_4004-1024x768.jpg\" alt=\"\" \/><img src=\"https:\/\/naturalezayarte.thefanworld.com\/wp-content\/uploads\/P1020529.jpg\" alt=\"\" \/><img src=\"https:\/\/naturalezayarte.thefanworld.com\/wp-content\/uploads\/piscina-biologica-naturalezayarte-paisajismo-ibiza-genova-plaingreen-naturpool-biopiscine-piscina-natural-biopiscina.jpg\" alt=\"\" \/><img src=\"https:\/\/naturalezayarte.thefanworld.com\/wp-content\/uploads\/piscina-biologica-zona-regeneracion-naturalezayarte-ibiza-genova-plaingreen-naturpool-biopiscine-768x1024.jpg\" alt=\"\" \/><img src=\"https:\/\/naturalezayarte.thefanworld.com\/wp-content\/uploads\/Piscina-naturalizada-iluminada-Santa-Gertrudis-Ibiza.jpg\" alt=\"\" \/><img src=\"https:\/\/naturalezayarte.thefanworld.com\/wp-content\/uploads\/swiming-pond.jpg\" alt=\"\" \/><\/noscript><\/p>","protected":false},"excerpt":{"rendered":"<p>&nbsp; SCHWIMMTEICH \/ NATUR-POOL Wir sind Spezialisten f\u00fcr Konzeption und Bau von Badegew\u00e4ssern mit rein biologischer Wasseraufbereitung nach den Richtlinien der\u00a0International Organization for natural Bathing waters (IOB). Die Begriffe Schwimmteich, Badeteich und Naturpool bezeichnen prinzipiell das selbe: eine k\u00fcnstlich angelegte Badem\u00f6glichkeit mit rein-biologischer Wasseraufbereitung. Wie in einem gesunden See oder Fluss wird das Schwimmteich-Wasser von [&hellip;]<\/p>\n","protected":false},"author":1,"featured_media":0,"parent":0,"menu_order":0,"comment_status":"closed","ping_status":"closed","template":"","meta":[],"_links":{"self":[{"href":"https:\/\/naturalezayarte.thefanworld.com\/de\/wp-json\/wp\/v2\/pages\/15714"}],"collection":[{"href":"https:\/\/naturalezayarte.thefanworld.com\/de\/wp-json\/wp\/v2\/pages"}],"about":[{"href":"https:\/\/naturalezayarte.thefanworld.com\/de\/wp-json\/wp\/v2\/types\/page"}],"author":[{"embeddable":true,"href":"https:\/\/naturalezayarte.thefanworld.com\/de\/wp-json\/wp\/v2\/users\/1"}],"replies":[{"embeddable":true,"href":"https:\/\/naturalezayarte.thefanworld.com\/de\/wp-json\/wp\/v2\/comments?post=15714"}],"version-history":[{"count":3,"href":"https:\/\/naturalezayarte.thefanworld.com\/de\/wp-json\/wp\/v2\/pages\/15714\/revisions"}],"predecessor-version":[{"id":15906,"href":"https:\/\/naturalezayarte.thefanworld.com\/de\/wp-json\/wp\/v2\/pages\/15714\/revisions\/15906"}],"wp:attachment":[{"href":"https:\/\/naturalezayarte.thefanworld.com\/de\/wp-json\/wp\/v2\/media?parent=15714"}],"curies":[{"name":"wp","href":"https:\/\/api.w.org\/{rel}","templated":true}]}}