{"id":15814,"date":"2019-05-14T10:19:46","date_gmt":"2019-05-14T08:19:46","guid":{"rendered":"http:\/\/naturalezayarte.thefanworld.com\/?page_id=15814"},"modified":"2019-05-14T10:19:46","modified_gmt":"2019-05-14T08:19:46","slug":"natural-pool-ibiza","status":"publish","type":"page","link":"https:\/\/naturalezayarte.thefanworld.com\/de\/natural-pool-ibiza\/","title":{"rendered":"(English) Natural Pool, Ibiza"},"content":{"rendered":"<p class=\"qtranxs-available-languages-message qtranxs-available-languages-message-de\">Leider ist der Eintrag nur auf <a href=\"https:\/\/naturalezayarte.thefanworld.com\/en\/wp-json\/wp\/v2\/pages\/15814\" class=\"qtranxs-available-language-link qtranxs-available-language-link-en\" title=\"English\">Amerikanisches Englisch<\/a>, <a href=\"https:\/\/naturalezayarte.thefanworld.com\/it\/wp-json\/wp\/v2\/pages\/15814\" class=\"qtranxs-available-language-link qtranxs-available-language-link-it\" title=\"Italiano\">Italienisch<\/a> und <a href=\"https:\/\/naturalezayarte.thefanworld.com\/es\/wp-json\/wp\/v2\/pages\/15814\" class=\"qtranxs-available-language-link qtranxs-available-language-link-es\" title=\"Espa\u00f1ol\">Europ\u00e4isches Spanisch<\/a> verf\u00fcgbar. Der Inhalt wird in der Standard-Sprache dieser Website angezeigt. Sie k\u00f6nnen einen Link anklicken, um zu einer anderen verf\u00fcgbaren Sprache zu wechseln.<\/p><p>Natural pool with architectonical forms, 30 x 4 m<br \/>\nConstruction in reenforced concrete, tiled. Two borders with infinity effect.<br \/>\nEstimated time of termination: may 2015<br \/>\nSeparated planted reedbed filter with sediment trap<br \/>\nIntegrated area of aquaculture<\/p>\n<p>July 2015: the pool is working, the filter in the front of the picture is established and working well<\/p>","protected":false},"excerpt":{"rendered":"<p>Leider ist der Eintrag nur auf Amerikanisches Englisch, Italienisch und Europ\u00e4isches Spanisch verf\u00fcgbar. Der Inhalt wird in der Standard-Sprache dieser Website angezeigt. Sie k\u00f6nnen einen Link anklicken, um zu einer anderen verf\u00fcgbaren Sprache zu wechseln.Natural pool with architectonical forms, 30 x 4 m Construction in reenforced concrete, tiled. Two borders with infinity effect. Estimated time [&hellip;]<\/p>\n","protected":false},"author":1,"featured_media":0,"parent":0,"menu_order":0,"comment_status":"closed","ping_status":"closed","template":"","meta":[],"_links":{"self":[{"href":"https:\/\/naturalezayarte.thefanworld.com\/de\/wp-json\/wp\/v2\/pages\/15814"}],"collection":[{"href":"https:\/\/naturalezayarte.thefanworld.com\/de\/wp-json\/wp\/v2\/pages"}],"about":[{"href":"https:\/\/naturalezayarte.thefanworld.com\/de\/wp-json\/wp\/v2\/types\/page"}],"author":[{"embeddable":true,"href":"https:\/\/naturalezayarte.thefanworld.com\/de\/wp-json\/wp\/v2\/users\/1"}],"replies":[{"embeddable":true,"href":"https:\/\/naturalezayarte.thefanworld.com\/de\/wp-json\/wp\/v2\/comments?post=15814"}],"version-history":[{"count":1,"href":"https:\/\/naturalezayarte.thefanworld.com\/de\/wp-json\/wp\/v2\/pages\/15814\/revisions"}],"predecessor-version":[{"id":15815,"href":"https:\/\/naturalezayarte.thefanworld.com\/de\/wp-json\/wp\/v2\/pages\/15814\/revisions\/15815"}],"wp:attachment":[{"href":"https:\/\/naturalezayarte.thefanworld.com\/de\/wp-json\/wp\/v2\/media?parent=15814"}],"curies":[{"name":"wp","href":"https:\/\/api.w.org\/{rel}","templated":true}]}}