{"id":15662,"date":"2019-05-08T16:02:33","date_gmt":"2019-05-08T14:02:33","guid":{"rendered":"http:\/\/naturalezayarte.thefanworld.com\/?page_id=15662"},"modified":"2019-11-12T12:20:37","modified_gmt":"2019-11-12T11:20:37","slug":"vertical-garden","status":"publish","type":"page","link":"https:\/\/naturalezayarte.thefanworld.com\/es\/vertical-garden\/","title":{"rendered":"Jardines Verticales"},"content":{"rendered":"<p>ARD\u00cdN VERTICAL \/ MURO VERDE<\/p>\n<p>&nbsp;<\/p>\n<p>Obra de arte vivo y pulm\u00f3n verde para la ciudad y el interior<\/p>\n<p>\u201c\u00bfLas plantas realmente necesitan tierra? No, no \u2026.. La tierra no es m\u00e1s que un mero apoyo mec\u00e1nico. Solamente necesitan agua con minerales disueltos, el di\u00f3xido de carbono y la luz para llevar a cabo la fotos\u00edntesis \u201d (Patrick Blanc).<\/p>\n<p>El bot\u00e1nico franc\u00e9s es pionero en la construcci\u00f3n de jardines verticales, realizando proyectos muy impresionantes en todo el mundo. Su innovaci\u00f3n principal consiste en utilizar la capacidad de las ra\u00edces para crecer no solamente en un espacio (de suelo, agua o arena), sino tambi\u00e9n para adaptarse a cualquier superficie. \u00c9l desarroll\u00f3 un sistema muy ligero y puro: las plantas enra\u00edzan en un vell\u00f3n, fijado a un soporte estable y resistente al agua que se monta en la pared dejando un espacio para el aire. Por lo tanto, las ra\u00edces no pueden entrar en contacto con la pared y causar da\u00f1os. La construcci\u00f3n en su conjunto pesa menos de 30kg\/m2 incluyendo las plantas, permitiendo su uso en casi todos los tipos de pared. Las plantas se eligen dependiendo del entorno, las condiciones clim\u00e1ticas y su exposici\u00f3n a la luz y al viento. El riego y la fertilizaci\u00f3n est\u00e1n automatizados.<\/p>\n<div id=\"envira-gallery-wrap-15761\" class=\"envira-gallery-wrap envira-gallery-theme-base envira-lightbox-theme-base\" itemscope itemtype=\"https:\/\/schema.org\/ImageGallery\"><div data-row-height=\"\" data-gallery-theme=\"\" id=\"envira-gallery-15761\" class=\"envira-gallery-public  envira-gallery-3-columns envira-clear enviratope envira-gallery-css-animations\" data-envira-columns=\"3\"><div id=\"envira-gallery-item-15762\" class=\"envira-gallery-item enviratope-item envira-gallery-item-1 envira-lazy-load\" style=\"padding-left: 5px; padding-bottom: 10px; padding-right: 5px;\"  itemscope itemtype=\"https:\/\/schema.org\/ImageObject\"><div class=\"envira-gallery-item-inner\"><div class=\"envira-gallery-position-overlay  envira-gallery-top-left\"><\/div><div class=\"envira-gallery-position-overlay  envira-gallery-top-right\"><\/div><div class=\"envira-gallery-position-overlay  envira-gallery-bottom-left\"><\/div><div class=\"envira-gallery-position-overlay  envira-gallery-bottom-right\"><\/div><a href=\"http:\/\/naturalezayarte.thefanworld.com\/wp-content\/uploads\/Jardin-vertical-giardino-verticale-vertikaler-garten-ibiza-balearen-jardin-vertical-1.jpg\" class=\"envira-gallery-15761 envira-gallery-link\" rel=\"enviragallery15761\" title=\"Jardin-vertical-giardino-verticale-vertikaler-garten-ibiza-balearen-jardin-vertical 1\" data-envira-caption=\"Jardin-vertical-giardino-verticale-vertikaler-garten-ibiza-balearen-jardin-vertical 1\" data-envira-retina=\"\" data-thumbnail=\"\"  itemprop=\"contentUrl\"><div class=\"envira-lazy\" data-test-width=\"640\" data-test-height=\"480\" style=\"padding-bottom:75%;\"><img id=\"envira-gallery-image-15762\" class=\"envira-gallery-image envira-gallery-image-1\" data-envira-index=\"1\" src=\"https:\/\/naturalezayarte.thefanworld.com\/wp-content\/uploads\/Jardin-vertical-giardino-verticale-vertikaler-garten-ibiza-balearen-jardin-vertical-1.jpg\" data-envira-src=\"https:\/\/naturalezayarte.thefanworld.com\/wp-content\/uploads\/Jardin-vertical-giardino-verticale-vertikaler-garten-ibiza-balearen-jardin-vertical-1.jpg\" data-envira-gallery-id=\"15761\" data-envira-item-id=\"15762\" data-envira-caption=\"Jardin-vertical-giardino-verticale-vertikaler-garten-ibiza-balearen-jardin-vertical 1\" alt=\"\" title=\"Jardin-vertical-giardino-verticale-vertikaler-garten-ibiza-balearen-jardin-vertical 1\"  itemprop=\"thumbnailUrl\" data-envira-srcset=\"https:\/\/naturalezayarte.thefanworld.com\/wp-content\/uploads\/Jardin-vertical-giardino-verticale-vertikaler-garten-ibiza-balearen-jardin-vertical-1.jpg 400w,https:\/\/naturalezayarte.thefanworld.com\/wp-content\/uploads\/Jardin-vertical-giardino-verticale-vertikaler-garten-ibiza-balearen-jardin-vertical-1.jpg 2x\" srcset=\"data:image\/gif;base64,R0lGODlhAQABAIAAAP\/\/\/\/\/\/\/yH5BAEKAAEALAAAAAABAAEAAAICTAEAOw==\" \/><\/div><\/a><\/div><\/div><div id=\"envira-gallery-item-15763\" class=\"envira-gallery-item enviratope-item envira-gallery-item-2 envira-lazy-load\" style=\"padding-left: 5px; padding-bottom: 10px; padding-right: 5px;\"  itemscope itemtype=\"https:\/\/schema.org\/ImageObject\"><div class=\"envira-gallery-item-inner\"><div class=\"envira-gallery-position-overlay  envira-gallery-top-left\"><\/div><div class=\"envira-gallery-position-overlay  envira-gallery-top-right\"><\/div><div class=\"envira-gallery-position-overlay  envira-gallery-bottom-left\"><\/div><div class=\"envira-gallery-position-overlay  envira-gallery-bottom-right\"><\/div><a href=\"http:\/\/naturalezayarte.thefanworld.com\/wp-content\/uploads\/Jardin-vertical-giardino-verticale-vertikaler-garten-ibiza-balearen-treviso-1.jpg\" class=\"envira-gallery-15761 envira-gallery-link\" rel=\"enviragallery15761\" title=\"Jardin-vertical-giardino-verticale-vertikaler-garten-ibiza-balearen-treviso 1\" data-envira-caption=\"Jardin-vertical-giardino-verticale-vertikaler-garten-ibiza-balearen-treviso 1\" data-envira-retina=\"\" data-thumbnail=\"\"  itemprop=\"contentUrl\"><div class=\"envira-lazy\" data-test-width=\"640\" data-test-height=\"480\" style=\"padding-bottom:75%;\"><img id=\"envira-gallery-image-15763\" class=\"envira-gallery-image envira-gallery-image-2\" data-envira-index=\"2\" src=\"https:\/\/naturalezayarte.thefanworld.com\/wp-content\/uploads\/Jardin-vertical-giardino-verticale-vertikaler-garten-ibiza-balearen-treviso-1-1024x683.jpg\" data-envira-src=\"https:\/\/naturalezayarte.thefanworld.com\/wp-content\/uploads\/Jardin-vertical-giardino-verticale-vertikaler-garten-ibiza-balearen-treviso-1-1024x683.jpg\" data-envira-gallery-id=\"15761\" data-envira-item-id=\"15763\" data-envira-caption=\"Jardin-vertical-giardino-verticale-vertikaler-garten-ibiza-balearen-treviso 1\" alt=\"\" title=\"Jardin-vertical-giardino-verticale-vertikaler-garten-ibiza-balearen-treviso 1\"  itemprop=\"thumbnailUrl\" data-envira-srcset=\"https:\/\/naturalezayarte.thefanworld.com\/wp-content\/uploads\/Jardin-vertical-giardino-verticale-vertikaler-garten-ibiza-balearen-treviso-1-1024x683.jpg 400w,https:\/\/naturalezayarte.thefanworld.com\/wp-content\/uploads\/Jardin-vertical-giardino-verticale-vertikaler-garten-ibiza-balearen-treviso-1-1024x683.jpg 2x\" srcset=\"data:image\/gif;base64,R0lGODlhAQABAIAAAP\/\/\/\/\/\/\/yH5BAEKAAEALAAAAAABAAEAAAICTAEAOw==\" \/><\/div><\/a><\/div><\/div><div id=\"envira-gallery-item-15764\" class=\"envira-gallery-item enviratope-item envira-gallery-item-3 envira-lazy-load\" style=\"padding-left: 5px; padding-bottom: 10px; padding-right: 5px;\"  itemscope itemtype=\"https:\/\/schema.org\/ImageObject\"><div class=\"envira-gallery-item-inner\"><div class=\"envira-gallery-position-overlay  envira-gallery-top-left\"><\/div><div class=\"envira-gallery-position-overlay  envira-gallery-top-right\"><\/div><div class=\"envira-gallery-position-overlay  envira-gallery-bottom-left\"><\/div><div class=\"envira-gallery-position-overlay  envira-gallery-bottom-right\"><\/div><a href=\"http:\/\/naturalezayarte.thefanworld.com\/wp-content\/uploads\/jardin-vertical-ibiza-Temakinho-giardino-verticale-vertical-garden-vertikaler-garten-naturalezayarte-genova-1-1.jpg\" class=\"envira-gallery-15761 envira-gallery-link\" rel=\"enviragallery15761\" title=\"jardin-vertical-ibiza-Temakinho-giardino-verticale-vertical-garden-vertikaler-garten-naturalezayarte-genova 1\" data-envira-caption=\"jardin-vertical-ibiza-Temakinho-giardino-verticale-vertical-garden-vertikaler-garten-naturalezayarte-genova 1\" data-envira-retina=\"\" data-thumbnail=\"\"  itemprop=\"contentUrl\"><div class=\"envira-lazy\" data-test-width=\"640\" data-test-height=\"480\" style=\"padding-bottom:75%;\"><img id=\"envira-gallery-image-15764\" class=\"envira-gallery-image envira-gallery-image-3\" data-envira-index=\"3\" src=\"https:\/\/naturalezayarte.thefanworld.com\/wp-content\/uploads\/jardin-vertical-ibiza-Temakinho-giardino-verticale-vertical-garden-vertikaler-garten-naturalezayarte-genova-1-1-1024x320.jpg\" data-envira-src=\"https:\/\/naturalezayarte.thefanworld.com\/wp-content\/uploads\/jardin-vertical-ibiza-Temakinho-giardino-verticale-vertical-garden-vertikaler-garten-naturalezayarte-genova-1-1-1024x320.jpg\" data-envira-gallery-id=\"15761\" data-envira-item-id=\"15764\" data-envira-caption=\"jardin-vertical-ibiza-Temakinho-giardino-verticale-vertical-garden-vertikaler-garten-naturalezayarte-genova 1\" alt=\"\" title=\"jardin-vertical-ibiza-Temakinho-giardino-verticale-vertical-garden-vertikaler-garten-naturalezayarte-genova 1\"  itemprop=\"thumbnailUrl\" data-envira-srcset=\"https:\/\/naturalezayarte.thefanworld.com\/wp-content\/uploads\/jardin-vertical-ibiza-Temakinho-giardino-verticale-vertical-garden-vertikaler-garten-naturalezayarte-genova-1-1-1024x320.jpg 400w,https:\/\/naturalezayarte.thefanworld.com\/wp-content\/uploads\/jardin-vertical-ibiza-Temakinho-giardino-verticale-vertical-garden-vertikaler-garten-naturalezayarte-genova-1-1-1024x320.jpg 2x\" srcset=\"data:image\/gif;base64,R0lGODlhAQABAIAAAP\/\/\/\/\/\/\/yH5BAEKAAEALAAAAAABAAEAAAICTAEAOw==\" \/><\/div><\/a><\/div><\/div><div id=\"envira-gallery-item-15765\" class=\"envira-gallery-item enviratope-item envira-gallery-item-4 envira-lazy-load\" style=\"padding-left: 5px; padding-bottom: 10px; padding-right: 5px;\"  itemscope itemtype=\"https:\/\/schema.org\/ImageObject\"><div class=\"envira-gallery-item-inner\"><div class=\"envira-gallery-position-overlay  envira-gallery-top-left\"><\/div><div class=\"envira-gallery-position-overlay  envira-gallery-top-right\"><\/div><div class=\"envira-gallery-position-overlay  envira-gallery-bottom-left\"><\/div><div class=\"envira-gallery-position-overlay  envira-gallery-bottom-right\"><\/div><a href=\"http:\/\/naturalezayarte.thefanworld.com\/wp-content\/uploads\/jardin-vertical-Roberto-cavalli-ibiza-vertikaler-garten-giardino-verticale-1.jpg\" class=\"envira-gallery-15761 envira-gallery-link\" rel=\"enviragallery15761\" title=\"jardin-vertical-Roberto-cavalli-ibiza-vertikaler-garten-giardino-verticale 1\" data-envira-caption=\"jardin-vertical-Roberto-cavalli-ibiza-vertikaler-garten-giardino-verticale 1\" data-envira-retina=\"\" data-thumbnail=\"\"  itemprop=\"contentUrl\"><div class=\"envira-lazy\" data-test-width=\"640\" data-test-height=\"480\" style=\"padding-bottom:75%;\"><img id=\"envira-gallery-image-15765\" class=\"envira-gallery-image envira-gallery-image-4\" data-envira-index=\"4\" src=\"https:\/\/naturalezayarte.thefanworld.com\/wp-content\/uploads\/jardin-vertical-Roberto-cavalli-ibiza-vertikaler-garten-giardino-verticale-1-1024x683.jpg\" data-envira-src=\"https:\/\/naturalezayarte.thefanworld.com\/wp-content\/uploads\/jardin-vertical-Roberto-cavalli-ibiza-vertikaler-garten-giardino-verticale-1-1024x683.jpg\" data-envira-gallery-id=\"15761\" data-envira-item-id=\"15765\" data-envira-caption=\"jardin-vertical-Roberto-cavalli-ibiza-vertikaler-garten-giardino-verticale 1\" alt=\"\" title=\"jardin-vertical-Roberto-cavalli-ibiza-vertikaler-garten-giardino-verticale 1\"  itemprop=\"thumbnailUrl\" data-envira-srcset=\"https:\/\/naturalezayarte.thefanworld.com\/wp-content\/uploads\/jardin-vertical-Roberto-cavalli-ibiza-vertikaler-garten-giardino-verticale-1-1024x683.jpg 400w,https:\/\/naturalezayarte.thefanworld.com\/wp-content\/uploads\/jardin-vertical-Roberto-cavalli-ibiza-vertikaler-garten-giardino-verticale-1-1024x683.jpg 2x\" srcset=\"data:image\/gif;base64,R0lGODlhAQABAIAAAP\/\/\/\/\/\/\/yH5BAEKAAEALAAAAAABAAEAAAICTAEAOw==\" \/><\/div><\/a><\/div><\/div><div id=\"envira-gallery-item-15766\" class=\"envira-gallery-item enviratope-item envira-gallery-item-5 envira-lazy-load\" style=\"padding-left: 5px; padding-bottom: 10px; padding-right: 5px;\"  itemscope itemtype=\"https:\/\/schema.org\/ImageObject\"><div class=\"envira-gallery-item-inner\"><div class=\"envira-gallery-position-overlay  envira-gallery-top-left\"><\/div><div class=\"envira-gallery-position-overlay  envira-gallery-top-right\"><\/div><div class=\"envira-gallery-position-overlay  envira-gallery-bottom-left\"><\/div><div class=\"envira-gallery-position-overlay  envira-gallery-bottom-right\"><\/div><a href=\"http:\/\/naturalezayarte.thefanworld.com\/wp-content\/uploads\/paisajismo-ibiza-jardin-vertical-naturalezayarte-genova-giardino-verticale-1.jpg\" class=\"envira-gallery-15761 envira-gallery-link\" rel=\"enviragallery15761\" title=\"paisajismo-ibiza-jardin-vertical-naturalezayarte-genova-giardino-verticale 1\" data-envira-caption=\"paisajismo-ibiza-jardin-vertical-naturalezayarte-genova-giardino-verticale 1\" data-envira-retina=\"\" data-thumbnail=\"\"  itemprop=\"contentUrl\"><div class=\"envira-lazy\" data-test-width=\"640\" data-test-height=\"480\" style=\"padding-bottom:75%;\"><img id=\"envira-gallery-image-15766\" class=\"envira-gallery-image envira-gallery-image-5\" data-envira-index=\"5\" src=\"https:\/\/naturalezayarte.thefanworld.com\/wp-content\/uploads\/paisajismo-ibiza-jardin-vertical-naturalezayarte-genova-giardino-verticale-1-1024x768.jpg\" data-envira-src=\"https:\/\/naturalezayarte.thefanworld.com\/wp-content\/uploads\/paisajismo-ibiza-jardin-vertical-naturalezayarte-genova-giardino-verticale-1-1024x768.jpg\" data-envira-gallery-id=\"15761\" data-envira-item-id=\"15766\" data-envira-caption=\"paisajismo-ibiza-jardin-vertical-naturalezayarte-genova-giardino-verticale 1\" alt=\"\" title=\"paisajismo-ibiza-jardin-vertical-naturalezayarte-genova-giardino-verticale 1\"  itemprop=\"thumbnailUrl\" data-envira-srcset=\"https:\/\/naturalezayarte.thefanworld.com\/wp-content\/uploads\/paisajismo-ibiza-jardin-vertical-naturalezayarte-genova-giardino-verticale-1-1024x768.jpg 400w,https:\/\/naturalezayarte.thefanworld.com\/wp-content\/uploads\/paisajismo-ibiza-jardin-vertical-naturalezayarte-genova-giardino-verticale-1-1024x768.jpg 2x\" srcset=\"data:image\/gif;base64,R0lGODlhAQABAIAAAP\/\/\/\/\/\/\/yH5BAEKAAEALAAAAAABAAEAAAICTAEAOw==\" \/><\/div><\/a><\/div><\/div><div id=\"envira-gallery-item-15767\" class=\"envira-gallery-item enviratope-item envira-gallery-item-6 envira-lazy-load\" style=\"padding-left: 5px; padding-bottom: 10px; padding-right: 5px;\"  itemscope itemtype=\"https:\/\/schema.org\/ImageObject\"><div class=\"envira-gallery-item-inner\"><div class=\"envira-gallery-position-overlay  envira-gallery-top-left\"><\/div><div class=\"envira-gallery-position-overlay  envira-gallery-top-right\"><\/div><div class=\"envira-gallery-position-overlay  envira-gallery-bottom-left\"><\/div><div class=\"envira-gallery-position-overlay  envira-gallery-bottom-right\"><\/div><a href=\"http:\/\/naturalezayarte.thefanworld.com\/wp-content\/uploads\/Proyecto-Jardin-Vertical-Siesta-Ibiza-by-naturalezayarte-genova-1.jpg\" class=\"envira-gallery-15761 envira-gallery-link\" rel=\"enviragallery15761\" title=\"Proyecto-Jardin-Vertical-Siesta-Ibiza-by-naturalezayarte-genova 1\" data-envira-caption=\"Proyecto-Jardin-Vertical-Siesta-Ibiza-by-naturalezayarte-genova 1\" data-envira-retina=\"\" data-thumbnail=\"\"  itemprop=\"contentUrl\"><div class=\"envira-lazy\" data-test-width=\"640\" data-test-height=\"480\" style=\"padding-bottom:75%;\"><img id=\"envira-gallery-image-15767\" class=\"envira-gallery-image envira-gallery-image-6\" data-envira-index=\"6\" src=\"https:\/\/naturalezayarte.thefanworld.com\/wp-content\/uploads\/Proyecto-Jardin-Vertical-Siesta-Ibiza-by-naturalezayarte-genova-1-1024x614.jpg\" data-envira-src=\"https:\/\/naturalezayarte.thefanworld.com\/wp-content\/uploads\/Proyecto-Jardin-Vertical-Siesta-Ibiza-by-naturalezayarte-genova-1-1024x614.jpg\" data-envira-gallery-id=\"15761\" data-envira-item-id=\"15767\" data-envira-caption=\"Proyecto-Jardin-Vertical-Siesta-Ibiza-by-naturalezayarte-genova 1\" alt=\"\" title=\"Proyecto-Jardin-Vertical-Siesta-Ibiza-by-naturalezayarte-genova 1\"  itemprop=\"thumbnailUrl\" data-envira-srcset=\"https:\/\/naturalezayarte.thefanworld.com\/wp-content\/uploads\/Proyecto-Jardin-Vertical-Siesta-Ibiza-by-naturalezayarte-genova-1-1024x614.jpg 400w,https:\/\/naturalezayarte.thefanworld.com\/wp-content\/uploads\/Proyecto-Jardin-Vertical-Siesta-Ibiza-by-naturalezayarte-genova-1-1024x614.jpg 2x\" srcset=\"data:image\/gif;base64,R0lGODlhAQABAIAAAP\/\/\/\/\/\/\/yH5BAEKAAEALAAAAAABAAEAAAICTAEAOw==\" \/><\/div><\/a><\/div><\/div><div id=\"envira-gallery-item-15768\" class=\"envira-gallery-item enviratope-item envira-gallery-item-7 envira-lazy-load\" style=\"padding-left: 5px; padding-bottom: 10px; padding-right: 5px;\"  itemscope itemtype=\"https:\/\/schema.org\/ImageObject\"><div class=\"envira-gallery-item-inner\"><div class=\"envira-gallery-position-overlay  envira-gallery-top-left\"><\/div><div class=\"envira-gallery-position-overlay  envira-gallery-top-right\"><\/div><div class=\"envira-gallery-position-overlay  envira-gallery-bottom-left\"><\/div><div class=\"envira-gallery-position-overlay  envira-gallery-bottom-right\"><\/div><a href=\"http:\/\/naturalezayarte.thefanworld.com\/wp-content\/uploads\/Sundar-Italia-Giardino-Verticale-esterno-Lorenzon-1.jpg\" class=\"envira-gallery-15761 envira-gallery-link\" rel=\"enviragallery15761\" title=\"Sundar-Italia-Giardino-Verticale-esterno-Lorenzon- 1\" data-envira-caption=\"Sundar-Italia-Giardino-Verticale-esterno-Lorenzon- 1\" data-envira-retina=\"\" data-thumbnail=\"\"  itemprop=\"contentUrl\"><div class=\"envira-lazy\" data-test-width=\"640\" data-test-height=\"480\" style=\"padding-bottom:75%;\"><img id=\"envira-gallery-image-15768\" class=\"envira-gallery-image envira-gallery-image-7\" data-envira-index=\"7\" src=\"https:\/\/naturalezayarte.thefanworld.com\/wp-content\/uploads\/Sundar-Italia-Giardino-Verticale-esterno-Lorenzon-1-1024x683.jpg\" data-envira-src=\"https:\/\/naturalezayarte.thefanworld.com\/wp-content\/uploads\/Sundar-Italia-Giardino-Verticale-esterno-Lorenzon-1-1024x683.jpg\" data-envira-gallery-id=\"15761\" data-envira-item-id=\"15768\" data-envira-caption=\"Sundar-Italia-Giardino-Verticale-esterno-Lorenzon- 1\" alt=\"\" title=\"Sundar-Italia-Giardino-Verticale-esterno-Lorenzon- 1\"  itemprop=\"thumbnailUrl\" data-envira-srcset=\"https:\/\/naturalezayarte.thefanworld.com\/wp-content\/uploads\/Sundar-Italia-Giardino-Verticale-esterno-Lorenzon-1-1024x683.jpg 400w,https:\/\/naturalezayarte.thefanworld.com\/wp-content\/uploads\/Sundar-Italia-Giardino-Verticale-esterno-Lorenzon-1-1024x683.jpg 2x\" srcset=\"data:image\/gif;base64,R0lGODlhAQABAIAAAP\/\/\/\/\/\/\/yH5BAEKAAEALAAAAAABAAEAAAICTAEAOw==\" \/><\/div><\/a><\/div><\/div><div id=\"envira-gallery-item-15769\" class=\"envira-gallery-item enviratope-item envira-gallery-item-8 envira-lazy-load\" style=\"padding-left: 5px; padding-bottom: 10px; padding-right: 5px;\"  itemscope itemtype=\"https:\/\/schema.org\/ImageObject\"><div class=\"envira-gallery-item-inner\"><div class=\"envira-gallery-position-overlay  envira-gallery-top-left\"><\/div><div class=\"envira-gallery-position-overlay  envira-gallery-top-right\"><\/div><div class=\"envira-gallery-position-overlay  envira-gallery-bottom-left\"><\/div><div class=\"envira-gallery-position-overlay  envira-gallery-bottom-right\"><\/div><a href=\"http:\/\/naturalezayarte.thefanworld.com\/wp-content\/uploads\/vertikeler-garten-ibiza-baleares-roberto-cavalli-giardino-verticale-jardin-vertical-green-wall-1.jpg\" class=\"envira-gallery-15761 envira-gallery-link\" rel=\"enviragallery15761\" title=\"vertikeler-garten-ibiza-baleares-roberto-cavalli-giardino-verticale-jardin-vertical-green-wall\" data-envira-caption=\"vertikeler-garten-ibiza-baleares-roberto-cavalli-giardino-verticale-jardin-vertical-green-wall\" data-envira-retina=\"\" data-thumbnail=\"\"  itemprop=\"contentUrl\"><div class=\"envira-lazy\" data-test-width=\"640\" data-test-height=\"480\" style=\"padding-bottom:75%;\"><img id=\"envira-gallery-image-15769\" class=\"envira-gallery-image envira-gallery-image-8\" data-envira-index=\"8\" src=\"https:\/\/naturalezayarte.thefanworld.com\/wp-content\/uploads\/vertikeler-garten-ibiza-baleares-roberto-cavalli-giardino-verticale-jardin-vertical-green-wall-1-1024x768.jpg\" data-envira-src=\"https:\/\/naturalezayarte.thefanworld.com\/wp-content\/uploads\/vertikeler-garten-ibiza-baleares-roberto-cavalli-giardino-verticale-jardin-vertical-green-wall-1-1024x768.jpg\" data-envira-gallery-id=\"15761\" data-envira-item-id=\"15769\" data-envira-caption=\"vertikeler-garten-ibiza-baleares-roberto-cavalli-giardino-verticale-jardin-vertical-green-wall\" alt=\"\" title=\"vertikeler-garten-ibiza-baleares-roberto-cavalli-giardino-verticale-jardin-vertical-green-wall\"  itemprop=\"thumbnailUrl\" data-envira-srcset=\"https:\/\/naturalezayarte.thefanworld.com\/wp-content\/uploads\/vertikeler-garten-ibiza-baleares-roberto-cavalli-giardino-verticale-jardin-vertical-green-wall-1-1024x768.jpg 400w,https:\/\/naturalezayarte.thefanworld.com\/wp-content\/uploads\/vertikeler-garten-ibiza-baleares-roberto-cavalli-giardino-verticale-jardin-vertical-green-wall-1-1024x768.jpg 2x\" srcset=\"data:image\/gif;base64,R0lGODlhAQABAIAAAP\/\/\/\/\/\/\/yH5BAEKAAEALAAAAAABAAEAAAICTAEAOw==\" \/><\/div><\/a><\/div><\/div><\/div><\/div><noscript><img src=\"https:\/\/naturalezayarte.thefanworld.com\/wp-content\/uploads\/Jardin-vertical-giardino-verticale-vertikaler-garten-ibiza-balearen-jardin-vertical-1.jpg\" alt=\"\" \/><img src=\"https:\/\/naturalezayarte.thefanworld.com\/wp-content\/uploads\/Jardin-vertical-giardino-verticale-vertikaler-garten-ibiza-balearen-treviso-1.jpg\" alt=\"\" \/><img src=\"https:\/\/naturalezayarte.thefanworld.com\/wp-content\/uploads\/jardin-vertical-ibiza-Temakinho-giardino-verticale-vertical-garden-vertikaler-garten-naturalezayarte-genova-1-1.jpg\" alt=\"\" \/><img src=\"https:\/\/naturalezayarte.thefanworld.com\/wp-content\/uploads\/jardin-vertical-Roberto-cavalli-ibiza-vertikaler-garten-giardino-verticale-1.jpg\" alt=\"\" \/><img src=\"https:\/\/naturalezayarte.thefanworld.com\/wp-content\/uploads\/paisajismo-ibiza-jardin-vertical-naturalezayarte-genova-giardino-verticale-1.jpg\" alt=\"\" \/><img src=\"https:\/\/naturalezayarte.thefanworld.com\/wp-content\/uploads\/Proyecto-Jardin-Vertical-Siesta-Ibiza-by-naturalezayarte-genova-1.jpg\" alt=\"\" \/><img src=\"https:\/\/naturalezayarte.thefanworld.com\/wp-content\/uploads\/Sundar-Italia-Giardino-Verticale-esterno-Lorenzon-1.jpg\" alt=\"\" \/><img src=\"https:\/\/naturalezayarte.thefanworld.com\/wp-content\/uploads\/vertikeler-garten-ibiza-baleares-roberto-cavalli-giardino-verticale-jardin-vertical-green-wall-1.jpg\" alt=\"\" \/><\/noscript>\n<p>Tanto los Jardines Verticales como los Techos Verdes contribuyen al modelo de \u2018Cuidad Verde\u2019. Al ser ambos aislantes eficaces, tanto t\u00e9rmica como ac\u00fasticamente y ayudan a reducir el consumo energ\u00e9tico, tanto en invierno (por la protecci\u00f3n del edificio contra el fr\u00edo) como en verano (al proporcionar un enfriamiento natural del entorno).<\/p>\n<p>Tambi\u00e9n es capaz de purificar el aire. Las hojas filtran el aire de gases t\u00f3xicos y CO2. Part\u00edculas contaminantes se depositan sobre el vell\u00f3n h\u00famedo y los microorganismos los descomponen y mineralizan antes de que sean absorbidos por las ra\u00edces como fertilizante. Los jardines verticales en el interior limpian el aire de la nicotina, formaldeh\u00eddo y todo tipo de contaminaci\u00f3n causada por las impresoras, ordenadores o pl\u00e1sticos.<\/p>\n<p>Por \u00faltimo, es un refugio de valor para la biodiversidad en nuestras ciudades. Existen varios conceptos de jardines verticales en el mercado, cada uno con sus caracter\u00edsticas pertinentes. Por lo general, las plantas tardan unos meses en cubrir toda la superficie y llegar al deseado resultado final. Pero tambi\u00e9n es posible pre-cultivar m\u00f3dulos en un vivero antes de plantarlos en el muro.<\/p>","protected":false},"excerpt":{"rendered":"<p>ARD\u00cdN VERTICAL \/ MURO VERDE &nbsp; Obra de arte vivo y pulm\u00f3n verde para la ciudad y el interior \u201c\u00bfLas plantas realmente necesitan tierra? No, no \u2026.. La tierra no es m\u00e1s que un mero apoyo mec\u00e1nico. Solamente necesitan agua con minerales disueltos, el di\u00f3xido de carbono y la luz para llevar a cabo la [&hellip;]<\/p>\n","protected":false},"author":1,"featured_media":0,"parent":0,"menu_order":0,"comment_status":"closed","ping_status":"closed","template":"","meta":[],"_links":{"self":[{"href":"https:\/\/naturalezayarte.thefanworld.com\/es\/wp-json\/wp\/v2\/pages\/15662"}],"collection":[{"href":"https:\/\/naturalezayarte.thefanworld.com\/es\/wp-json\/wp\/v2\/pages"}],"about":[{"href":"https:\/\/naturalezayarte.thefanworld.com\/es\/wp-json\/wp\/v2\/types\/page"}],"author":[{"embeddable":true,"href":"https:\/\/naturalezayarte.thefanworld.com\/es\/wp-json\/wp\/v2\/users\/1"}],"replies":[{"embeddable":true,"href":"https:\/\/naturalezayarte.thefanworld.com\/es\/wp-json\/wp\/v2\/comments?post=15662"}],"version-history":[{"count":7,"href":"https:\/\/naturalezayarte.thefanworld.com\/es\/wp-json\/wp\/v2\/pages\/15662\/revisions"}],"predecessor-version":[{"id":15900,"href":"https:\/\/naturalezayarte.thefanworld.com\/es\/wp-json\/wp\/v2\/pages\/15662\/revisions\/15900"}],"wp:attachment":[{"href":"https:\/\/naturalezayarte.thefanworld.com\/es\/wp-json\/wp\/v2\/media?parent=15662"}],"curies":[{"name":"wp","href":"https:\/\/api.w.org\/{rel}","templated":true}]}}