{"id":15714,"date":"2019-05-11T11:50:42","date_gmt":"2019-05-11T09:50:42","guid":{"rendered":"http:\/\/naturalezayarte.thefanworld.com\/?page_id=15714"},"modified":"2019-11-12T12:35:31","modified_gmt":"2019-11-12T11:35:31","slug":"swimming-ponds","status":"publish","type":"page","link":"https:\/\/naturalezayarte.thefanworld.com\/es\/swimming-ponds\/","title":{"rendered":"Piscinas naturalizadas y lagos de ba\u00f1o"},"content":{"rendered":"<p>&nbsp;<\/p>\n<p>PISCINA NATURALIZADA \/ LAGO DE BA\u00d1O<\/p>\n<p>Somos especialistas en el dise\u00f1o e implementaci\u00f3n de piscinas con tratamiento del agua puramente biol\u00f3gico seg\u00fan las reglas del Grupo Ib\u00e9rico de Aguas de Ba\u00f1o Naturalizadas GIABN y International Organization for natural bathing waters (IOB)<\/p>\n<p>\u201cEn la Pen\u00ednsula Ib\u00e9rica y en conformidad con las definiciones de otros pa\u00edses europeos se entiende como piscina naturalizada o lago de ba\u00f1o l\u00e1minas de agua para fines placer, impermeabilizados, dotados de una parte destinada a ba\u00f1o y otra destinada a depuraci\u00f3n del agua a trav\u00e9s de procesos biol\u00f3gicos y mec\u00e1nicos. El objetivo principal de una piscina naturalizada es ofrecer agua de calidad de ba\u00f1o de acuerdo con la legislaci\u00f3n europea y reglamentos internacionales. Son excluidos todos los procesos que usan productos qu\u00edmicos, UV (luz ultravioleta) ultra sonidos o similares. La renovaci\u00f3n total del agua \u00fanicamente esta permitida en casos excepcionales.\u201d ( Grupo Ib\u00e9rico de Aguas de Ba\u00f1o Naturalizadas GIABN )<\/p>\n<p>Una breve comparaci\u00f3n de las piscinas convencionales y las piscinas naturalizadas:<\/p>\n<p>Por el uso humano (aceite solar, las part\u00edculas de la piel, la orina)<br \/>\nEn la piscina con t\u00e9cnica convencional se utilizan qu\u00edmicos germicidas (por ejemplo, el cloro, el cloro por la sal de di\u00e1lisis, el ozono) para suprimir la propagaci\u00f3n de bacterias y algas.\u00a0El filtro retiene los s\u00f3lidos que son eliminados del sistema mediante una limpieza del filtro pero los nutrientes siguen siendo \u00a0disueltos y se acumulan en el agua de la piscina! En consecuencia, el constante aumento de la contaminaci\u00f3n del agua hace a\u00fan m\u00e1s necesario el uso de productos qu\u00edmicos. Estos productos qu\u00edmicos son agresivos tambi\u00e9n hacia nosotros y provocan enrojecimiento, ardor en los ojos, asma y la piel seca.<\/p>\n<p>La caracter\u00edstica principal de las piscinas naturales es el tratamiento totalmente natural del agua y la eliminaci\u00f3n de los nutrientes. Microorganismos y plantas las consumen y las fijan en su tejido. Con la poda de las plantas estos nutrientes son eliminados definitivamente del sistema.<\/p>\n<p>Esto significa que el agua conserva sus propiedades naturales, est\u00e1 viva y agradable para la piel, sin riesgo de alergias.<\/p>\n<p>Una piscina natural puede integrarse arm\u00f3nicamente y enriquecer el jard\u00edn como elemento acu\u00e1tico y refugio para la fauna y la flora, adem\u00e1s de convertirse en un lugar ideal para nuestros ratos de descanso. Esta vive las cuatro estaciones, sin necesidad de ser vaciada o cubierta en invierno.<\/p>\n<p>Funciona con una bomba de baja potencia, en un circuito cerrado y un consumo m\u00ednimo de agua potable, ya que una vez llena, el uso se limita a reponer peri\u00f3dicamente aquella que se pierde por evaporaci\u00f3n.<\/p>\n<p>Todas las formas son posibles: desde la imitaci\u00f3n de un lago natural, hasta piscinas modificadas conservando su forma tradicional pero sin cloro.<\/p>\n<p>Adaptado a las condiciones clim\u00e1ticas, las piscinas naturales funcionan perfectamente tambi\u00e9n en Ibiza!<\/p>\n<p>Nuestro especialista para Piscinas naturalizadas es tesorero del Grupo Ib\u00e9rico de Aguas de Ba\u00f1o Naturalizadas ( GIABN ) y vice-presidente de la International Organisation for natural Bathing waters ( IOB )<\/p>\n<p><div id=\"envira-gallery-wrap-15800\" class=\"envira-gallery-wrap envira-gallery-theme-base envira-lightbox-theme-base\" itemscope itemtype=\"https:\/\/schema.org\/ImageGallery\"><div data-row-height=\"\" data-gallery-theme=\"\" id=\"envira-gallery-15800\" class=\"envira-gallery-public  envira-gallery-3-columns envira-clear enviratope envira-gallery-css-animations\" data-envira-columns=\"3\"><div id=\"envira-gallery-item-15801\" class=\"envira-gallery-item enviratope-item envira-gallery-item-1 envira-lazy-load\" style=\"padding-left: 5px; padding-bottom: 10px; padding-right: 5px;\"  itemscope itemtype=\"https:\/\/schema.org\/ImageObject\"><div class=\"envira-gallery-item-inner\"><div class=\"envira-gallery-position-overlay  envira-gallery-top-left\"><\/div><div class=\"envira-gallery-position-overlay  envira-gallery-top-right\"><\/div><div class=\"envira-gallery-position-overlay  envira-gallery-bottom-left\"><\/div><div class=\"envira-gallery-position-overlay  envira-gallery-bottom-right\"><\/div><a href=\"http:\/\/naturalezayarte.thefanworld.com\/wp-content\/uploads\/biopool.jpg\" class=\"envira-gallery-15800 envira-gallery-link\" rel=\"enviragallery15800\" title=\"Piscina naturalizada Ibiza, zona de regeneracion, naturalezayart\" data-envira-caption=\"Piscina naturalizada Ibiza, zona de regeneracion, naturalezayart\" data-envira-retina=\"\" data-thumbnail=\"\"  itemprop=\"contentUrl\"><div class=\"envira-lazy\" data-test-width=\"640\" data-test-height=\"480\" style=\"padding-bottom:75%;\"><img id=\"envira-gallery-image-15801\" class=\"envira-gallery-image envira-gallery-image-1\" data-envira-index=\"1\" src=\"https:\/\/naturalezayarte.thefanworld.com\/wp-content\/uploads\/biopool.jpg\" data-envira-src=\"https:\/\/naturalezayarte.thefanworld.com\/wp-content\/uploads\/biopool.jpg\" data-envira-gallery-id=\"15800\" data-envira-item-id=\"15801\" data-envira-caption=\"Piscina naturalizada Ibiza, zona de regeneracion, naturalezayart\" alt=\"\" title=\"Piscina naturalizada Ibiza, zona de regeneracion, naturalezayart\"  itemprop=\"thumbnailUrl\" data-envira-srcset=\"https:\/\/naturalezayarte.thefanworld.com\/wp-content\/uploads\/biopool.jpg 400w,https:\/\/naturalezayarte.thefanworld.com\/wp-content\/uploads\/biopool.jpg 2x\" srcset=\"data:image\/gif;base64,R0lGODlhAQABAIAAAP\/\/\/\/\/\/\/yH5BAEKAAEALAAAAAABAAEAAAICTAEAOw==\" \/><\/div><\/a><\/div><\/div><div id=\"envira-gallery-item-15802\" class=\"envira-gallery-item enviratope-item envira-gallery-item-2 envira-lazy-load\" style=\"padding-left: 5px; padding-bottom: 10px; padding-right: 5px;\"  itemscope itemtype=\"https:\/\/schema.org\/ImageObject\"><div class=\"envira-gallery-item-inner\"><div class=\"envira-gallery-position-overlay  envira-gallery-top-left\"><\/div><div class=\"envira-gallery-position-overlay  envira-gallery-top-right\"><\/div><div class=\"envira-gallery-position-overlay  envira-gallery-bottom-left\"><\/div><div class=\"envira-gallery-position-overlay  envira-gallery-bottom-right\"><\/div><a href=\"http:\/\/naturalezayarte.thefanworld.com\/wp-content\/uploads\/biopool-ibiza-bio-piscina-ibiza-767x1024.jpg\" class=\"envira-gallery-15800 envira-gallery-link\" rel=\"enviragallery15800\" title=\"biopool-ibiza-bio-piscina-ibiza-767&amp;#215;1024\" data-envira-caption=\"biopool-ibiza-bio-piscina-ibiza-767&amp;#215;1024\" data-envira-retina=\"\" data-thumbnail=\"\"  itemprop=\"contentUrl\"><div class=\"envira-lazy\" data-test-width=\"640\" data-test-height=\"480\" style=\"padding-bottom:75%;\"><img id=\"envira-gallery-image-15802\" class=\"envira-gallery-image envira-gallery-image-2\" data-envira-index=\"2\" src=\"https:\/\/naturalezayarte.thefanworld.com\/wp-content\/uploads\/biopool-ibiza-bio-piscina-ibiza-767x1024-767x1024.jpg\" data-envira-src=\"https:\/\/naturalezayarte.thefanworld.com\/wp-content\/uploads\/biopool-ibiza-bio-piscina-ibiza-767x1024-767x1024.jpg\" data-envira-gallery-id=\"15800\" data-envira-item-id=\"15802\" data-envira-caption=\"biopool-ibiza-bio-piscina-ibiza-767&amp;#215;1024\" alt=\"\" title=\"biopool-ibiza-bio-piscina-ibiza-767&amp;amp;#215;1024\"  itemprop=\"thumbnailUrl\" data-envira-srcset=\"https:\/\/naturalezayarte.thefanworld.com\/wp-content\/uploads\/biopool-ibiza-bio-piscina-ibiza-767x1024-767x1024.jpg 400w,https:\/\/naturalezayarte.thefanworld.com\/wp-content\/uploads\/biopool-ibiza-bio-piscina-ibiza-767x1024-767x1024.jpg 2x\" srcset=\"data:image\/gif;base64,R0lGODlhAQABAIAAAP\/\/\/\/\/\/\/yH5BAEKAAEALAAAAAABAAEAAAICTAEAOw==\" \/><\/div><\/a><\/div><\/div><div id=\"envira-gallery-item-15803\" class=\"envira-gallery-item enviratope-item envira-gallery-item-3 envira-lazy-load\" style=\"padding-left: 5px; padding-bottom: 10px; padding-right: 5px;\"  itemscope itemtype=\"https:\/\/schema.org\/ImageObject\"><div class=\"envira-gallery-item-inner\"><div class=\"envira-gallery-position-overlay  envira-gallery-top-left\"><\/div><div class=\"envira-gallery-position-overlay  envira-gallery-top-right\"><\/div><div class=\"envira-gallery-position-overlay  envira-gallery-bottom-left\"><\/div><div class=\"envira-gallery-position-overlay  envira-gallery-bottom-right\"><\/div><a href=\"http:\/\/naturalezayarte.thefanworld.com\/wp-content\/uploads\/IMG_4004-1024x768.jpg\" class=\"envira-gallery-15800 envira-gallery-link\" rel=\"enviragallery15800\" title=\"IMG_4004-1024&amp;#215;768\" data-envira-caption=\"IMG_4004-1024&amp;#215;768\" data-envira-retina=\"\" data-thumbnail=\"\"  itemprop=\"contentUrl\"><div class=\"envira-lazy\" data-test-width=\"640\" data-test-height=\"480\" style=\"padding-bottom:75%;\"><img id=\"envira-gallery-image-15803\" class=\"envira-gallery-image envira-gallery-image-3\" data-envira-index=\"3\" src=\"https:\/\/naturalezayarte.thefanworld.com\/wp-content\/uploads\/IMG_4004-1024x768-1024x768.jpg\" data-envira-src=\"https:\/\/naturalezayarte.thefanworld.com\/wp-content\/uploads\/IMG_4004-1024x768-1024x768.jpg\" data-envira-gallery-id=\"15800\" data-envira-item-id=\"15803\" data-envira-caption=\"IMG_4004-1024&amp;#215;768\" alt=\"\" title=\"IMG_4004-1024&amp;amp;#215;768\"  itemprop=\"thumbnailUrl\" data-envira-srcset=\"https:\/\/naturalezayarte.thefanworld.com\/wp-content\/uploads\/IMG_4004-1024x768-1024x768.jpg 400w,https:\/\/naturalezayarte.thefanworld.com\/wp-content\/uploads\/IMG_4004-1024x768-1024x768.jpg 2x\" srcset=\"data:image\/gif;base64,R0lGODlhAQABAIAAAP\/\/\/\/\/\/\/yH5BAEKAAEALAAAAAABAAEAAAICTAEAOw==\" \/><\/div><\/a><\/div><\/div><div id=\"envira-gallery-item-15804\" class=\"envira-gallery-item enviratope-item envira-gallery-item-4 envira-lazy-load\" style=\"padding-left: 5px; padding-bottom: 10px; padding-right: 5px;\"  itemscope itemtype=\"https:\/\/schema.org\/ImageObject\"><div class=\"envira-gallery-item-inner\"><div class=\"envira-gallery-position-overlay  envira-gallery-top-left\"><\/div><div class=\"envira-gallery-position-overlay  envira-gallery-top-right\"><\/div><div class=\"envira-gallery-position-overlay  envira-gallery-bottom-left\"><\/div><div class=\"envira-gallery-position-overlay  envira-gallery-bottom-right\"><\/div><a href=\"http:\/\/naturalezayarte.thefanworld.com\/wp-content\/uploads\/P1020529.jpg\" class=\"envira-gallery-15800 envira-gallery-link\" rel=\"enviragallery15800\" title=\"P1020529\" data-envira-caption=\"P1020529\" data-envira-retina=\"\" data-thumbnail=\"\"  itemprop=\"contentUrl\"><div class=\"envira-lazy\" data-test-width=\"640\" data-test-height=\"480\" style=\"padding-bottom:75%;\"><img id=\"envira-gallery-image-15804\" class=\"envira-gallery-image envira-gallery-image-4\" data-envira-index=\"4\" src=\"https:\/\/naturalezayarte.thefanworld.com\/wp-content\/uploads\/P1020529.jpg\" data-envira-src=\"https:\/\/naturalezayarte.thefanworld.com\/wp-content\/uploads\/P1020529.jpg\" data-envira-gallery-id=\"15800\" data-envira-item-id=\"15804\" data-envira-caption=\"P1020529\" alt=\"\" title=\"P1020529\"  itemprop=\"thumbnailUrl\" data-envira-srcset=\"https:\/\/naturalezayarte.thefanworld.com\/wp-content\/uploads\/P1020529.jpg 400w,https:\/\/naturalezayarte.thefanworld.com\/wp-content\/uploads\/P1020529.jpg 2x\" srcset=\"data:image\/gif;base64,R0lGODlhAQABAIAAAP\/\/\/\/\/\/\/yH5BAEKAAEALAAAAAABAAEAAAICTAEAOw==\" \/><\/div><\/a><\/div><\/div><div id=\"envira-gallery-item-15805\" class=\"envira-gallery-item enviratope-item envira-gallery-item-5 envira-lazy-load\" style=\"padding-left: 5px; padding-bottom: 10px; padding-right: 5px;\"  itemscope itemtype=\"https:\/\/schema.org\/ImageObject\"><div class=\"envira-gallery-item-inner\"><div class=\"envira-gallery-position-overlay  envira-gallery-top-left\"><\/div><div class=\"envira-gallery-position-overlay  envira-gallery-top-right\"><\/div><div class=\"envira-gallery-position-overlay  envira-gallery-bottom-left\"><\/div><div class=\"envira-gallery-position-overlay  envira-gallery-bottom-right\"><\/div><a href=\"http:\/\/naturalezayarte.thefanworld.com\/wp-content\/uploads\/piscina-biologica-naturalezayarte-paisajismo-ibiza-genova-plaingreen-naturpool-biopiscine-piscina-natural-biopiscina.jpg\" class=\"envira-gallery-15800 envira-gallery-link\" rel=\"enviragallery15800\" title=\"OLYMPUS DIGITAL CAMERA\" data-envira-caption=\"OLYMPUS DIGITAL CAMERA\" data-envira-retina=\"\" data-thumbnail=\"\"  itemprop=\"contentUrl\"><div class=\"envira-lazy\" data-test-width=\"640\" data-test-height=\"480\" style=\"padding-bottom:75%;\"><img id=\"envira-gallery-image-15805\" class=\"envira-gallery-image envira-gallery-image-5\" data-envira-index=\"5\" src=\"https:\/\/naturalezayarte.thefanworld.com\/wp-content\/uploads\/piscina-biologica-naturalezayarte-paisajismo-ibiza-genova-plaingreen-naturpool-biopiscine-piscina-natural-biopiscina.jpg\" data-envira-src=\"https:\/\/naturalezayarte.thefanworld.com\/wp-content\/uploads\/piscina-biologica-naturalezayarte-paisajismo-ibiza-genova-plaingreen-naturpool-biopiscine-piscina-natural-biopiscina.jpg\" data-envira-gallery-id=\"15800\" data-envira-item-id=\"15805\" data-envira-caption=\"OLYMPUS DIGITAL CAMERA\" alt=\"\" title=\"OLYMPUS DIGITAL CAMERA\"  itemprop=\"thumbnailUrl\" data-envira-srcset=\"https:\/\/naturalezayarte.thefanworld.com\/wp-content\/uploads\/piscina-biologica-naturalezayarte-paisajismo-ibiza-genova-plaingreen-naturpool-biopiscine-piscina-natural-biopiscina.jpg 400w,https:\/\/naturalezayarte.thefanworld.com\/wp-content\/uploads\/piscina-biologica-naturalezayarte-paisajismo-ibiza-genova-plaingreen-naturpool-biopiscine-piscina-natural-biopiscina.jpg 2x\" srcset=\"data:image\/gif;base64,R0lGODlhAQABAIAAAP\/\/\/\/\/\/\/yH5BAEKAAEALAAAAAABAAEAAAICTAEAOw==\" \/><\/div><\/a><\/div><\/div><div id=\"envira-gallery-item-15806\" class=\"envira-gallery-item enviratope-item envira-gallery-item-6 envira-lazy-load\" style=\"padding-left: 5px; padding-bottom: 10px; padding-right: 5px;\"  itemscope itemtype=\"https:\/\/schema.org\/ImageObject\"><div class=\"envira-gallery-item-inner\"><div class=\"envira-gallery-position-overlay  envira-gallery-top-left\"><\/div><div class=\"envira-gallery-position-overlay  envira-gallery-top-right\"><\/div><div class=\"envira-gallery-position-overlay  envira-gallery-bottom-left\"><\/div><div class=\"envira-gallery-position-overlay  envira-gallery-bottom-right\"><\/div><a href=\"http:\/\/naturalezayarte.thefanworld.com\/wp-content\/uploads\/piscina-biologica-zona-regeneracion-naturalezayarte-ibiza-genova-plaingreen-naturpool-biopiscine-768x1024.jpg\" class=\"envira-gallery-15800 envira-gallery-link\" rel=\"enviragallery15800\" title=\"piscina-biologica-zona-regeneracion-naturalezayarte-ibiza-genova-plaingreen-naturpool-biopiscine-768&amp;#215;1024\" data-envira-caption=\"piscina-biologica-zona-regeneracion-naturalezayarte-ibiza-genova-plaingreen-naturpool-biopiscine-768&amp;#215;1024\" data-envira-retina=\"\" data-thumbnail=\"\"  itemprop=\"contentUrl\"><div class=\"envira-lazy\" data-test-width=\"640\" data-test-height=\"480\" style=\"padding-bottom:75%;\"><img id=\"envira-gallery-image-15806\" class=\"envira-gallery-image envira-gallery-image-6\" data-envira-index=\"6\" src=\"https:\/\/naturalezayarte.thefanworld.com\/wp-content\/uploads\/piscina-biologica-zona-regeneracion-naturalezayarte-ibiza-genova-plaingreen-naturpool-biopiscine-768x1024.jpg\" data-envira-src=\"https:\/\/naturalezayarte.thefanworld.com\/wp-content\/uploads\/piscina-biologica-zona-regeneracion-naturalezayarte-ibiza-genova-plaingreen-naturpool-biopiscine-768x1024.jpg\" data-envira-gallery-id=\"15800\" data-envira-item-id=\"15806\" data-envira-caption=\"piscina-biologica-zona-regeneracion-naturalezayarte-ibiza-genova-plaingreen-naturpool-biopiscine-768&amp;#215;1024\" alt=\"\" title=\"piscina-biologica-zona-regeneracion-naturalezayarte-ibiza-genova-plaingreen-naturpool-biopiscine-768&amp;amp;#215;1024\"  itemprop=\"thumbnailUrl\" data-envira-srcset=\"https:\/\/naturalezayarte.thefanworld.com\/wp-content\/uploads\/piscina-biologica-zona-regeneracion-naturalezayarte-ibiza-genova-plaingreen-naturpool-biopiscine-768x1024.jpg 400w,https:\/\/naturalezayarte.thefanworld.com\/wp-content\/uploads\/piscina-biologica-zona-regeneracion-naturalezayarte-ibiza-genova-plaingreen-naturpool-biopiscine-768x1024.jpg 2x\" srcset=\"data:image\/gif;base64,R0lGODlhAQABAIAAAP\/\/\/\/\/\/\/yH5BAEKAAEALAAAAAABAAEAAAICTAEAOw==\" \/><\/div><\/a><\/div><\/div><div id=\"envira-gallery-item-15807\" class=\"envira-gallery-item enviratope-item envira-gallery-item-7 envira-lazy-load\" style=\"padding-left: 5px; padding-bottom: 10px; padding-right: 5px;\"  itemscope itemtype=\"https:\/\/schema.org\/ImageObject\"><div class=\"envira-gallery-item-inner\"><div class=\"envira-gallery-position-overlay  envira-gallery-top-left\"><\/div><div class=\"envira-gallery-position-overlay  envira-gallery-top-right\"><\/div><div class=\"envira-gallery-position-overlay  envira-gallery-bottom-left\"><\/div><div class=\"envira-gallery-position-overlay  envira-gallery-bottom-right\"><\/div><a href=\"http:\/\/naturalezayarte.thefanworld.com\/wp-content\/uploads\/Piscina-naturalizada-iluminada-Santa-Gertrudis-Ibiza.jpg\" class=\"envira-gallery-15800 envira-gallery-link\" rel=\"enviragallery15800\" title=\"piscina-biologica-naturpool-biopiscina-ibiza-naturalezayarte-gen\" data-envira-caption=\"piscina-biologica-naturpool-biopiscina-ibiza-naturalezayarte-gen\" data-envira-retina=\"\" data-thumbnail=\"\"  itemprop=\"contentUrl\"><div class=\"envira-lazy\" data-test-width=\"640\" data-test-height=\"480\" style=\"padding-bottom:75%;\"><img id=\"envira-gallery-image-15807\" class=\"envira-gallery-image envira-gallery-image-7\" data-envira-index=\"7\" src=\"https:\/\/naturalezayarte.thefanworld.com\/wp-content\/uploads\/Piscina-naturalizada-iluminada-Santa-Gertrudis-Ibiza.jpg\" data-envira-src=\"https:\/\/naturalezayarte.thefanworld.com\/wp-content\/uploads\/Piscina-naturalizada-iluminada-Santa-Gertrudis-Ibiza.jpg\" data-envira-gallery-id=\"15800\" data-envira-item-id=\"15807\" data-envira-caption=\"piscina-biologica-naturpool-biopiscina-ibiza-naturalezayarte-gen\" alt=\"\" title=\"piscina-biologica-naturpool-biopiscina-ibiza-naturalezayarte-gen\"  itemprop=\"thumbnailUrl\" data-envira-srcset=\"https:\/\/naturalezayarte.thefanworld.com\/wp-content\/uploads\/Piscina-naturalizada-iluminada-Santa-Gertrudis-Ibiza.jpg 400w,https:\/\/naturalezayarte.thefanworld.com\/wp-content\/uploads\/Piscina-naturalizada-iluminada-Santa-Gertrudis-Ibiza.jpg 2x\" srcset=\"data:image\/gif;base64,R0lGODlhAQABAIAAAP\/\/\/\/\/\/\/yH5BAEKAAEALAAAAAABAAEAAAICTAEAOw==\" \/><\/div><\/a><\/div><\/div><div id=\"envira-gallery-item-15808\" class=\"envira-gallery-item enviratope-item envira-gallery-item-8 envira-lazy-load\" style=\"padding-left: 5px; padding-bottom: 10px; padding-right: 5px;\"  itemscope itemtype=\"https:\/\/schema.org\/ImageObject\"><div class=\"envira-gallery-item-inner\"><div class=\"envira-gallery-position-overlay  envira-gallery-top-left\"><\/div><div class=\"envira-gallery-position-overlay  envira-gallery-top-right\"><\/div><div class=\"envira-gallery-position-overlay  envira-gallery-bottom-left\"><\/div><div class=\"envira-gallery-position-overlay  envira-gallery-bottom-right\"><\/div><a href=\"http:\/\/naturalezayarte.thefanworld.com\/wp-content\/uploads\/swiming-pond.jpg\" class=\"envira-gallery-15800 envira-gallery-link\" rel=\"enviragallery15800\" title=\"swiming-pond\" data-envira-caption=\"swiming-pond\" data-envira-retina=\"\" data-thumbnail=\"\"  itemprop=\"contentUrl\"><div class=\"envira-lazy\" data-test-width=\"640\" data-test-height=\"480\" style=\"padding-bottom:75%;\"><img id=\"envira-gallery-image-15808\" class=\"envira-gallery-image envira-gallery-image-8\" data-envira-index=\"8\" src=\"https:\/\/naturalezayarte.thefanworld.com\/wp-content\/uploads\/swiming-pond.jpg\" data-envira-src=\"https:\/\/naturalezayarte.thefanworld.com\/wp-content\/uploads\/swiming-pond.jpg\" data-envira-gallery-id=\"15800\" data-envira-item-id=\"15808\" data-envira-caption=\"swiming-pond\" alt=\"\" title=\"swiming-pond\"  itemprop=\"thumbnailUrl\" data-envira-srcset=\"https:\/\/naturalezayarte.thefanworld.com\/wp-content\/uploads\/swiming-pond.jpg 400w,https:\/\/naturalezayarte.thefanworld.com\/wp-content\/uploads\/swiming-pond.jpg 2x\" srcset=\"data:image\/gif;base64,R0lGODlhAQABAIAAAP\/\/\/\/\/\/\/yH5BAEKAAEALAAAAAABAAEAAAICTAEAOw==\" \/><\/div><\/a><\/div><\/div><\/div><\/div><noscript><img src=\"https:\/\/naturalezayarte.thefanworld.com\/wp-content\/uploads\/biopool.jpg\" alt=\"\" \/><img src=\"https:\/\/naturalezayarte.thefanworld.com\/wp-content\/uploads\/biopool-ibiza-bio-piscina-ibiza-767x1024.jpg\" alt=\"\" \/><img src=\"https:\/\/naturalezayarte.thefanworld.com\/wp-content\/uploads\/IMG_4004-1024x768.jpg\" alt=\"\" \/><img src=\"https:\/\/naturalezayarte.thefanworld.com\/wp-content\/uploads\/P1020529.jpg\" alt=\"\" \/><img src=\"https:\/\/naturalezayarte.thefanworld.com\/wp-content\/uploads\/piscina-biologica-naturalezayarte-paisajismo-ibiza-genova-plaingreen-naturpool-biopiscine-piscina-natural-biopiscina.jpg\" alt=\"\" \/><img src=\"https:\/\/naturalezayarte.thefanworld.com\/wp-content\/uploads\/piscina-biologica-zona-regeneracion-naturalezayarte-ibiza-genova-plaingreen-naturpool-biopiscine-768x1024.jpg\" alt=\"\" \/><img src=\"https:\/\/naturalezayarte.thefanworld.com\/wp-content\/uploads\/Piscina-naturalizada-iluminada-Santa-Gertrudis-Ibiza.jpg\" alt=\"\" \/><img src=\"https:\/\/naturalezayarte.thefanworld.com\/wp-content\/uploads\/swiming-pond.jpg\" alt=\"\" \/><\/noscript><\/p>","protected":false},"excerpt":{"rendered":"<p>&nbsp; PISCINA NATURALIZADA \/ LAGO DE BA\u00d1O Somos especialistas en el dise\u00f1o e implementaci\u00f3n de piscinas con tratamiento del agua puramente biol\u00f3gico seg\u00fan las reglas del Grupo Ib\u00e9rico de Aguas de Ba\u00f1o Naturalizadas GIABN y International Organization for natural bathing waters (IOB) \u201cEn la Pen\u00ednsula Ib\u00e9rica y en conformidad con las definiciones de otros pa\u00edses [&hellip;]<\/p>\n","protected":false},"author":1,"featured_media":0,"parent":0,"menu_order":0,"comment_status":"closed","ping_status":"closed","template":"","meta":[],"_links":{"self":[{"href":"https:\/\/naturalezayarte.thefanworld.com\/es\/wp-json\/wp\/v2\/pages\/15714"}],"collection":[{"href":"https:\/\/naturalezayarte.thefanworld.com\/es\/wp-json\/wp\/v2\/pages"}],"about":[{"href":"https:\/\/naturalezayarte.thefanworld.com\/es\/wp-json\/wp\/v2\/types\/page"}],"author":[{"embeddable":true,"href":"https:\/\/naturalezayarte.thefanworld.com\/es\/wp-json\/wp\/v2\/users\/1"}],"replies":[{"embeddable":true,"href":"https:\/\/naturalezayarte.thefanworld.com\/es\/wp-json\/wp\/v2\/comments?post=15714"}],"version-history":[{"count":3,"href":"https:\/\/naturalezayarte.thefanworld.com\/es\/wp-json\/wp\/v2\/pages\/15714\/revisions"}],"predecessor-version":[{"id":15906,"href":"https:\/\/naturalezayarte.thefanworld.com\/es\/wp-json\/wp\/v2\/pages\/15714\/revisions\/15906"}],"wp:attachment":[{"href":"https:\/\/naturalezayarte.thefanworld.com\/es\/wp-json\/wp\/v2\/media?parent=15714"}],"curies":[{"name":"wp","href":"https:\/\/api.w.org\/{rel}","templated":true}]}}