{"id":15737,"date":"2019-05-13T11:04:36","date_gmt":"2019-05-13T09:04:36","guid":{"rendered":"http:\/\/naturalezayarte.thefanworld.com\/?page_id=15737"},"modified":"2019-11-12T12:49:15","modified_gmt":"2019-11-12T11:49:15","slug":"garden-architecture","status":"publish","type":"page","link":"https:\/\/naturalezayarte.thefanworld.com\/es\/garden-architecture\/","title":{"rendered":"Paisajismo"},"content":{"rendered":"<p><\/p>\n<article id=\"post-147\" class=\"post\">La Arquitectura de Paisaje es una disciplina integral e integradora que se ocupa de la planeaci\u00f3n, dise\u00f1o y construcci\u00f3n de los espacios abiertos como parte del sistema natural y humano desde una perspectiva ambientalmente responsable, socialmente incluyente y culturalmente significativaEl\u00a0<b>paisajismo<\/b>\u00a0es el arte de dise\u00f1ar\u00a0jardines\u00a0y\u00a0parques. Tambi\u00e9n puede definirse como paisajismo el proceso racional por el cual el hombre utiliza la naturaleza como herramienta para expresarse al mismo tiempo de obtener otros beneficios. Se trata de un concepto que engloba en peque\u00f1as proporciones partes de m\u00faltiples disciplinas tales como\u00a0agronom\u00eda,\u00a0arquitectura,\u00a0sociolog\u00eda,\u00a0ecolog\u00eda,\u00a0arte,etc., para tratar los espacios teniendo en cuenta tanto el volumen de este como el factor tiempo, ya que se trabaja con seres vivos y estos tienen procesos.El\u00a0paisaje\u00a0est\u00e1 tan arraigado a nosotros que forma parte de nuestra historia y de nuestra cultura. La necesidad de las personas de volcarse a ella es cada vez mayor, ya sea por controlar la\u00a0contaminaci\u00f3n, como efecto desestresante en contraste con las grises y aceleradas urbes, como recreaci\u00f3n, o bien para tratar de conservar la belleza y la diversidad existentes. Ya no se trata solo de contemplar, sino tambi\u00e9n de experimentar y vivir en forma sana y equilibrada.Planificaci\u00f3n, creatividad, organizaci\u00f3n, imaginaci\u00f3n\u2026 son los medios por los que se manifiesta el paisajismo.<\/p>\n<p>&nbsp;<\/p>\n<\/article>\n<p><\/p>","protected":false},"excerpt":{"rendered":"<p>La Arquitectura de Paisaje es una disciplina integral e integradora que se ocupa de la planeaci\u00f3n, dise\u00f1o y construcci\u00f3n de los espacios abiertos como parte del sistema natural y humano desde una perspectiva ambientalmente responsable, socialmente incluyente y culturalmente significativaEl\u00a0paisajismo\u00a0es el arte de dise\u00f1ar\u00a0jardines\u00a0y\u00a0parques. Tambi\u00e9n puede definirse como paisajismo el proceso racional por el cual [&hellip;]<\/p>\n","protected":false},"author":1,"featured_media":0,"parent":0,"menu_order":0,"comment_status":"closed","ping_status":"closed","template":"","meta":[],"_links":{"self":[{"href":"https:\/\/naturalezayarte.thefanworld.com\/es\/wp-json\/wp\/v2\/pages\/15737"}],"collection":[{"href":"https:\/\/naturalezayarte.thefanworld.com\/es\/wp-json\/wp\/v2\/pages"}],"about":[{"href":"https:\/\/naturalezayarte.thefanworld.com\/es\/wp-json\/wp\/v2\/types\/page"}],"author":[{"embeddable":true,"href":"https:\/\/naturalezayarte.thefanworld.com\/es\/wp-json\/wp\/v2\/users\/1"}],"replies":[{"embeddable":true,"href":"https:\/\/naturalezayarte.thefanworld.com\/es\/wp-json\/wp\/v2\/comments?post=15737"}],"version-history":[{"count":4,"href":"https:\/\/naturalezayarte.thefanworld.com\/es\/wp-json\/wp\/v2\/pages\/15737\/revisions"}],"predecessor-version":[{"id":15914,"href":"https:\/\/naturalezayarte.thefanworld.com\/es\/wp-json\/wp\/v2\/pages\/15737\/revisions\/15914"}],"wp:attachment":[{"href":"https:\/\/naturalezayarte.thefanworld.com\/es\/wp-json\/wp\/v2\/media?parent=15737"}],"curies":[{"name":"wp","href":"https:\/\/api.w.org\/{rel}","templated":true}]}}