{"id":15812,"date":"2019-05-14T10:16:04","date_gmt":"2019-05-14T08:16:04","guid":{"rendered":"http:\/\/naturalezayarte.thefanworld.com\/?page_id=15812"},"modified":"2019-05-14T10:57:13","modified_gmt":"2019-05-14T08:57:13","slug":"swimming-pond-gran-canaria","status":"publish","type":"page","link":"https:\/\/naturalezayarte.thefanworld.com\/es\/swimming-pond-gran-canaria\/","title":{"rendered":"Lago de ba\u00f1o, Gran Canaria"},"content":{"rendered":"<p>Lago de ba\u00f1o en Gran Canarias<\/p>\n<p>Dise\u00f1o y Concepto filtraci\u00f3n biol\u00f3gica: Stefan Meier, Arquitecto Paisajista, naturaleza y arte<\/p>\n<p>Ayudo con la construcci\u00f3n Zweibau S.L.<\/p>\n<p>Construcci\u00f3n: Propietario<\/p>\n<p><div id=\"envira-gallery-wrap-15840\" class=\"envira-gallery-wrap envira-gallery-theme-base envira-lightbox-theme-base\" itemscope itemtype=\"https:\/\/schema.org\/ImageGallery\"><div style=\"opacity: 0.0\"  data-row-height=\"150\" data-gallery-theme=\"normal\" id=\"envira-gallery-15840\" class=\"envira-gallery-public envira-gallery-justified-public envira-gallery-0-columns envira-clear enviratope envira-gallery-css-animations\" data-envira-columns=\"0\"><div id=\"envira-gallery-item-15841\" class=\"envira-gallery-item enviratope-item envira-gallery-item-1 envira-lazy-load\" style=\"padding-left: 5px; padding-bottom: 10px; padding-right: 5px;\"  itemscope itemtype=\"https:\/\/schema.org\/ImageObject\"><div class=\"envira-gallery-item-inner\"><div class=\"envira-gallery-position-overlay  envira-gallery-top-left\"><\/div><div class=\"envira-gallery-position-overlay  envira-gallery-top-right\"><\/div><div class=\"envira-gallery-position-overlay  envira-gallery-bottom-left\"><\/div><div class=\"envira-gallery-position-overlay  envira-gallery-bottom-right\"><\/div><a href=\"http:\/\/naturalezayarte.thefanworld.com\/wp-content\/uploads\/foto-3.jpg\" class=\"envira-gallery-15840 envira-gallery-link\" rel=\"enviragallery15840\" title=\"foto-3\" data-envira-caption=\"foto-3\" data-envira-retina=\"\" data-thumbnail=\"\"  itemprop=\"contentUrl\"><img id=\"envira-gallery-image-15841\" class=\"envira-gallery-image envira-gallery-image-1 envira-normal envira-lazy\" data-envira-index=\"1\" src=\"https:\/\/naturalezayarte.thefanworld.com\/wp-content\/uploads\/foto-3.jpg\" data-envira-src=\"https:\/\/naturalezayarte.thefanworld.com\/wp-content\/uploads\/foto-3.jpg\" data-envira-gallery-id=\"15840\" data-envira-item-id=\"15841\" data-envira-caption=\"foto-3\" alt=\"\" title=\"foto-3\"  itemprop=\"thumbnailUrl\" data-envira-srcset=\"https:\/\/naturalezayarte.thefanworld.com\/wp-content\/uploads\/foto-3.jpg 400w,https:\/\/naturalezayarte.thefanworld.com\/wp-content\/uploads\/foto-3.jpg 2x\" data-envira-width=\"300\" data-envira-height=\"204\" srcset=\"data:image\/gif;base64,R0lGODlhAQABAIAAAP\/\/\/\/\/\/\/yH5BAEKAAEALAAAAAABAAEAAAICTAEAOw==\" data-safe-src=\"data:image\/gif;base64,R0lGODlhAQABAIAAAP\/\/\/\/\/\/\/yH5BAEKAAEALAAAAAABAAEAAAICTAEAOw==\" \/><\/a><\/div><\/div><div id=\"envira-gallery-item-15842\" class=\"envira-gallery-item enviratope-item envira-gallery-item-2 envira-lazy-load\" style=\"padding-left: 5px; padding-bottom: 10px; padding-right: 5px;\"  itemscope itemtype=\"https:\/\/schema.org\/ImageObject\"><div class=\"envira-gallery-item-inner\"><div class=\"envira-gallery-position-overlay  envira-gallery-top-left\"><\/div><div class=\"envira-gallery-position-overlay  envira-gallery-top-right\"><\/div><div class=\"envira-gallery-position-overlay  envira-gallery-bottom-left\"><\/div><div class=\"envira-gallery-position-overlay  envira-gallery-bottom-right\"><\/div><a href=\"http:\/\/naturalezayarte.thefanworld.com\/wp-content\/uploads\/Gran-Canaria-1-1024x768.jpg\" class=\"envira-gallery-15840 envira-gallery-link\" rel=\"enviragallery15840\" title=\"Gran-Canaria-1-1024&amp;#215;768\" data-envira-caption=\"Gran-Canaria-1-1024&amp;#215;768\" data-envira-retina=\"\" data-thumbnail=\"\"  itemprop=\"contentUrl\"><img id=\"envira-gallery-image-15842\" class=\"envira-gallery-image envira-gallery-image-2 envira-normal envira-lazy\" data-envira-index=\"2\" src=\"https:\/\/naturalezayarte.thefanworld.com\/wp-content\/uploads\/Gran-Canaria-1-1024x768-1024x768.jpg\" data-envira-src=\"https:\/\/naturalezayarte.thefanworld.com\/wp-content\/uploads\/Gran-Canaria-1-1024x768-1024x768.jpg\" data-envira-gallery-id=\"15840\" data-envira-item-id=\"15842\" data-envira-caption=\"Gran-Canaria-1-1024&amp;#215;768\" alt=\"\" title=\"Gran-Canaria-1-1024&amp;#215;768\"  itemprop=\"thumbnailUrl\" data-envira-srcset=\"https:\/\/naturalezayarte.thefanworld.com\/wp-content\/uploads\/Gran-Canaria-1-1024x768-1024x768.jpg 400w,https:\/\/naturalezayarte.thefanworld.com\/wp-content\/uploads\/Gran-Canaria-1-1024x768-1024x768.jpg 2x\" data-envira-width=\"300\" data-envira-height=\"225\" srcset=\"data:image\/gif;base64,R0lGODlhAQABAIAAAP\/\/\/\/\/\/\/yH5BAEKAAEALAAAAAABAAEAAAICTAEAOw==\" data-safe-src=\"data:image\/gif;base64,R0lGODlhAQABAIAAAP\/\/\/\/\/\/\/yH5BAEKAAEALAAAAAABAAEAAAICTAEAOw==\" \/><\/a><\/div><\/div><div id=\"envira-gallery-item-15845\" class=\"envira-gallery-item enviratope-item envira-gallery-item-3 envira-lazy-load\" style=\"padding-left: 5px; padding-bottom: 10px; padding-right: 5px;\"  itemscope itemtype=\"https:\/\/schema.org\/ImageObject\"><div class=\"envira-gallery-item-inner\"><div class=\"envira-gallery-position-overlay  envira-gallery-top-left\"><\/div><div class=\"envira-gallery-position-overlay  envira-gallery-top-right\"><\/div><div class=\"envira-gallery-position-overlay  envira-gallery-bottom-left\"><\/div><div class=\"envira-gallery-position-overlay  envira-gallery-bottom-right\"><\/div><a href=\"http:\/\/naturalezayarte.thefanworld.com\/wp-content\/uploads\/Gran-Canaria-3-768x1024-1.jpg\" class=\"envira-gallery-15840 envira-gallery-link\" rel=\"enviragallery15840\" title=\"Gran-Canaria-3-768&amp;#215;1024\" data-envira-caption=\"Gran-Canaria-3-768&amp;#215;1024\" data-envira-retina=\"\" data-thumbnail=\"\"  itemprop=\"contentUrl\"><img id=\"envira-gallery-image-15845\" class=\"envira-gallery-image envira-gallery-image-3 envira-normal envira-lazy\" data-envira-index=\"3\" src=\"https:\/\/naturalezayarte.thefanworld.com\/wp-content\/uploads\/Gran-Canaria-3-768x1024-1-768x1024.jpg\" data-envira-src=\"https:\/\/naturalezayarte.thefanworld.com\/wp-content\/uploads\/Gran-Canaria-3-768x1024-1-768x1024.jpg\" data-envira-gallery-id=\"15840\" data-envira-item-id=\"15845\" data-envira-caption=\"Gran-Canaria-3-768&amp;#215;1024\" alt=\"\" title=\"Gran-Canaria-3-768&amp;#215;1024\"  itemprop=\"thumbnailUrl\" data-envira-srcset=\"https:\/\/naturalezayarte.thefanworld.com\/wp-content\/uploads\/Gran-Canaria-3-768x1024-1-768x1024.jpg 400w,https:\/\/naturalezayarte.thefanworld.com\/wp-content\/uploads\/Gran-Canaria-3-768x1024-1-768x1024.jpg 2x\" data-envira-width=\"225\" data-envira-height=\"300\" srcset=\"data:image\/gif;base64,R0lGODlhAQABAIAAAP\/\/\/\/\/\/\/yH5BAEKAAEALAAAAAABAAEAAAICTAEAOw==\" data-safe-src=\"data:image\/gif;base64,R0lGODlhAQABAIAAAP\/\/\/\/\/\/\/yH5BAEKAAEALAAAAAABAAEAAAICTAEAOw==\" \/><\/a><\/div><\/div><\/div><\/div><noscript><img src=\"https:\/\/naturalezayarte.thefanworld.com\/wp-content\/uploads\/foto-3.jpg\" alt=\"\" \/><img src=\"https:\/\/naturalezayarte.thefanworld.com\/wp-content\/uploads\/Gran-Canaria-1-1024x768.jpg\" alt=\"\" \/><img src=\"https:\/\/naturalezayarte.thefanworld.com\/wp-content\/uploads\/Gran-Canaria-3-768x1024-1.jpg\" alt=\"\" \/><\/noscript><\/p>","protected":false},"excerpt":{"rendered":"<p>Lago de ba\u00f1o en Gran Canarias Dise\u00f1o y Concepto filtraci\u00f3n biol\u00f3gica: Stefan Meier, Arquitecto Paisajista, naturaleza y arte Ayudo con la construcci\u00f3n Zweibau S.L. Construcci\u00f3n: Propietario<\/p>\n","protected":false},"author":1,"featured_media":0,"parent":0,"menu_order":0,"comment_status":"closed","ping_status":"closed","template":"","meta":[],"_links":{"self":[{"href":"https:\/\/naturalezayarte.thefanworld.com\/es\/wp-json\/wp\/v2\/pages\/15812"}],"collection":[{"href":"https:\/\/naturalezayarte.thefanworld.com\/es\/wp-json\/wp\/v2\/pages"}],"about":[{"href":"https:\/\/naturalezayarte.thefanworld.com\/es\/wp-json\/wp\/v2\/types\/page"}],"author":[{"embeddable":true,"href":"https:\/\/naturalezayarte.thefanworld.com\/es\/wp-json\/wp\/v2\/users\/1"}],"replies":[{"embeddable":true,"href":"https:\/\/naturalezayarte.thefanworld.com\/es\/wp-json\/wp\/v2\/comments?post=15812"}],"version-history":[{"count":2,"href":"https:\/\/naturalezayarte.thefanworld.com\/es\/wp-json\/wp\/v2\/pages\/15812\/revisions"}],"predecessor-version":[{"id":15844,"href":"https:\/\/naturalezayarte.thefanworld.com\/es\/wp-json\/wp\/v2\/pages\/15812\/revisions\/15844"}],"wp:attachment":[{"href":"https:\/\/naturalezayarte.thefanworld.com\/es\/wp-json\/wp\/v2\/media?parent=15812"}],"curies":[{"name":"wp","href":"https:\/\/api.w.org\/{rel}","templated":true}]}}