{"id":15818,"date":"2019-05-14T10:24:56","date_gmt":"2019-05-14T08:24:56","guid":{"rendered":"http:\/\/naturalezayarte.thefanworld.com\/?page_id=15818"},"modified":"2019-05-14T10:33:21","modified_gmt":"2019-05-14T08:33:21","slug":"swimming-pond-bb-torricella-bologna-italy","status":"publish","type":"page","link":"https:\/\/naturalezayarte.thefanworld.com\/es\/swimming-pond-bb-torricella-bologna-italy\/","title":{"rendered":"Lago di ba\u00f1o B&#038;B, Torricella, Bologna, Italia"},"content":{"rendered":"<p><img loading=\"lazy\" class=\"alignright wp-image-15668 size-full\" src=\"http:\/\/naturalezayarte.thefanworld.com\/wp-content\/uploads\/17-Juli-Einweihungsfeier-380x380.jpg\" alt=\"\" width=\"380\" height=\"380\" srcset=\"https:\/\/naturalezayarte.thefanworld.com\/wp-content\/uploads\/17-Juli-Einweihungsfeier-380x380.jpg 380w, https:\/\/naturalezayarte.thefanworld.com\/wp-content\/uploads\/17-Juli-Einweihungsfeier-380x380-150x150.jpg 150w, https:\/\/naturalezayarte.thefanworld.com\/wp-content\/uploads\/17-Juli-Einweihungsfeier-380x380-300x300.jpg 300w, https:\/\/naturalezayarte.thefanworld.com\/wp-content\/uploads\/17-Juli-Einweihungsfeier-380x380-100x100.jpg 100w\" sizes=\"(max-width: 380px) 100vw, 380px\" \/><\/p>\n<p>Lago de ba\u00f1o del Bed &amp; Breakfast Torricella, San Giorgio di Piano, en los alrededores de Bologna, Italia.<\/p>\n<p>A\u00f1o de construcci\u00f3n 2009, plantaci\u00f3n primavera 2010<\/p>\n<p>Zona de nadar con plantas decorativas<\/p>\n<p>Zona de regeneraci\u00f3n con aquacultura<\/p>\n<p>Biofiltro de gravas testadas y plantas<\/p>\n<p>Skimmer<\/p>","protected":false},"excerpt":{"rendered":"<p>Lago de ba\u00f1o del Bed &amp; Breakfast Torricella, San Giorgio di Piano, en los alrededores de Bologna, Italia. A\u00f1o de construcci\u00f3n 2009, plantaci\u00f3n primavera 2010 Zona de nadar con plantas decorativas Zona de regeneraci\u00f3n con aquacultura Biofiltro de gravas testadas y plantas Skimmer<\/p>\n","protected":false},"author":1,"featured_media":0,"parent":0,"menu_order":0,"comment_status":"closed","ping_status":"closed","template":"","meta":[],"_links":{"self":[{"href":"https:\/\/naturalezayarte.thefanworld.com\/es\/wp-json\/wp\/v2\/pages\/15818"}],"collection":[{"href":"https:\/\/naturalezayarte.thefanworld.com\/es\/wp-json\/wp\/v2\/pages"}],"about":[{"href":"https:\/\/naturalezayarte.thefanworld.com\/es\/wp-json\/wp\/v2\/types\/page"}],"author":[{"embeddable":true,"href":"https:\/\/naturalezayarte.thefanworld.com\/es\/wp-json\/wp\/v2\/users\/1"}],"replies":[{"embeddable":true,"href":"https:\/\/naturalezayarte.thefanworld.com\/es\/wp-json\/wp\/v2\/comments?post=15818"}],"version-history":[{"count":3,"href":"https:\/\/naturalezayarte.thefanworld.com\/es\/wp-json\/wp\/v2\/pages\/15818\/revisions"}],"predecessor-version":[{"id":15825,"href":"https:\/\/naturalezayarte.thefanworld.com\/es\/wp-json\/wp\/v2\/pages\/15818\/revisions\/15825"}],"wp:attachment":[{"href":"https:\/\/naturalezayarte.thefanworld.com\/es\/wp-json\/wp\/v2\/media?parent=15818"}],"curies":[{"name":"wp","href":"https:\/\/api.w.org\/{rel}","templated":true}]}}