{"id":15714,"date":"2019-05-11T11:50:42","date_gmt":"2019-05-11T09:50:42","guid":{"rendered":"http:\/\/naturalezayarte.thefanworld.com\/?page_id=15714"},"modified":"2019-11-12T12:35:31","modified_gmt":"2019-11-12T11:35:31","slug":"swimming-ponds","status":"publish","type":"page","link":"https:\/\/naturalezayarte.thefanworld.com\/it\/swimming-ponds\/","title":{"rendered":"Biopiscine"},"content":{"rendered":"<p>&nbsp;<\/p>\n<p>BIOPISCINA \/ PISCINA NATURALE<\/p>\n<p>Siamo specializzati nella progettazione e realizzazione di bagni con un trattamento delle acque puramente biologico. Biopiscine e Biolaghi.<\/p>\n<p>I termini biopiscina, piscina biologica e biolago denotano lo stesso principio:<br \/>\nPiscina artificiale con il trattamento puramente biologico dell\u2019 acqua.<\/p>\n<p>Come un lago o un corso d\u2019acqua la Biopiscina \u00e8 purificata da una variet\u00e0 di batteri, microrganismi e piante. Additivi e attrezzature ostili alla vita sono vietati in base agli statuti delle associazioni internazionali di categoria.<br \/>\nL\u2019area per nuotare e la zona di rigenerazione sono di solito separate una dall\u2019altra ma le possibilit\u00e0 creative sono molto ampie, dal laghetto naturale balneabile con giardino acquatico visibile e annesso, fino alla piscina naturale dalle forme classiche in cui il filtro biologico pu\u00f2 anche essere nascosto.<\/p>\n<p>Piscina classica o Biopiscina, disinfezione o depurazione del\u2019acqua.<\/p>\n<p>L\u2019obiettivo comune di entrambe \u00e8 quello di fornire acqua balneabile senza rischio per la salute. Il percorso per ottenere tale risultato \u00e8 molto diverso.<br \/>\nLa piscina classica si basa sulla disinfezione che corrisponde alla distruzione di tutta la vita presente nell\u2019acqua. Con sostanze chimiche aggressive i germi vengono uccisi. La chimica non fa distinzione tra batteri e bagnante e solo il diverso rapporto tra la superficie e il volume attaccato decide che muoiano i batteri e non l\u2019uomo. La pelle secca e gli occhi rossi sono solo alcuni degli effetti collaterali noti. L\u2019acqua cos\u00ec trattata perde la sua qualit\u00e0 vivificante, \u00e8 ostile alla vita e non \u00e8 nemmeno adatta per l\u2019irrigazione del giardino. Le impurit\u00e0 reagiscono al disinfettante diventando spesso composti nocivi che si accumulano e che devono essere diluiti con frequenti cambi d\u2019acqua regolari o svuotamenti.<\/p>\n<p>Il principio della Biopiscina \u00e8 la chiarificazione naturale.<\/p>\n<p>Nell\u2019acqua ricca di ossigeno delle piscine naturali i tipici germi patogeni non possono moltiplicarsi e sono efficacemente eliminati da una variet\u00e0 di sani microrganismi. I contaminanti sono biologicamente decomposti e convertiti in nutrienti, fissati nel biofilm, nel sedimento e\/o nella vegetazione. A seguire le piante possono essere potate, il sedimento aspirato e utilizzato nel giardino come un prezioso fertilizzante. L\u2019acqua aumenta la sua qualit\u00e0, \u00e8 delicata sulla pelle e non ha bisogno di essere cambiata.<br \/>\nIl bagno sar\u00e0 un piacere tutto \u201cbio\u201d per bambini e adulti.<\/p>\n<div id=\"envira-gallery-wrap-15800\" class=\"envira-gallery-wrap envira-gallery-theme-base envira-lightbox-theme-base\" itemscope itemtype=\"https:\/\/schema.org\/ImageGallery\"><div data-row-height=\"\" data-gallery-theme=\"\" id=\"envira-gallery-15800\" class=\"envira-gallery-public  envira-gallery-3-columns envira-clear enviratope envira-gallery-css-animations\" data-envira-columns=\"3\"><div id=\"envira-gallery-item-15801\" class=\"envira-gallery-item enviratope-item envira-gallery-item-1 envira-lazy-load\" style=\"padding-left: 5px; padding-bottom: 10px; padding-right: 5px;\"  itemscope itemtype=\"https:\/\/schema.org\/ImageObject\"><div class=\"envira-gallery-item-inner\"><div class=\"envira-gallery-position-overlay  envira-gallery-top-left\"><\/div><div class=\"envira-gallery-position-overlay  envira-gallery-top-right\"><\/div><div class=\"envira-gallery-position-overlay  envira-gallery-bottom-left\"><\/div><div class=\"envira-gallery-position-overlay  envira-gallery-bottom-right\"><\/div><a href=\"http:\/\/naturalezayarte.thefanworld.com\/wp-content\/uploads\/biopool.jpg\" class=\"envira-gallery-15800 envira-gallery-link\" rel=\"enviragallery15800\" title=\"Piscina naturalizada Ibiza, zona de regeneracion, naturalezayart\" data-envira-caption=\"Piscina naturalizada Ibiza, zona de regeneracion, naturalezayart\" data-envira-retina=\"\" data-thumbnail=\"\"  itemprop=\"contentUrl\"><div class=\"envira-lazy\" data-test-width=\"640\" data-test-height=\"480\" style=\"padding-bottom:75%;\"><img id=\"envira-gallery-image-15801\" class=\"envira-gallery-image envira-gallery-image-1\" data-envira-index=\"1\" src=\"https:\/\/naturalezayarte.thefanworld.com\/wp-content\/uploads\/biopool.jpg\" data-envira-src=\"https:\/\/naturalezayarte.thefanworld.com\/wp-content\/uploads\/biopool.jpg\" data-envira-gallery-id=\"15800\" data-envira-item-id=\"15801\" data-envira-caption=\"Piscina naturalizada Ibiza, zona de regeneracion, naturalezayart\" alt=\"\" title=\"Piscina naturalizada Ibiza, zona de regeneracion, naturalezayart\"  itemprop=\"thumbnailUrl\" data-envira-srcset=\"https:\/\/naturalezayarte.thefanworld.com\/wp-content\/uploads\/biopool.jpg 400w,https:\/\/naturalezayarte.thefanworld.com\/wp-content\/uploads\/biopool.jpg 2x\" srcset=\"data:image\/gif;base64,R0lGODlhAQABAIAAAP\/\/\/\/\/\/\/yH5BAEKAAEALAAAAAABAAEAAAICTAEAOw==\" \/><\/div><\/a><\/div><\/div><div id=\"envira-gallery-item-15802\" class=\"envira-gallery-item enviratope-item envira-gallery-item-2 envira-lazy-load\" style=\"padding-left: 5px; padding-bottom: 10px; padding-right: 5px;\"  itemscope itemtype=\"https:\/\/schema.org\/ImageObject\"><div class=\"envira-gallery-item-inner\"><div class=\"envira-gallery-position-overlay  envira-gallery-top-left\"><\/div><div class=\"envira-gallery-position-overlay  envira-gallery-top-right\"><\/div><div class=\"envira-gallery-position-overlay  envira-gallery-bottom-left\"><\/div><div class=\"envira-gallery-position-overlay  envira-gallery-bottom-right\"><\/div><a href=\"http:\/\/naturalezayarte.thefanworld.com\/wp-content\/uploads\/biopool-ibiza-bio-piscina-ibiza-767x1024.jpg\" class=\"envira-gallery-15800 envira-gallery-link\" rel=\"enviragallery15800\" title=\"biopool-ibiza-bio-piscina-ibiza-767&amp;#215;1024\" data-envira-caption=\"biopool-ibiza-bio-piscina-ibiza-767&amp;#215;1024\" data-envira-retina=\"\" data-thumbnail=\"\"  itemprop=\"contentUrl\"><div class=\"envira-lazy\" data-test-width=\"640\" data-test-height=\"480\" style=\"padding-bottom:75%;\"><img id=\"envira-gallery-image-15802\" class=\"envira-gallery-image envira-gallery-image-2\" data-envira-index=\"2\" src=\"https:\/\/naturalezayarte.thefanworld.com\/wp-content\/uploads\/biopool-ibiza-bio-piscina-ibiza-767x1024-767x1024.jpg\" data-envira-src=\"https:\/\/naturalezayarte.thefanworld.com\/wp-content\/uploads\/biopool-ibiza-bio-piscina-ibiza-767x1024-767x1024.jpg\" data-envira-gallery-id=\"15800\" data-envira-item-id=\"15802\" data-envira-caption=\"biopool-ibiza-bio-piscina-ibiza-767&amp;#215;1024\" alt=\"\" title=\"biopool-ibiza-bio-piscina-ibiza-767&amp;amp;#215;1024\"  itemprop=\"thumbnailUrl\" data-envira-srcset=\"https:\/\/naturalezayarte.thefanworld.com\/wp-content\/uploads\/biopool-ibiza-bio-piscina-ibiza-767x1024-767x1024.jpg 400w,https:\/\/naturalezayarte.thefanworld.com\/wp-content\/uploads\/biopool-ibiza-bio-piscina-ibiza-767x1024-767x1024.jpg 2x\" srcset=\"data:image\/gif;base64,R0lGODlhAQABAIAAAP\/\/\/\/\/\/\/yH5BAEKAAEALAAAAAABAAEAAAICTAEAOw==\" \/><\/div><\/a><\/div><\/div><div id=\"envira-gallery-item-15803\" class=\"envira-gallery-item enviratope-item envira-gallery-item-3 envira-lazy-load\" style=\"padding-left: 5px; padding-bottom: 10px; padding-right: 5px;\"  itemscope itemtype=\"https:\/\/schema.org\/ImageObject\"><div class=\"envira-gallery-item-inner\"><div class=\"envira-gallery-position-overlay  envira-gallery-top-left\"><\/div><div class=\"envira-gallery-position-overlay  envira-gallery-top-right\"><\/div><div class=\"envira-gallery-position-overlay  envira-gallery-bottom-left\"><\/div><div class=\"envira-gallery-position-overlay  envira-gallery-bottom-right\"><\/div><a href=\"http:\/\/naturalezayarte.thefanworld.com\/wp-content\/uploads\/IMG_4004-1024x768.jpg\" class=\"envira-gallery-15800 envira-gallery-link\" rel=\"enviragallery15800\" title=\"IMG_4004-1024&amp;#215;768\" data-envira-caption=\"IMG_4004-1024&amp;#215;768\" data-envira-retina=\"\" data-thumbnail=\"\"  itemprop=\"contentUrl\"><div class=\"envira-lazy\" data-test-width=\"640\" data-test-height=\"480\" style=\"padding-bottom:75%;\"><img id=\"envira-gallery-image-15803\" class=\"envira-gallery-image envira-gallery-image-3\" data-envira-index=\"3\" src=\"https:\/\/naturalezayarte.thefanworld.com\/wp-content\/uploads\/IMG_4004-1024x768-1024x768.jpg\" data-envira-src=\"https:\/\/naturalezayarte.thefanworld.com\/wp-content\/uploads\/IMG_4004-1024x768-1024x768.jpg\" data-envira-gallery-id=\"15800\" data-envira-item-id=\"15803\" data-envira-caption=\"IMG_4004-1024&amp;#215;768\" alt=\"\" title=\"IMG_4004-1024&amp;amp;#215;768\"  itemprop=\"thumbnailUrl\" data-envira-srcset=\"https:\/\/naturalezayarte.thefanworld.com\/wp-content\/uploads\/IMG_4004-1024x768-1024x768.jpg 400w,https:\/\/naturalezayarte.thefanworld.com\/wp-content\/uploads\/IMG_4004-1024x768-1024x768.jpg 2x\" srcset=\"data:image\/gif;base64,R0lGODlhAQABAIAAAP\/\/\/\/\/\/\/yH5BAEKAAEALAAAAAABAAEAAAICTAEAOw==\" \/><\/div><\/a><\/div><\/div><div id=\"envira-gallery-item-15804\" class=\"envira-gallery-item enviratope-item envira-gallery-item-4 envira-lazy-load\" style=\"padding-left: 5px; padding-bottom: 10px; padding-right: 5px;\"  itemscope itemtype=\"https:\/\/schema.org\/ImageObject\"><div class=\"envira-gallery-item-inner\"><div class=\"envira-gallery-position-overlay  envira-gallery-top-left\"><\/div><div class=\"envira-gallery-position-overlay  envira-gallery-top-right\"><\/div><div class=\"envira-gallery-position-overlay  envira-gallery-bottom-left\"><\/div><div class=\"envira-gallery-position-overlay  envira-gallery-bottom-right\"><\/div><a href=\"http:\/\/naturalezayarte.thefanworld.com\/wp-content\/uploads\/P1020529.jpg\" class=\"envira-gallery-15800 envira-gallery-link\" rel=\"enviragallery15800\" title=\"P1020529\" data-envira-caption=\"P1020529\" data-envira-retina=\"\" data-thumbnail=\"\"  itemprop=\"contentUrl\"><div class=\"envira-lazy\" data-test-width=\"640\" data-test-height=\"480\" style=\"padding-bottom:75%;\"><img id=\"envira-gallery-image-15804\" class=\"envira-gallery-image envira-gallery-image-4\" data-envira-index=\"4\" src=\"https:\/\/naturalezayarte.thefanworld.com\/wp-content\/uploads\/P1020529.jpg\" data-envira-src=\"https:\/\/naturalezayarte.thefanworld.com\/wp-content\/uploads\/P1020529.jpg\" data-envira-gallery-id=\"15800\" data-envira-item-id=\"15804\" data-envira-caption=\"P1020529\" alt=\"\" title=\"P1020529\"  itemprop=\"thumbnailUrl\" data-envira-srcset=\"https:\/\/naturalezayarte.thefanworld.com\/wp-content\/uploads\/P1020529.jpg 400w,https:\/\/naturalezayarte.thefanworld.com\/wp-content\/uploads\/P1020529.jpg 2x\" srcset=\"data:image\/gif;base64,R0lGODlhAQABAIAAAP\/\/\/\/\/\/\/yH5BAEKAAEALAAAAAABAAEAAAICTAEAOw==\" \/><\/div><\/a><\/div><\/div><div id=\"envira-gallery-item-15805\" class=\"envira-gallery-item enviratope-item envira-gallery-item-5 envira-lazy-load\" style=\"padding-left: 5px; padding-bottom: 10px; padding-right: 5px;\"  itemscope itemtype=\"https:\/\/schema.org\/ImageObject\"><div class=\"envira-gallery-item-inner\"><div class=\"envira-gallery-position-overlay  envira-gallery-top-left\"><\/div><div class=\"envira-gallery-position-overlay  envira-gallery-top-right\"><\/div><div class=\"envira-gallery-position-overlay  envira-gallery-bottom-left\"><\/div><div class=\"envira-gallery-position-overlay  envira-gallery-bottom-right\"><\/div><a href=\"http:\/\/naturalezayarte.thefanworld.com\/wp-content\/uploads\/piscina-biologica-naturalezayarte-paisajismo-ibiza-genova-plaingreen-naturpool-biopiscine-piscina-natural-biopiscina.jpg\" class=\"envira-gallery-15800 envira-gallery-link\" rel=\"enviragallery15800\" title=\"OLYMPUS DIGITAL CAMERA\" data-envira-caption=\"OLYMPUS DIGITAL CAMERA\" data-envira-retina=\"\" data-thumbnail=\"\"  itemprop=\"contentUrl\"><div class=\"envira-lazy\" data-test-width=\"640\" data-test-height=\"480\" style=\"padding-bottom:75%;\"><img id=\"envira-gallery-image-15805\" class=\"envira-gallery-image envira-gallery-image-5\" data-envira-index=\"5\" src=\"https:\/\/naturalezayarte.thefanworld.com\/wp-content\/uploads\/piscina-biologica-naturalezayarte-paisajismo-ibiza-genova-plaingreen-naturpool-biopiscine-piscina-natural-biopiscina.jpg\" data-envira-src=\"https:\/\/naturalezayarte.thefanworld.com\/wp-content\/uploads\/piscina-biologica-naturalezayarte-paisajismo-ibiza-genova-plaingreen-naturpool-biopiscine-piscina-natural-biopiscina.jpg\" data-envira-gallery-id=\"15800\" data-envira-item-id=\"15805\" data-envira-caption=\"OLYMPUS DIGITAL CAMERA\" alt=\"\" title=\"OLYMPUS DIGITAL CAMERA\"  itemprop=\"thumbnailUrl\" data-envira-srcset=\"https:\/\/naturalezayarte.thefanworld.com\/wp-content\/uploads\/piscina-biologica-naturalezayarte-paisajismo-ibiza-genova-plaingreen-naturpool-biopiscine-piscina-natural-biopiscina.jpg 400w,https:\/\/naturalezayarte.thefanworld.com\/wp-content\/uploads\/piscina-biologica-naturalezayarte-paisajismo-ibiza-genova-plaingreen-naturpool-biopiscine-piscina-natural-biopiscina.jpg 2x\" srcset=\"data:image\/gif;base64,R0lGODlhAQABAIAAAP\/\/\/\/\/\/\/yH5BAEKAAEALAAAAAABAAEAAAICTAEAOw==\" \/><\/div><\/a><\/div><\/div><div id=\"envira-gallery-item-15806\" class=\"envira-gallery-item enviratope-item envira-gallery-item-6 envira-lazy-load\" style=\"padding-left: 5px; padding-bottom: 10px; padding-right: 5px;\"  itemscope itemtype=\"https:\/\/schema.org\/ImageObject\"><div class=\"envira-gallery-item-inner\"><div class=\"envira-gallery-position-overlay  envira-gallery-top-left\"><\/div><div class=\"envira-gallery-position-overlay  envira-gallery-top-right\"><\/div><div class=\"envira-gallery-position-overlay  envira-gallery-bottom-left\"><\/div><div class=\"envira-gallery-position-overlay  envira-gallery-bottom-right\"><\/div><a href=\"http:\/\/naturalezayarte.thefanworld.com\/wp-content\/uploads\/piscina-biologica-zona-regeneracion-naturalezayarte-ibiza-genova-plaingreen-naturpool-biopiscine-768x1024.jpg\" class=\"envira-gallery-15800 envira-gallery-link\" rel=\"enviragallery15800\" title=\"piscina-biologica-zona-regeneracion-naturalezayarte-ibiza-genova-plaingreen-naturpool-biopiscine-768&amp;#215;1024\" data-envira-caption=\"piscina-biologica-zona-regeneracion-naturalezayarte-ibiza-genova-plaingreen-naturpool-biopiscine-768&amp;#215;1024\" data-envira-retina=\"\" data-thumbnail=\"\"  itemprop=\"contentUrl\"><div class=\"envira-lazy\" data-test-width=\"640\" data-test-height=\"480\" style=\"padding-bottom:75%;\"><img id=\"envira-gallery-image-15806\" class=\"envira-gallery-image envira-gallery-image-6\" data-envira-index=\"6\" src=\"https:\/\/naturalezayarte.thefanworld.com\/wp-content\/uploads\/piscina-biologica-zona-regeneracion-naturalezayarte-ibiza-genova-plaingreen-naturpool-biopiscine-768x1024.jpg\" data-envira-src=\"https:\/\/naturalezayarte.thefanworld.com\/wp-content\/uploads\/piscina-biologica-zona-regeneracion-naturalezayarte-ibiza-genova-plaingreen-naturpool-biopiscine-768x1024.jpg\" data-envira-gallery-id=\"15800\" data-envira-item-id=\"15806\" data-envira-caption=\"piscina-biologica-zona-regeneracion-naturalezayarte-ibiza-genova-plaingreen-naturpool-biopiscine-768&amp;#215;1024\" alt=\"\" title=\"piscina-biologica-zona-regeneracion-naturalezayarte-ibiza-genova-plaingreen-naturpool-biopiscine-768&amp;amp;#215;1024\"  itemprop=\"thumbnailUrl\" data-envira-srcset=\"https:\/\/naturalezayarte.thefanworld.com\/wp-content\/uploads\/piscina-biologica-zona-regeneracion-naturalezayarte-ibiza-genova-plaingreen-naturpool-biopiscine-768x1024.jpg 400w,https:\/\/naturalezayarte.thefanworld.com\/wp-content\/uploads\/piscina-biologica-zona-regeneracion-naturalezayarte-ibiza-genova-plaingreen-naturpool-biopiscine-768x1024.jpg 2x\" srcset=\"data:image\/gif;base64,R0lGODlhAQABAIAAAP\/\/\/\/\/\/\/yH5BAEKAAEALAAAAAABAAEAAAICTAEAOw==\" \/><\/div><\/a><\/div><\/div><div id=\"envira-gallery-item-15807\" class=\"envira-gallery-item enviratope-item envira-gallery-item-7 envira-lazy-load\" style=\"padding-left: 5px; padding-bottom: 10px; padding-right: 5px;\"  itemscope itemtype=\"https:\/\/schema.org\/ImageObject\"><div class=\"envira-gallery-item-inner\"><div class=\"envira-gallery-position-overlay  envira-gallery-top-left\"><\/div><div class=\"envira-gallery-position-overlay  envira-gallery-top-right\"><\/div><div class=\"envira-gallery-position-overlay  envira-gallery-bottom-left\"><\/div><div class=\"envira-gallery-position-overlay  envira-gallery-bottom-right\"><\/div><a href=\"http:\/\/naturalezayarte.thefanworld.com\/wp-content\/uploads\/Piscina-naturalizada-iluminada-Santa-Gertrudis-Ibiza.jpg\" class=\"envira-gallery-15800 envira-gallery-link\" rel=\"enviragallery15800\" title=\"piscina-biologica-naturpool-biopiscina-ibiza-naturalezayarte-gen\" data-envira-caption=\"piscina-biologica-naturpool-biopiscina-ibiza-naturalezayarte-gen\" data-envira-retina=\"\" data-thumbnail=\"\"  itemprop=\"contentUrl\"><div class=\"envira-lazy\" data-test-width=\"640\" data-test-height=\"480\" style=\"padding-bottom:75%;\"><img id=\"envira-gallery-image-15807\" class=\"envira-gallery-image envira-gallery-image-7\" data-envira-index=\"7\" src=\"https:\/\/naturalezayarte.thefanworld.com\/wp-content\/uploads\/Piscina-naturalizada-iluminada-Santa-Gertrudis-Ibiza.jpg\" data-envira-src=\"https:\/\/naturalezayarte.thefanworld.com\/wp-content\/uploads\/Piscina-naturalizada-iluminada-Santa-Gertrudis-Ibiza.jpg\" data-envira-gallery-id=\"15800\" data-envira-item-id=\"15807\" data-envira-caption=\"piscina-biologica-naturpool-biopiscina-ibiza-naturalezayarte-gen\" alt=\"\" title=\"piscina-biologica-naturpool-biopiscina-ibiza-naturalezayarte-gen\"  itemprop=\"thumbnailUrl\" data-envira-srcset=\"https:\/\/naturalezayarte.thefanworld.com\/wp-content\/uploads\/Piscina-naturalizada-iluminada-Santa-Gertrudis-Ibiza.jpg 400w,https:\/\/naturalezayarte.thefanworld.com\/wp-content\/uploads\/Piscina-naturalizada-iluminada-Santa-Gertrudis-Ibiza.jpg 2x\" srcset=\"data:image\/gif;base64,R0lGODlhAQABAIAAAP\/\/\/\/\/\/\/yH5BAEKAAEALAAAAAABAAEAAAICTAEAOw==\" \/><\/div><\/a><\/div><\/div><div id=\"envira-gallery-item-15808\" class=\"envira-gallery-item enviratope-item envira-gallery-item-8 envira-lazy-load\" style=\"padding-left: 5px; padding-bottom: 10px; padding-right: 5px;\"  itemscope itemtype=\"https:\/\/schema.org\/ImageObject\"><div class=\"envira-gallery-item-inner\"><div class=\"envira-gallery-position-overlay  envira-gallery-top-left\"><\/div><div class=\"envira-gallery-position-overlay  envira-gallery-top-right\"><\/div><div class=\"envira-gallery-position-overlay  envira-gallery-bottom-left\"><\/div><div class=\"envira-gallery-position-overlay  envira-gallery-bottom-right\"><\/div><a href=\"http:\/\/naturalezayarte.thefanworld.com\/wp-content\/uploads\/swiming-pond.jpg\" class=\"envira-gallery-15800 envira-gallery-link\" rel=\"enviragallery15800\" title=\"swiming-pond\" data-envira-caption=\"swiming-pond\" data-envira-retina=\"\" data-thumbnail=\"\"  itemprop=\"contentUrl\"><div class=\"envira-lazy\" data-test-width=\"640\" data-test-height=\"480\" style=\"padding-bottom:75%;\"><img id=\"envira-gallery-image-15808\" class=\"envira-gallery-image envira-gallery-image-8\" data-envira-index=\"8\" src=\"https:\/\/naturalezayarte.thefanworld.com\/wp-content\/uploads\/swiming-pond.jpg\" data-envira-src=\"https:\/\/naturalezayarte.thefanworld.com\/wp-content\/uploads\/swiming-pond.jpg\" data-envira-gallery-id=\"15800\" data-envira-item-id=\"15808\" data-envira-caption=\"swiming-pond\" alt=\"\" title=\"swiming-pond\"  itemprop=\"thumbnailUrl\" data-envira-srcset=\"https:\/\/naturalezayarte.thefanworld.com\/wp-content\/uploads\/swiming-pond.jpg 400w,https:\/\/naturalezayarte.thefanworld.com\/wp-content\/uploads\/swiming-pond.jpg 2x\" srcset=\"data:image\/gif;base64,R0lGODlhAQABAIAAAP\/\/\/\/\/\/\/yH5BAEKAAEALAAAAAABAAEAAAICTAEAOw==\" \/><\/div><\/a><\/div><\/div><\/div><\/div><noscript><img src=\"https:\/\/naturalezayarte.thefanworld.com\/wp-content\/uploads\/biopool.jpg\" alt=\"\" \/><img src=\"https:\/\/naturalezayarte.thefanworld.com\/wp-content\/uploads\/biopool-ibiza-bio-piscina-ibiza-767x1024.jpg\" alt=\"\" \/><img src=\"https:\/\/naturalezayarte.thefanworld.com\/wp-content\/uploads\/IMG_4004-1024x768.jpg\" alt=\"\" \/><img src=\"https:\/\/naturalezayarte.thefanworld.com\/wp-content\/uploads\/P1020529.jpg\" alt=\"\" \/><img src=\"https:\/\/naturalezayarte.thefanworld.com\/wp-content\/uploads\/piscina-biologica-naturalezayarte-paisajismo-ibiza-genova-plaingreen-naturpool-biopiscine-piscina-natural-biopiscina.jpg\" alt=\"\" \/><img src=\"https:\/\/naturalezayarte.thefanworld.com\/wp-content\/uploads\/piscina-biologica-zona-regeneracion-naturalezayarte-ibiza-genova-plaingreen-naturpool-biopiscine-768x1024.jpg\" alt=\"\" \/><img src=\"https:\/\/naturalezayarte.thefanworld.com\/wp-content\/uploads\/Piscina-naturalizada-iluminada-Santa-Gertrudis-Ibiza.jpg\" alt=\"\" \/><img src=\"https:\/\/naturalezayarte.thefanworld.com\/wp-content\/uploads\/swiming-pond.jpg\" alt=\"\" \/><\/noscript>\n<p>&nbsp;<\/p>\n<p>&nbsp;<\/p>\n<p>&nbsp;<\/p>\n<p>&nbsp;<\/p>","protected":false},"excerpt":{"rendered":"<p>&nbsp; BIOPISCINA \/ PISCINA NATURALE Siamo specializzati nella progettazione e realizzazione di bagni con un trattamento delle acque puramente biologico. Biopiscine e Biolaghi. I termini biopiscina, piscina biologica e biolago denotano lo stesso principio: Piscina artificiale con il trattamento puramente biologico dell\u2019 acqua. Come un lago o un corso d\u2019acqua la Biopiscina \u00e8 purificata da [&hellip;]<\/p>\n","protected":false},"author":1,"featured_media":0,"parent":0,"menu_order":0,"comment_status":"closed","ping_status":"closed","template":"","meta":[],"_links":{"self":[{"href":"https:\/\/naturalezayarte.thefanworld.com\/it\/wp-json\/wp\/v2\/pages\/15714"}],"collection":[{"href":"https:\/\/naturalezayarte.thefanworld.com\/it\/wp-json\/wp\/v2\/pages"}],"about":[{"href":"https:\/\/naturalezayarte.thefanworld.com\/it\/wp-json\/wp\/v2\/types\/page"}],"author":[{"embeddable":true,"href":"https:\/\/naturalezayarte.thefanworld.com\/it\/wp-json\/wp\/v2\/users\/1"}],"replies":[{"embeddable":true,"href":"https:\/\/naturalezayarte.thefanworld.com\/it\/wp-json\/wp\/v2\/comments?post=15714"}],"version-history":[{"count":3,"href":"https:\/\/naturalezayarte.thefanworld.com\/it\/wp-json\/wp\/v2\/pages\/15714\/revisions"}],"predecessor-version":[{"id":15906,"href":"https:\/\/naturalezayarte.thefanworld.com\/it\/wp-json\/wp\/v2\/pages\/15714\/revisions\/15906"}],"wp:attachment":[{"href":"https:\/\/naturalezayarte.thefanworld.com\/it\/wp-json\/wp\/v2\/media?parent=15714"}],"curies":[{"name":"wp","href":"https:\/\/api.w.org\/{rel}","templated":true}]}}